{"id":13394,"date":"2022-12-19T23:57:25","date_gmt":"2022-12-20T04:57:25","guid":{"rendered":"https:\/\/www.arc-hss.ca\/?page_id=13394"},"modified":"2024-08-21T08:25:44","modified_gmt":"2024-08-21T12:25:44","slug":"projet-de-mcgill-sur-la-formation-et-le-maintien-en-poste-des-professionnels-de-la-sante","status":"publish","type":"page","link":"https:\/\/arc-hss.ca\/fr\/projet-de-mcgill-sur-la-formation-et-le-maintien-en-poste-des-professionnels-de-la-sante\/","title":{"rendered":"Projet de McGill sur la formation et le maintien en poste des professionnels de la sant\u00e9"},"content":{"rendered":"<p><div class=\"fusion-fullwidth fullwidth-box fusion-builder-row-1 nonhundred-percent-fullwidth non-hundred-percent-height-scrolling\" style=\"--awb-border-radius-top-left:0px;--awb-border-radius-top-right:0px;--awb-border-radius-bottom-right:0px;--awb-border-radius-bottom-left:0px;--awb-margin-bottom:50px;--awb-flex-wrap:wrap;\" ><div class=\"fusion-builder-row fusion-row\"><div class=\"fusion-layout-column fusion_builder_column fusion-builder-column-0 fusion_builder_column_1_2 1_2 fusion-one-half fusion-column-first\" style=\"--awb-bg-size:cover;width:50%;width:calc(50% - ( ( 4% ) * 0.5 ) );margin-right: 4%;\"><div class=\"fusion-column-wrapper fusion-column-has-shadow fusion-flex-column-wrapper-legacy\"><div class=\"fusion-text fusion-text-1\"><p>Le but de ce programme est d\u2019augmenter le nombre d\u2019anglophones (ou de personnes bilingues) vivant en Mont\u00e9r\u00e9gie qui choisissent une carri\u00e8re dans le secteur de la sant\u00e9 et des services sociaux.<\/p>\n<p>Pour ce faire, nous collaborons avec le CISSS Mont\u00e9r\u00e9gie-Centre, les \u00e9tablissements postsecondaires et les \u00e9coles secondaires afin de promouvoir les options de carri\u00e8re dans le secteur de la sant\u00e9 et des services sociaux. Nous proposons des vid\u00e9os sur les diff\u00e9rents choix de carri\u00e8re, faisons des pr\u00e9sentations et ateliers dans les \u00e9coles, pr\u00e9parons de la documentation sur les carri\u00e8res en sant\u00e9 et organisons des activit\u00e9s pour aider les \u00e9tudiants \u00e0 trouver leur voie, \u00e0 choisir un programme d\u2019\u00e9tudes et, finalement, \u00e0 travailler en Mont\u00e9r\u00e9gie, r\u00e9pondant ainsi \u00e0 un grand besoin de services de sant\u00e9 en anglais.<\/p>\n<p>Si vous aimez aider les autres, acqu\u00e9rir de nouvelles comp\u00e9tences et vous tenir au courant de l&rsquo;\u00e9volution des tendances, des traitements et des d\u00e9couvertes dans le domaine m\u00e9dical, une carri\u00e8re dans le secteur de la sant\u00e9 et des services sociaux est peut-\u00eatre pour vous !<\/p>\n<p>Pourquoi choisir le secteur de la sant\u00e9 et des services sociaux ?<\/p>\n<ul>\n<li>de bonnes conditions de travail<\/li>\n<li>un r\u00e9gime collectif de soins m\u00e9dicaux et dentaires<\/li>\n<li>un r\u00e9gime de retraite<\/li>\n<li>des vacances et des cong\u00e9s de maladie<\/li>\n<li>un travail qui contribue chaque jour \u00e0 am\u00e9liorer \u2013\u00a0et parfois m\u00eame \u00e0 sauver\u00a0\u2013 la vie des gens<\/li>\n<\/ul>\n<p>Vous avez toujours r\u00eav\u00e9 de devenir m\u00e9decin? Vous \u00eates passionn\u00e9 par les soins infirmiers? Vous avez envie de travailler comme th\u00e9rapeute ou dans un laboratoire m\u00e9dical? Si c\u2019est le cas, consultez le Health and Social Services Career Opportunity Catalogue pour d\u00e9couvrir certaines des professions les plus connues dans le domaine de la sant\u00e9, notamment :<\/p>\n<ul>\n<li>M\u00e9decin<\/li>\n<li>Infirmi\u00e8re<\/li>\n<li>Professionnels de la th\u00e9rapie et de l\u2019\u00e9valuation<\/li>\n<li>Technologues et techniciens m\u00e9dicaux<\/li>\n<li>Professionnels de la sant\u00e9 et des services sociaux<\/li>\n<li>Professionnels en cliniques et laboratoires<\/li>\n<li>Professionnels de la pharmacie<\/li>\n<li>Professionnels de la nutrition et de la di\u00e9t\u00e9tique<\/li>\n<\/ul>\n<p>Tenez-vous au courant du programme en nous suivant sur <a href=\"https:\/\/www.facebook.com\/arcyouthservices\/\">Facebook<\/a>:<\/p>\n<ul>\n<li>Promotion des carri\u00e8res dans le secteur de la sant\u00e9 et des services sociaux (par le biais de vid\u00e9os et de documentation)<\/li>\n<li>Sensibilisation aux besoins par profession (statistiques)<\/li>\n<li>Conseils pour trouver des stages<\/li>\n<li>Offres d\u2019emploi au CISSS Mont\u00e9r\u00e9gie-Centre<\/li>\n<li>Et autres informations pertinentes pour les \u00e9tudiants et chercheurs d\u2019emploi<\/li>\n<\/ul>\n<p>Vous ne savez pas si une carri\u00e8re dans le domaine de la sant\u00e9 et des services sociaux vous convient ? <a href=\"https:\/\/www.arc-hss.ca\/wp-content\/uploads\/2020\/07\/RIASEC.pdf\">Faites ce test rapide pour le d\u00e9couvrir<\/a>\u00a0!<\/p>\n<\/div><div class=\"fusion-image-element in-legacy-container\" style=\"--awb-caption-title-font-family:var(--h2_typography-font-family);--awb-caption-title-font-weight:var(--h2_typography-font-weight);--awb-caption-title-font-style:var(--h2_typography-font-style);--awb-caption-title-size:var(--h2_typography-font-size);--awb-caption-title-transform:var(--h2_typography-text-transform);--awb-caption-title-line-height:var(--h2_typography-line-height);--awb-caption-title-letter-spacing:var(--h2_typography-letter-spacing);\"><span class=\" fusion-imageframe imageframe-none imageframe-1 hover-type-none\"><a class=\"fusion-no-lightbox\" href=\"https:\/\/www.facebook.com\/arcyouthservices\" target=\"_self\" aria-label=\"Youth Services FB Header\"><img decoding=\"async\" width=\"820\" height=\"312\" src=\"https:\/\/www.arc-hss.ca\/wp-content\/uploads\/2021\/12\/Youth-Services-FB-Header.png\" alt class=\"img-responsive wp-image-13014\" srcset=\"https:\/\/arc-hss.ca\/wp-content\/uploads\/2021\/12\/Youth-Services-FB-Header-200x76.png 200w, https:\/\/arc-hss.ca\/wp-content\/uploads\/2021\/12\/Youth-Services-FB-Header-400x152.png 400w, https:\/\/arc-hss.ca\/wp-content\/uploads\/2021\/12\/Youth-Services-FB-Header-600x228.png 600w, https:\/\/arc-hss.ca\/wp-content\/uploads\/2021\/12\/Youth-Services-FB-Header-800x304.png 800w, https:\/\/arc-hss.ca\/wp-content\/uploads\/2021\/12\/Youth-Services-FB-Header.png 820w\" sizes=\"(max-width: 812px) 100vw, 800px\" \/><\/a><\/span><\/div><div class=\"fusion-button-wrapper fusion-aligncenter\"><a class=\"fusion-button button-flat fusion-button-default-size button-default fusion-button-default button-1 fusion-button-default-span fusion-button-default-type\" target=\"_blank\" rel=\"noopener noreferrer\" href=\"https:\/\/www.facebook.com\/arcyouthservices\"><i class=\"fa-facebook-square fab awb-button__icon awb-button__icon--default button-icon-left\" aria-hidden=\"true\"><\/i><span class=\"fusion-button-text awb-button__text awb-button__text--default\">Suivez-nous sur Facebook!<\/span><\/a><\/div><div class=\"fusion-clearfix\"><\/div><\/div><\/div><div class=\"fusion-layout-column fusion_builder_column fusion-builder-column-1 fusion_builder_column_1_2 1_2 fusion-one-half fusion-column-last\" style=\"--awb-bg-size:cover;width:50%;width:calc(50% - ( ( 4% ) * 0.5 ) );\"><div class=\"fusion-column-wrapper fusion-column-has-shadow fusion-flex-column-wrapper-legacy\"><div class=\"fusion-image-element in-legacy-container\" style=\"--awb-caption-title-font-family:var(--h2_typography-font-family);--awb-caption-title-font-weight:var(--h2_typography-font-weight);--awb-caption-title-font-style:var(--h2_typography-font-style);--awb-caption-title-size:var(--h2_typography-font-size);--awb-caption-title-transform:var(--h2_typography-text-transform);--awb-caption-title-line-height:var(--h2_typography-line-height);--awb-caption-title-letter-spacing:var(--h2_typography-letter-spacing);\"><span class=\" fusion-imageframe imageframe-none imageframe-2 hover-type-none\"><img decoding=\"async\" width=\"627\" height=\"627\" title=\"mcgill meet and greet oct 24 19\" src=\"https:\/\/www.arc-hss.ca\/wp-content\/uploads\/2020\/06\/mcgill-meet-and-greet-oct-24-19.jpg\" alt class=\"img-responsive wp-image-12759\" srcset=\"https:\/\/arc-hss.ca\/wp-content\/uploads\/2020\/06\/mcgill-meet-and-greet-oct-24-19-200x200.jpg 200w, https:\/\/arc-hss.ca\/wp-content\/uploads\/2020\/06\/mcgill-meet-and-greet-oct-24-19-400x400.jpg 400w, https:\/\/arc-hss.ca\/wp-content\/uploads\/2020\/06\/mcgill-meet-and-greet-oct-24-19-600x600.jpg 600w, https:\/\/arc-hss.ca\/wp-content\/uploads\/2020\/06\/mcgill-meet-and-greet-oct-24-19.jpg 627w\" sizes=\"(max-width: 812px) 100vw, 627px\" \/><\/span><\/div><div class=\"fusion-clearfix\"><\/div><\/div><\/div><\/div><\/div><div class=\"fusion-fullwidth fullwidth-box fusion-builder-row-2 nonhundred-percent-fullwidth non-hundred-percent-height-scrolling\" style=\"--awb-border-radius-top-left:0px;--awb-border-radius-top-right:0px;--awb-border-radius-bottom-right:0px;--awb-border-radius-bottom-left:0px;--awb-padding-top:60px;--awb-padding-bottom:60px;--awb-background-color:#ffffff;--awb-flex-wrap:wrap;\" ><div class=\"fusion-builder-row fusion-row\"><div class=\"fusion-layout-column fusion_builder_column fusion-builder-column-2 fusion_builder_column_1_1 1_1 fusion-one-full fusion-column-first fusion-column-last\" style=\"--awb-bg-size:cover;\"><div class=\"fusion-column-wrapper fusion-column-has-shadow fusion-flex-column-wrapper-legacy\"><div class=\"fusion-text fusion-text-2\"><h3 style=\"text-align: left;\">Ressources<\/h3>\n<\/div><div class=\"fusion-clearfix\"><\/div><\/div><\/div><div class=\"fusion-layout-column fusion_builder_column fusion-builder-column-3 fusion_builder_column_1_2 1_2 fusion-one-half fusion-column-first\" style=\"--awb-bg-size:cover;width:50%;width:calc(50% - ( ( 4% ) * 0.5 ) );margin-right: 4%;\"><div class=\"fusion-column-wrapper fusion-column-has-shadow fusion-flex-column-wrapper-legacy\"><div class=\"fusion-title title fusion-title-1 fusion-sep-none fusion-title-text fusion-title-size-four\" style=\"--awb-margin-top-small:10px;--awb-margin-right-small:0px;--awb-margin-bottom-small:10px;--awb-margin-left-small:0px;\"><h4 class=\"fusion-title-heading title-heading-left fusion-responsive-typography-calculated\" style=\"margin:0;--fontSize:18;--minFontSize:18;line-height:1.36;\">Taux de placement &#8211; La plupart des carri\u00e8res dans le domaine de la sant\u00e9 et des services sociaux ont un excellent taux de placement. Plusieurs carri\u00e8res ont un taux de placement de plus de 90 % !<\/h4><\/div><div class=\"fusion-button-wrapper fusion-alignleft\"><a class=\"fusion-button button-flat fusion-button-default-size button-default fusion-button-default button-2 fusion-button-default-span fusion-button-default-type pdf_btn\" target=\"_blank\" rel=\"noopener noreferrer\" href=\"https:\/\/www.arc-hss.ca\/wp-content\/uploads\/2020\/07\/Placement-Rates-as-of-Feb.-2019.pdf\"><span class=\"fusion-button-text awb-button__text awb-button__text--default\">VOIR PDF<\/span><\/a><\/div><div class=\"fusion-clearfix\"><\/div><\/div><\/div><div class=\"fusion-layout-column fusion_builder_column fusion-builder-column-4 fusion_builder_column_1_2 1_2 fusion-one-half fusion-column-last\" style=\"--awb-bg-size:cover;width:50%;width:calc(50% - ( ( 4% ) * 0.5 ) );\"><div class=\"fusion-column-wrapper fusion-column-has-shadow fusion-flex-column-wrapper-legacy\"><div class=\"fusion-title title fusion-title-2 fusion-sep-none fusion-title-text fusion-title-size-four\" style=\"--awb-margin-top-small:10px;--awb-margin-right-small:0px;--awb-margin-bottom-small:10px;--awb-margin-left-small:0px;\"><h4 class=\"fusion-title-heading title-heading-left fusion-responsive-typography-calculated\" style=\"margin:0;--fontSize:18;--minFontSize:18;line-height:1.36;\">10 Bonnes Raisons de Faire Carri\u00e8re dans le Secteur de la Sant\u00e9<\/h4><\/div><div class=\"fusion-button-wrapper fusion-alignleft\"><a class=\"fusion-button button-flat fusion-button-default-size button-default fusion-button-default button-3 fusion-button-default-span fusion-button-default-type pdf_btn\" target=\"_blank\" rel=\"noopener noreferrer\" href=\"https:\/\/www.arc-hss.ca\/wp-content\/uploads\/2020\/07\/ARC-Careers-in-Mental-Health-Catalogue-2019.pdf\"><span class=\"fusion-button-text awb-button__text awb-button__text--default\">VOIR PDF<\/span><\/a><\/div><div class=\"fusion-clearfix\"><\/div><\/div><\/div><\/div><\/div><div class=\"fusion-fullwidth fullwidth-box fusion-builder-row-3 nonhundred-percent-fullwidth non-hundred-percent-height-scrolling\" style=\"--awb-border-radius-top-left:0px;--awb-border-radius-top-right:0px;--awb-border-radius-bottom-right:0px;--awb-border-radius-bottom-left:0px;--awb-flex-wrap:wrap;\" ><div class=\"fusion-builder-row fusion-row\"><div class=\"fusion-layout-column fusion_builder_column fusion-builder-column-5 fusion_builder_column_1_1 1_1 fusion-one-full fusion-column-first fusion-column-last\" style=\"--awb-bg-size:cover;\"><div class=\"fusion-column-wrapper fusion-column-has-shadow fusion-flex-column-wrapper-legacy\"><div class=\"fusion-text fusion-text-3\"><h4 style=\"text-align: center;\">Pour en savoir plus sur le projet de maintien de l&rsquo;effectif, contactez <a href=\"mailto:pm@arc-hss.ca\">pm@arc-hss.ca<\/a><\/h4>\n<\/div><div class=\"fusion-clearfix\"><\/div><\/div><\/div><\/div><\/div><\/p>\n","protected":false},"excerpt":{"rendered":"","protected":false},"author":3,"featured_media":0,"parent":0,"menu_order":0,"comment_status":"closed","ping_status":"closed","template":"","meta":{"_acf_changed":false,"footnotes":""},"class_list":["post-13394","page","type-page","status-publish","hentry"],"acf":[],"yoast_head":"<!-- This site is optimized with the Yoast SEO plugin v27.4 - https:\/\/yoast.com\/product\/yoast-seo-wordpress\/ -->\n<title>Projet de McGill sur la formation et le maintien en poste des professionnels de la sant\u00e9 - ARC<\/title>\n<meta name=\"robots\" content=\"index, follow, max-snippet:-1, max-image-preview:large, max-video-preview:-1\" \/>\n<link rel=\"canonical\" href=\"https:\/\/arc-hss.ca\/fr\/projet-de-mcgill-sur-la-formation-et-le-maintien-en-poste-des-professionnels-de-la-sante\/\" \/>\n<meta property=\"og:locale\" content=\"fr_FR\" \/>\n<meta property=\"og:type\" content=\"article\" \/>\n<meta property=\"og:title\" content=\"Projet de McGill sur la formation et le maintien en poste des professionnels de la sant\u00e9 - ARC\" \/>\n<meta property=\"og:url\" content=\"https:\/\/arc-hss.ca\/fr\/projet-de-mcgill-sur-la-formation-et-le-maintien-en-poste-des-professionnels-de-la-sante\/\" \/>\n<meta property=\"og:site_name\" content=\"ARC\" \/>\n<meta property=\"article:modified_time\" content=\"2024-08-21T12:25:44+00:00\" \/>\n<meta name=\"twitter:card\" content=\"summary_large_image\" \/>\n<meta name=\"twitter:label1\" content=\"Dur\u00e9e de lecture estim\u00e9e\" \/>\n\t<meta name=\"twitter:data1\" content=\"3 minutes\" \/>\n<script type=\"application\/ld+json\" class=\"yoast-schema-graph\">{\"@context\":\"https:\\\/\\\/schema.org\",\"@graph\":[{\"@type\":\"WebPage\",\"@id\":\"https:\\\/\\\/arc-hss.ca\\\/fr\\\/projet-de-mcgill-sur-la-formation-et-le-maintien-en-poste-des-professionnels-de-la-sante\\\/\",\"url\":\"https:\\\/\\\/arc-hss.ca\\\/fr\\\/projet-de-mcgill-sur-la-formation-et-le-maintien-en-poste-des-professionnels-de-la-sante\\\/\",\"name\":\"Projet de McGill sur la formation et le maintien en poste des professionnels de la sant\u00e9 - ARC\",\"isPartOf\":{\"@id\":\"https:\\\/\\\/arc-hss.ca\\\/fr\\\/#website\"},\"datePublished\":\"2022-12-20T04:57:25+00:00\",\"dateModified\":\"2024-08-21T12:25:44+00:00\",\"breadcrumb\":{\"@id\":\"https:\\\/\\\/arc-hss.ca\\\/fr\\\/projet-de-mcgill-sur-la-formation-et-le-maintien-en-poste-des-professionnels-de-la-sante\\\/#breadcrumb\"},\"inLanguage\":\"fr-FR\",\"potentialAction\":[{\"@type\":\"ReadAction\",\"target\":[\"https:\\\/\\\/arc-hss.ca\\\/fr\\\/projet-de-mcgill-sur-la-formation-et-le-maintien-en-poste-des-professionnels-de-la-sante\\\/\"]}]},{\"@type\":\"BreadcrumbList\",\"@id\":\"https:\\\/\\\/arc-hss.ca\\\/fr\\\/projet-de-mcgill-sur-la-formation-et-le-maintien-en-poste-des-professionnels-de-la-sante\\\/#breadcrumb\",\"itemListElement\":[{\"@type\":\"ListItem\",\"position\":1,\"name\":\"Home\",\"item\":\"https:\\\/\\\/arc-hss.ca\\\/fr\\\/\"},{\"@type\":\"ListItem\",\"position\":2,\"name\":\"Projet de McGill sur la formation et le maintien en poste des professionnels de la sant\u00e9\"}]},{\"@type\":\"WebSite\",\"@id\":\"https:\\\/\\\/arc-hss.ca\\\/fr\\\/#website\",\"url\":\"https:\\\/\\\/arc-hss.ca\\\/fr\\\/\",\"name\":\"ARC\",\"description\":\"Assistance and Referral Centre\",\"potentialAction\":[{\"@type\":\"SearchAction\",\"target\":{\"@type\":\"EntryPoint\",\"urlTemplate\":\"https:\\\/\\\/arc-hss.ca\\\/fr\\\/?s={search_term_string}\"},\"query-input\":{\"@type\":\"PropertyValueSpecification\",\"valueRequired\":true,\"valueName\":\"search_term_string\"}}],\"inLanguage\":\"fr-FR\"}]}<\/script>\n<!-- \/ Yoast SEO plugin. -->","yoast_head_json":{"title":"Projet de McGill sur la formation et le maintien en poste des professionnels de la sant\u00e9 - ARC","robots":{"index":"index","follow":"follow","max-snippet":"max-snippet:-1","max-image-preview":"max-image-preview:large","max-video-preview":"max-video-preview:-1"},"canonical":"https:\/\/arc-hss.ca\/fr\/projet-de-mcgill-sur-la-formation-et-le-maintien-en-poste-des-professionnels-de-la-sante\/","og_locale":"fr_FR","og_type":"article","og_title":"Projet de McGill sur la formation et le maintien en poste des professionnels de la sant\u00e9 - ARC","og_url":"https:\/\/arc-hss.ca\/fr\/projet-de-mcgill-sur-la-formation-et-le-maintien-en-poste-des-professionnels-de-la-sante\/","og_site_name":"ARC","article_modified_time":"2024-08-21T12:25:44+00:00","twitter_card":"summary_large_image","twitter_misc":{"Dur\u00e9e de lecture estim\u00e9e":"3 minutes"},"schema":{"@context":"https:\/\/schema.org","@graph":[{"@type":"WebPage","@id":"https:\/\/arc-hss.ca\/fr\/projet-de-mcgill-sur-la-formation-et-le-maintien-en-poste-des-professionnels-de-la-sante\/","url":"https:\/\/arc-hss.ca\/fr\/projet-de-mcgill-sur-la-formation-et-le-maintien-en-poste-des-professionnels-de-la-sante\/","name":"Projet de McGill sur la formation et le maintien en poste des professionnels de la sant\u00e9 - ARC","isPartOf":{"@id":"https:\/\/arc-hss.ca\/fr\/#website"},"datePublished":"2022-12-20T04:57:25+00:00","dateModified":"2024-08-21T12:25:44+00:00","breadcrumb":{"@id":"https:\/\/arc-hss.ca\/fr\/projet-de-mcgill-sur-la-formation-et-le-maintien-en-poste-des-professionnels-de-la-sante\/#breadcrumb"},"inLanguage":"fr-FR","potentialAction":[{"@type":"ReadAction","target":["https:\/\/arc-hss.ca\/fr\/projet-de-mcgill-sur-la-formation-et-le-maintien-en-poste-des-professionnels-de-la-sante\/"]}]},{"@type":"BreadcrumbList","@id":"https:\/\/arc-hss.ca\/fr\/projet-de-mcgill-sur-la-formation-et-le-maintien-en-poste-des-professionnels-de-la-sante\/#breadcrumb","itemListElement":[{"@type":"ListItem","position":1,"name":"Home","item":"https:\/\/arc-hss.ca\/fr\/"},{"@type":"ListItem","position":2,"name":"Projet de McGill sur la formation et le maintien en poste des professionnels de la sant\u00e9"}]},{"@type":"WebSite","@id":"https:\/\/arc-hss.ca\/fr\/#website","url":"https:\/\/arc-hss.ca\/fr\/","name":"ARC","description":"Assistance and Referral Centre","potentialAction":[{"@type":"SearchAction","target":{"@type":"EntryPoint","urlTemplate":"https:\/\/arc-hss.ca\/fr\/?s={search_term_string}"},"query-input":{"@type":"PropertyValueSpecification","valueRequired":true,"valueName":"search_term_string"}}],"inLanguage":"fr-FR"}]}},"_links":{"self":[{"href":"https:\/\/arc-hss.ca\/fr\/wp-json\/wp\/v2\/pages\/13394","targetHints":{"allow":["GET"]}}],"collection":[{"href":"https:\/\/arc-hss.ca\/fr\/wp-json\/wp\/v2\/pages"}],"about":[{"href":"https:\/\/arc-hss.ca\/fr\/wp-json\/wp\/v2\/types\/page"}],"author":[{"embeddable":true,"href":"https:\/\/arc-hss.ca\/fr\/wp-json\/wp\/v2\/users\/3"}],"replies":[{"embeddable":true,"href":"https:\/\/arc-hss.ca\/fr\/wp-json\/wp\/v2\/comments?post=13394"}],"version-history":[{"count":0,"href":"https:\/\/arc-hss.ca\/fr\/wp-json\/wp\/v2\/pages\/13394\/revisions"}],"wp:attachment":[{"href":"https:\/\/arc-hss.ca\/fr\/wp-json\/wp\/v2\/media?parent=13394"}],"curies":[{"name":"wp","href":"https:\/\/api.w.org\/{rel}","templated":true}]}}