{"id":13388,"date":"2022-12-19T23:58:46","date_gmt":"2022-12-20T04:58:46","guid":{"rendered":"https:\/\/www.arc-hss.ca\/health-and-social-services-community-leadership-bursary-program\/"},"modified":"2025-04-04T12:18:48","modified_gmt":"2025-04-04T16:18:48","slug":"programme-de-bourses-de-leadership-communautaire-en-sante-et-services-sociaux","status":"publish","type":"page","link":"https:\/\/arc-hss.ca\/fr\/programme-de-bourses-de-leadership-communautaire-en-sante-et-services-sociaux\/","title":{"rendered":"Programme de bourses Dialogue McGill"},"content":{"rendered":"<div class=\"fusion-fullwidth fullwidth-box fusion-builder-row-1 nonhundred-percent-fullwidth non-hundred-percent-height-scrolling\" style=\"--awb-border-radius-top-left:0px;--awb-border-radius-top-right:0px;--awb-border-radius-bottom-right:0px;--awb-border-radius-bottom-left:0px;--awb-flex-wrap:wrap;\" ><div class=\"fusion-builder-row fusion-row\"><div class=\"fusion-layout-column fusion_builder_column fusion-builder-column-0 fusion_builder_column_1_2 1_2 fusion-one-half fusion-column-first\" style=\"--awb-bg-size:cover;--awb-margin-bottom:0px;width:48%; margin-right: 4%;\"><div class=\"fusion-column-wrapper fusion-flex-column-wrapper-legacy\"><div class=\"fusion-text fusion-text-1\"><section class=\"page-section full-bleed-section layout-engine-section background-width--full-bleed section-height--custom content-width--wide horizontal-alignment--center vertical-alignment--middle black\" data-test=\"page-section\" data-section-theme=\"black\" data-section-id=\"64092c3ea9d0df08be2a4754\" data-controller=\"SectionWrapperController\" data-current-styles=\"{ \" data-current-context=\"{ \" data-animation=\"none\" data-fluid-engine-section=\"\" data-controllers-bound=\"SectionWrapperController\" data-active=\"true\">\n<div class=\"content-wrapper\">\n<div class=\"content\">\n<div data-fluid-engine=\"true\">\n<div class=\"fluid-engine fe-64092c3ea9d0df08be2a4753\">\n<div class=\"fe-block fe-block-e5cfe9b41151b4cbbad7\">\n<div id=\"block-e5cfe9b41151b4cbbad7\" class=\"sqs-block html-block sqs-block-html\" data-blend-mode=\"NORMAL\" data-block-type=\"2\" data-border-radii=\"{\">\n<div class=\"sqs-block-content\">\n<div class=\"sqs-html-content\">\n<h3>La demande de Bourse du R\u00e9seau Communautaire pour 2025-2026 est maintenant ouverte !<\/h3>\n<\/div>\n<\/div>\n<\/div>\n<\/div>\n<\/div>\n<\/div>\n<\/div>\n<\/div>\n<\/section>\n<section class=\"page-section full-bleed-section layout-engine-section background-width--full-bleed section-height--small content-width--wide horizontal-alignment--center vertical-alignment--middle \" data-test=\"page-section\" data-section-theme=\"\" data-section-id=\"64092c3ea9d0df08be2a4757\" data-controller=\"SectionWrapperController\" data-current-styles=\"{ \" data-current-context=\"{ \" data-animation=\"none\" data-fluid-engine-section=\"\" data-controllers-bound=\"SectionWrapperController\" data-active=\"true\">\n<div class=\"section-border\">\n<h4><span class=\"sqsrte-text-color--black\">Le Programme de bourse<\/span><\/h4>\n<p class=\"\">Le <a href=\"https:\/\/www.dialoguemcgill.ca\/fr\/programme-bourse-reseaux-communautaires\">Programme de bourses des r\u00e9seaux communautaires<\/a> (Programme de bourses) en sant\u00e9 et en services sociaux offre un soutien aux personnes \u00e9tudiantes dans le domaine de la sant\u00e9 et des services sociaux afin de combler le manque de professionnels bilingues dans les r\u00e9gions du Qu\u00e9bec.<\/p>\n<p class=\"\">Relevant des objectifs du Programme de maintien en poste de Dialogue McGill, les r\u00e9seaux communautaires sont subventionn\u00e9s par Dialogue McGill pour offrir le Programme de bourse dans leur r\u00e9gion.<\/p>\n<h4>Montants des bourses<\/h4>\n<p class=\"\">Les montants des bourses d\u00e9pendent du niveau d&rsquo;\u00e9tudes et si l&rsquo;\u00e9tablissement d&rsquo;enseignement est situ\u00e9 \u00e0 l&rsquo;int\u00e9rieur ou \u00e0 l&rsquo;ext\u00e9rieur de la r\u00e9gion d&rsquo;origine de la personne \u00e9tudiante.<\/p>\n<\/div>\n<\/section>\n<p><strong>\u00c0 l&rsquo;ext\u00e9rieur de la r\u00e9gion d&rsquo;origine<\/strong> : Ce type de bourse est offert aux personnes qui \u00e9tudient dans un \u00e9tablissement d&rsquo;enseignement situ\u00e9 \u00e0 l&rsquo;ext\u00e9rieur de leur r\u00e9gion d&rsquo;origine (par exemple, les \u00e9tudiants qui habitent en Mont\u00e9r\u00e9gie et qui \u00e9tudient \u00e0 Montr\u00e9al).<br \/>\nUniversit\u00e9 10 000 $, C\u00e9gep 5 000 $, Formation professionnelle 1 000 \u00e0 2 000 $<\/p>\n<p><strong>Dans la r\u00e9gion d&rsquo;origine<\/strong> : Ce type de bourse est offert \u00e0 un \u00e9tudiant qui \u00e9tudie dans un \u00e9tablissement d&rsquo;enseignement situ\u00e9 DANS SA R\u00c9GION D&rsquo;ORIGINE (par exemple, un \u00e9tudiant qui habite et \u00e9tudie en Mont\u00e9r\u00e9gie).<br \/>\nUniversit\u00e9 5 000 $, C\u00e9gep 2 500 $, Formation professionnelle 1 000 \u00e0 2 000 $<\/p>\n<p><a href=\"https:\/\/www.dialoguemcgill.ca\/fr\/programme-bourse-reseaux-communautaires#formulaires\"><span class=\"sqsrte-text-color--white\">Formulaires de demande \u00e9tudiante<\/span><\/a><\/p>\n<p>Pour chaque bourse re\u00e7ue, les boursiers s\u2019engagent, apr\u00e8s avoir termin\u00e9 leurs \u00e9tudes, \u00e0 travailler dans leur r\u00e9gion d\u2019origine, ou sur le territoire desservi par le r\u00e9seau communautaire qui les parraine, dans un <a href=\"https:\/\/m02.pub.msss.rtss.qc.ca\/\">\u00e9tablissement public de sant\u00e9 et de services sociaux<\/a> pour un minimum d\u2019un (1) an.<\/p>\n<p>Ces bourses de retour en r\u00e9gion sont coordonn\u00e9es par l\u2019Assistance and Referral Centre (ARC). Elles r\u00e9pondent aux priorit\u00e9s r\u00e9gionales et locales en mati\u00e8re d\u2019acc\u00e8s aux services en anglais. La priorit\u00e9 sera accord\u00e9e aux \u00e9tudiants engag\u00e9s dans la communaut\u00e9 et dont le domaine d\u2019\u00e9tudes les m\u00e8nera \u00e0 une carri\u00e8re dans le domaine de la sant\u00e9 et des services sociaux r\u00e9pondant aux priorit\u00e9s de la r\u00e9gion.<\/p>\n<p>Pour plus d&rsquo;informations, veuillez contacter le (514) 712-6575 ou <a href=\"mailto:employment@arc-hss.ca\">employment@arc-hss.ca<\/a>.<\/p>\n<\/div><div class=\"fusion-image-element in-legacy-container\" style=\"--awb-caption-title-font-family:var(--h2_typography-font-family);--awb-caption-title-font-weight:var(--h2_typography-font-weight);--awb-caption-title-font-style:var(--h2_typography-font-style);--awb-caption-title-size:var(--h2_typography-font-size);--awb-caption-title-transform:var(--h2_typography-text-transform);--awb-caption-title-line-height:var(--h2_typography-line-height);--awb-caption-title-letter-spacing:var(--h2_typography-letter-spacing);\"><span class=\" fusion-imageframe imageframe-none imageframe-1 hover-type-none\"><a class=\"fusion-no-lightbox\" href=\"https:\/\/www.arc-hss.ca\/dialogue-mcgill-flyer-2025\/\" target=\"_self\" aria-label=\"Dialogue McGill Flyer 2025 (outside)\"><img decoding=\"async\" width=\"600\" height=\"464\" src=\"https:\/\/www.arc-hss.ca\/wp-content\/uploads\/2025\/04\/Dialogue-McGill-Flyer-2025-outside-600x464.png\" alt class=\"img-responsive wp-image-24262\" srcset=\"https:\/\/arc-hss.ca\/wp-content\/uploads\/2025\/04\/Dialogue-McGill-Flyer-2025-outside-200x155.png 200w, https:\/\/arc-hss.ca\/wp-content\/uploads\/2025\/04\/Dialogue-McGill-Flyer-2025-outside-400x309.png 400w, https:\/\/arc-hss.ca\/wp-content\/uploads\/2025\/04\/Dialogue-McGill-Flyer-2025-outside-600x464.png 600w, https:\/\/arc-hss.ca\/wp-content\/uploads\/2025\/04\/Dialogue-McGill-Flyer-2025-outside-800x618.png 800w, https:\/\/arc-hss.ca\/wp-content\/uploads\/2025\/04\/Dialogue-McGill-Flyer-2025-outside-1200x927.png 1200w, https:\/\/arc-hss.ca\/wp-content\/uploads\/2025\/04\/Dialogue-McGill-Flyer-2025-outside.png 2000w\" sizes=\"(max-width: 812px) 100vw, 800px\" \/><\/a><\/span><\/div><div class=\"fusion-clearfix\"><\/div><\/div><\/div><div class=\"fusion-layout-column fusion_builder_column fusion-builder-column-1 fusion_builder_column_1_2 1_2 fusion-one-half fusion-column-last\" style=\"--awb-bg-size:cover;--awb-margin-bottom:0px;width:48%;\"><div class=\"fusion-column-wrapper fusion-flex-column-wrapper-legacy\"><div class=\"awb-gallery-wrapper awb-gallery-wrapper-1 button-span-no\" style=\"--more-btn-alignment:center;\"><div style=\"margin:-5px;--awb-bordersize:0px;\" class=\"fusion-gallery fusion-gallery-container fusion-grid-2 fusion-columns-total-7 fusion-gallery-layout-grid fusion-gallery-1\"><div style=\"padding:5px;\" class=\"fusion-grid-column fusion-gallery-column fusion-gallery-column-2 hover-type-none\"><div class=\"fusion-gallery-image\"><a href=\"https:\/\/arc-hss.ca\/wp-content\/uploads\/2025\/04\/IMG_2019-scaled.jpg\" rel=\"noreferrer\" data-rel=\"iLightbox[gallery_image_1]\" class=\"fusion-lightbox\" target=\"_self\"><img decoding=\"async\" src=\"https:\/\/arc-hss.ca\/wp-content\/uploads\/2025\/04\/IMG_2019-scaled.jpg\" width=\"1920\" height=\"2560\" alt=\"\" title=\"IMG_2019\" aria-label=\"IMG_2019\" class=\"img-responsive wp-image-24250\" srcset=\"https:\/\/arc-hss.ca\/wp-content\/uploads\/2025\/04\/IMG_2019-200x267.jpg 200w, https:\/\/arc-hss.ca\/wp-content\/uploads\/2025\/04\/IMG_2019-400x533.jpg 400w, https:\/\/arc-hss.ca\/wp-content\/uploads\/2025\/04\/IMG_2019-600x800.jpg 600w, https:\/\/arc-hss.ca\/wp-content\/uploads\/2025\/04\/IMG_2019-800x1067.jpg 800w, https:\/\/arc-hss.ca\/wp-content\/uploads\/2025\/04\/IMG_2019-1200x1600.jpg 1200w, https:\/\/arc-hss.ca\/wp-content\/uploads\/2025\/04\/IMG_2019-scaled.jpg 1920w\" sizes=\"(min-width: 2200px) 100vw, (min-width: 712px) 643px, (min-width: 640px) 712px, \" \/><\/a><\/div><\/div><div style=\"padding:5px;\" class=\"fusion-grid-column fusion-gallery-column fusion-gallery-column-2 hover-type-none\"><div class=\"fusion-gallery-image\"><a href=\"https:\/\/arc-hss.ca\/wp-content\/uploads\/2025\/04\/IMG_0898-1-scaled.jpg\" rel=\"noreferrer\" data-rel=\"iLightbox[gallery_image_1]\" class=\"fusion-lightbox\" target=\"_self\"><img decoding=\"async\" src=\"https:\/\/arc-hss.ca\/wp-content\/uploads\/2025\/04\/IMG_0898-1-scaled.jpg\" width=\"1836\" height=\"2560\" alt=\"\" title=\"IMG_0898\" aria-label=\"IMG_0898\" class=\"img-responsive wp-image-24248\" srcset=\"https:\/\/arc-hss.ca\/wp-content\/uploads\/2025\/04\/IMG_0898-1-200x279.jpg 200w, https:\/\/arc-hss.ca\/wp-content\/uploads\/2025\/04\/IMG_0898-1-400x558.jpg 400w, https:\/\/arc-hss.ca\/wp-content\/uploads\/2025\/04\/IMG_0898-1-600x837.jpg 600w, https:\/\/arc-hss.ca\/wp-content\/uploads\/2025\/04\/IMG_0898-1-800x1116.jpg 800w, https:\/\/arc-hss.ca\/wp-content\/uploads\/2025\/04\/IMG_0898-1-1200x1674.jpg 1200w, https:\/\/arc-hss.ca\/wp-content\/uploads\/2025\/04\/IMG_0898-1-scaled.jpg 1836w\" sizes=\"(min-width: 2200px) 100vw, (min-width: 712px) 643px, (min-width: 640px) 712px, \" \/><\/a><\/div><\/div><div class=\"clearfix\"><\/div><div style=\"padding:5px;\" class=\"fusion-grid-column fusion-gallery-column fusion-gallery-column-2 hover-type-none\"><div class=\"fusion-gallery-image\"><a href=\"https:\/\/arc-hss.ca\/wp-content\/uploads\/2024\/04\/IMG_8709-1-scaled.jpg\" rel=\"noreferrer\" data-rel=\"iLightbox[gallery_image_1]\" class=\"fusion-lightbox\" target=\"_self\"><img decoding=\"async\" src=\"https:\/\/arc-hss.ca\/wp-content\/uploads\/2024\/04\/IMG_8709-1-scaled.jpg\" width=\"1920\" height=\"2560\" alt=\"\" title=\"IMG_8709 (1)\" aria-label=\"IMG_8709 (1)\" class=\"img-responsive wp-image-20160\" srcset=\"https:\/\/arc-hss.ca\/wp-content\/uploads\/2024\/04\/IMG_8709-1-200x267.jpg 200w, https:\/\/arc-hss.ca\/wp-content\/uploads\/2024\/04\/IMG_8709-1-400x533.jpg 400w, https:\/\/arc-hss.ca\/wp-content\/uploads\/2024\/04\/IMG_8709-1-600x800.jpg 600w, https:\/\/arc-hss.ca\/wp-content\/uploads\/2024\/04\/IMG_8709-1-800x1067.jpg 800w, https:\/\/arc-hss.ca\/wp-content\/uploads\/2024\/04\/IMG_8709-1-1200x1600.jpg 1200w, https:\/\/arc-hss.ca\/wp-content\/uploads\/2024\/04\/IMG_8709-1-scaled.jpg 1920w\" sizes=\"(min-width: 2200px) 100vw, (min-width: 712px) 643px, (min-width: 640px) 712px, \" \/><\/a><\/div><\/div><div style=\"padding:5px;\" class=\"fusion-grid-column fusion-gallery-column fusion-gallery-column-2 hover-type-none\"><div class=\"fusion-gallery-image\"><a href=\"https:\/\/arc-hss.ca\/wp-content\/uploads\/2020\/06\/Resized_20220919_1702351.jpg\" rel=\"noreferrer\" data-rel=\"iLightbox[gallery_image_1]\" class=\"fusion-lightbox\" target=\"_self\"><img decoding=\"async\" src=\"https:\/\/arc-hss.ca\/wp-content\/uploads\/2020\/06\/Resized_20220919_1702351.jpg\" width=\"1152\" height=\"864\" alt=\"\" title=\"Resized_20220919_1702351\" aria-label=\"Resized_20220919_1702351\" class=\"img-responsive wp-image-13150\" srcset=\"https:\/\/arc-hss.ca\/wp-content\/uploads\/2020\/06\/Resized_20220919_1702351-200x150.jpg 200w, https:\/\/arc-hss.ca\/wp-content\/uploads\/2020\/06\/Resized_20220919_1702351-400x300.jpg 400w, https:\/\/arc-hss.ca\/wp-content\/uploads\/2020\/06\/Resized_20220919_1702351-600x450.jpg 600w, https:\/\/arc-hss.ca\/wp-content\/uploads\/2020\/06\/Resized_20220919_1702351-800x600.jpg 800w, https:\/\/arc-hss.ca\/wp-content\/uploads\/2020\/06\/Resized_20220919_1702351.jpg 1152w\" sizes=\"(min-width: 2200px) 100vw, (min-width: 712px) 643px, (min-width: 640px) 712px, \" \/><\/a><\/div><\/div><div class=\"clearfix\"><\/div><div style=\"padding:5px;\" class=\"fusion-grid-column fusion-gallery-column fusion-gallery-column-2 hover-type-none\"><div class=\"fusion-gallery-image\"><a href=\"https:\/\/arc-hss.ca\/wp-content\/uploads\/2020\/06\/IMG_0581-scaled.jpg\" rel=\"noreferrer\" data-rel=\"iLightbox[gallery_image_1]\" class=\"fusion-lightbox\" target=\"_self\"><img decoding=\"async\" src=\"https:\/\/arc-hss.ca\/wp-content\/uploads\/2020\/06\/IMG_0581-scaled.jpg\" width=\"2560\" height=\"2560\" alt=\"\" title=\"IMG_0581\" aria-label=\"IMG_0581\" class=\"img-responsive wp-image-13007\" srcset=\"https:\/\/arc-hss.ca\/wp-content\/uploads\/2020\/06\/IMG_0581-200x200.jpg 200w, https:\/\/arc-hss.ca\/wp-content\/uploads\/2020\/06\/IMG_0581-400x400.jpg 400w, https:\/\/arc-hss.ca\/wp-content\/uploads\/2020\/06\/IMG_0581-600x600.jpg 600w, https:\/\/arc-hss.ca\/wp-content\/uploads\/2020\/06\/IMG_0581-800x800.jpg 800w, https:\/\/arc-hss.ca\/wp-content\/uploads\/2020\/06\/IMG_0581-1200x1200.jpg 1200w, https:\/\/arc-hss.ca\/wp-content\/uploads\/2020\/06\/IMG_0581-scaled.jpg 2560w\" sizes=\"(min-width: 2200px) 100vw, (min-width: 712px) 643px, (min-width: 640px) 712px, \" \/><\/a><\/div><\/div><div style=\"padding:5px;\" class=\"fusion-grid-column fusion-gallery-column fusion-gallery-column-2 hover-type-none\"><div class=\"fusion-gallery-image\"><a href=\"https:\/\/arc-hss.ca\/wp-content\/uploads\/2020\/06\/IMG_0608-1.jpg\" rel=\"noreferrer\" data-rel=\"iLightbox[gallery_image_1]\" class=\"fusion-lightbox\" target=\"_self\"><img decoding=\"async\" src=\"https:\/\/arc-hss.ca\/wp-content\/uploads\/2020\/06\/IMG_0608-1.jpg\" width=\"2271\" height=\"2271\" alt=\"\" title=\"IMG_0608 (1)\" aria-label=\"IMG_0608 (1)\" class=\"img-responsive wp-image-13009\" srcset=\"https:\/\/arc-hss.ca\/wp-content\/uploads\/2020\/06\/IMG_0608-1-200x200.jpg 200w, https:\/\/arc-hss.ca\/wp-content\/uploads\/2020\/06\/IMG_0608-1-400x400.jpg 400w, https:\/\/arc-hss.ca\/wp-content\/uploads\/2020\/06\/IMG_0608-1-600x600.jpg 600w, https:\/\/arc-hss.ca\/wp-content\/uploads\/2020\/06\/IMG_0608-1-800x800.jpg 800w, https:\/\/arc-hss.ca\/wp-content\/uploads\/2020\/06\/IMG_0608-1-1200x1200.jpg 1200w, https:\/\/arc-hss.ca\/wp-content\/uploads\/2020\/06\/IMG_0608-1.jpg 2271w\" sizes=\"(min-width: 2200px) 100vw, (min-width: 712px) 643px, (min-width: 640px) 712px, \" \/><\/a><\/div><\/div><div class=\"clearfix\"><\/div><div style=\"padding:5px;\" class=\"fusion-grid-column fusion-gallery-column fusion-gallery-column-2 hover-type-none\"><div class=\"fusion-gallery-image\"><a href=\"https:\/\/arc-hss.ca\/wp-content\/uploads\/2020\/06\/IMG_0595-scaled-e1617978273915.jpg\" rel=\"noreferrer\" data-rel=\"iLightbox[gallery_image_1]\" class=\"fusion-lightbox\" target=\"_self\"><img decoding=\"async\" src=\"https:\/\/arc-hss.ca\/wp-content\/uploads\/2020\/06\/IMG_0595-scaled-e1617978273915.jpg\" width=\"600\" height=\"450\" alt=\"\" title=\"IMG_0595\" aria-label=\"IMG_0595\" class=\"img-responsive wp-image-12923\"  \/><\/a><\/div><\/div><\/div><\/div><div class=\"fusion-text fusion-text-2\"><p style=\"text-align: left;\">2024 : Marilou Henry and Stephanie Morgan<br \/>\n2023 : Zain Haider<br \/>\n2022 : Vanessa Burton-Dulude<br \/>\n2021 : Laurence Chadwick and Leah Lapommeray<br \/>\n2020 : Rafik Hana<\/p>\n<\/div><div class=\"fusion-sep-clear\"><\/div><div class=\"fusion-separator fusion-full-width-sep\" style=\"margin-left: auto;margin-right: auto;width:100%;\"><div class=\"fusion-separator-border sep-double\" style=\"--awb-height:20px;--awb-amount:20px;border-color:#e2e2e2;border-top-width:1px;border-bottom-width:1px;\"><\/div><\/div><div class=\"fusion-sep-clear\"><\/div><div class=\"fusion-image-element in-legacy-container\" style=\"--awb-caption-title-font-family:var(--h2_typography-font-family);--awb-caption-title-font-weight:var(--h2_typography-font-weight);--awb-caption-title-font-style:var(--h2_typography-font-style);--awb-caption-title-size:var(--h2_typography-font-size);--awb-caption-title-transform:var(--h2_typography-text-transform);--awb-caption-title-line-height:var(--h2_typography-line-height);--awb-caption-title-letter-spacing:var(--h2_typography-letter-spacing);\"><span class=\" fusion-imageframe imageframe-none imageframe-2 hover-type-none\"><a class=\"fusion-no-lightbox\" href=\"https:\/\/www.facebook.com\/arcyouthservices\" target=\"_self\" aria-label=\"Youth Services FB Header\"><img decoding=\"async\" width=\"820\" height=\"312\" src=\"https:\/\/www.arc-hss.ca\/wp-content\/uploads\/2021\/12\/Youth-Services-FB-Header.png\" alt class=\"img-responsive wp-image-13014\" srcset=\"https:\/\/arc-hss.ca\/wp-content\/uploads\/2021\/12\/Youth-Services-FB-Header-200x76.png 200w, https:\/\/arc-hss.ca\/wp-content\/uploads\/2021\/12\/Youth-Services-FB-Header-400x152.png 400w, https:\/\/arc-hss.ca\/wp-content\/uploads\/2021\/12\/Youth-Services-FB-Header-600x228.png 600w, https:\/\/arc-hss.ca\/wp-content\/uploads\/2021\/12\/Youth-Services-FB-Header-800x304.png 800w, https:\/\/arc-hss.ca\/wp-content\/uploads\/2021\/12\/Youth-Services-FB-Header.png 820w\" sizes=\"(max-width: 812px) 100vw, 800px\" \/><\/a><\/span><\/div><div class=\"fusion-button-wrapper fusion-aligncenter\"><a class=\"fusion-button button-flat fusion-button-default-size button-default fusion-button-default button-1 fusion-button-default-span fusion-button-default-type\" target=\"_self\" href=\"https:\/\/www.facebook.com\/arcyouthservices\"><span class=\"fusion-button-text awb-button__text awb-button__text--default\">Suivez-nous sur Facebook<\/span><\/a><\/div><div class=\"fusion-text fusion-text-3\"><h4 style=\"text-align: center;\">Pour en savoir plus sur le Programme de Bourses d&rsquo;\u00e9tudes, veuillez vous adresser \u00e0 <a href=\"mailto:employment@arc-hss.ca\">employment@arc-hss.ca<\/a>.<\/h4>\n<\/div><div class=\"fusion-clearfix\"><\/div><\/div><\/div><\/div><\/div>\n","protected":false},"excerpt":{"rendered":"","protected":false},"author":3,"featured_media":0,"parent":0,"menu_order":0,"comment_status":"closed","ping_status":"closed","template":"","meta":{"_acf_changed":false,"footnotes":""},"class_list":["post-13388","page","type-page","status-publish","hentry"],"acf":[],"yoast_head":"<!-- This site is optimized with the Yoast SEO plugin v27.4 - https:\/\/yoast.com\/product\/yoast-seo-wordpress\/ -->\n<title>Programme de bourses Dialogue McGill - ARC<\/title>\n<meta name=\"robots\" content=\"index, follow, max-snippet:-1, max-image-preview:large, max-video-preview:-1\" \/>\n<link rel=\"canonical\" href=\"https:\/\/arc-hss.ca\/fr\/programme-de-bourses-de-leadership-communautaire-en-sante-et-services-sociaux\/\" \/>\n<meta property=\"og:locale\" content=\"fr_FR\" \/>\n<meta property=\"og:type\" content=\"article\" \/>\n<meta property=\"og:title\" content=\"Programme de bourses Dialogue McGill - ARC\" \/>\n<meta property=\"og:url\" content=\"https:\/\/arc-hss.ca\/fr\/programme-de-bourses-de-leadership-communautaire-en-sante-et-services-sociaux\/\" \/>\n<meta property=\"og:site_name\" content=\"ARC\" \/>\n<meta property=\"article:modified_time\" content=\"2025-04-04T16:18:48+00:00\" \/>\n<meta name=\"twitter:card\" content=\"summary_large_image\" \/>\n<meta name=\"twitter:label1\" content=\"Dur\u00e9e de lecture estim\u00e9e\" \/>\n\t<meta name=\"twitter:data1\" content=\"4 minutes\" \/>\n<script type=\"application\/ld+json\" class=\"yoast-schema-graph\">{\"@context\":\"https:\\\/\\\/schema.org\",\"@graph\":[{\"@type\":\"WebPage\",\"@id\":\"https:\\\/\\\/arc-hss.ca\\\/fr\\\/programme-de-bourses-de-leadership-communautaire-en-sante-et-services-sociaux\\\/\",\"url\":\"https:\\\/\\\/arc-hss.ca\\\/fr\\\/programme-de-bourses-de-leadership-communautaire-en-sante-et-services-sociaux\\\/\",\"name\":\"Programme de bourses Dialogue McGill - ARC\",\"isPartOf\":{\"@id\":\"https:\\\/\\\/arc-hss.ca\\\/fr\\\/#website\"},\"datePublished\":\"2022-12-20T04:58:46+00:00\",\"dateModified\":\"2025-04-04T16:18:48+00:00\",\"breadcrumb\":{\"@id\":\"https:\\\/\\\/arc-hss.ca\\\/fr\\\/programme-de-bourses-de-leadership-communautaire-en-sante-et-services-sociaux\\\/#breadcrumb\"},\"inLanguage\":\"fr-FR\",\"potentialAction\":[{\"@type\":\"ReadAction\",\"target\":[\"https:\\\/\\\/arc-hss.ca\\\/fr\\\/programme-de-bourses-de-leadership-communautaire-en-sante-et-services-sociaux\\\/\"]}]},{\"@type\":\"BreadcrumbList\",\"@id\":\"https:\\\/\\\/arc-hss.ca\\\/fr\\\/programme-de-bourses-de-leadership-communautaire-en-sante-et-services-sociaux\\\/#breadcrumb\",\"itemListElement\":[{\"@type\":\"ListItem\",\"position\":1,\"name\":\"Home\",\"item\":\"https:\\\/\\\/arc-hss.ca\\\/fr\\\/\"},{\"@type\":\"ListItem\",\"position\":2,\"name\":\"Programme de bourses Dialogue McGill\"}]},{\"@type\":\"WebSite\",\"@id\":\"https:\\\/\\\/arc-hss.ca\\\/fr\\\/#website\",\"url\":\"https:\\\/\\\/arc-hss.ca\\\/fr\\\/\",\"name\":\"ARC\",\"description\":\"Assistance and Referral Centre\",\"potentialAction\":[{\"@type\":\"SearchAction\",\"target\":{\"@type\":\"EntryPoint\",\"urlTemplate\":\"https:\\\/\\\/arc-hss.ca\\\/fr\\\/?s={search_term_string}\"},\"query-input\":{\"@type\":\"PropertyValueSpecification\",\"valueRequired\":true,\"valueName\":\"search_term_string\"}}],\"inLanguage\":\"fr-FR\"}]}<\/script>\n<!-- \/ Yoast SEO plugin. -->","yoast_head_json":{"title":"Programme de bourses Dialogue McGill - ARC","robots":{"index":"index","follow":"follow","max-snippet":"max-snippet:-1","max-image-preview":"max-image-preview:large","max-video-preview":"max-video-preview:-1"},"canonical":"https:\/\/arc-hss.ca\/fr\/programme-de-bourses-de-leadership-communautaire-en-sante-et-services-sociaux\/","og_locale":"fr_FR","og_type":"article","og_title":"Programme de bourses Dialogue McGill - ARC","og_url":"https:\/\/arc-hss.ca\/fr\/programme-de-bourses-de-leadership-communautaire-en-sante-et-services-sociaux\/","og_site_name":"ARC","article_modified_time":"2025-04-04T16:18:48+00:00","twitter_card":"summary_large_image","twitter_misc":{"Dur\u00e9e de lecture estim\u00e9e":"4 minutes"},"schema":{"@context":"https:\/\/schema.org","@graph":[{"@type":"WebPage","@id":"https:\/\/arc-hss.ca\/fr\/programme-de-bourses-de-leadership-communautaire-en-sante-et-services-sociaux\/","url":"https:\/\/arc-hss.ca\/fr\/programme-de-bourses-de-leadership-communautaire-en-sante-et-services-sociaux\/","name":"Programme de bourses Dialogue McGill - ARC","isPartOf":{"@id":"https:\/\/arc-hss.ca\/fr\/#website"},"datePublished":"2022-12-20T04:58:46+00:00","dateModified":"2025-04-04T16:18:48+00:00","breadcrumb":{"@id":"https:\/\/arc-hss.ca\/fr\/programme-de-bourses-de-leadership-communautaire-en-sante-et-services-sociaux\/#breadcrumb"},"inLanguage":"fr-FR","potentialAction":[{"@type":"ReadAction","target":["https:\/\/arc-hss.ca\/fr\/programme-de-bourses-de-leadership-communautaire-en-sante-et-services-sociaux\/"]}]},{"@type":"BreadcrumbList","@id":"https:\/\/arc-hss.ca\/fr\/programme-de-bourses-de-leadership-communautaire-en-sante-et-services-sociaux\/#breadcrumb","itemListElement":[{"@type":"ListItem","position":1,"name":"Home","item":"https:\/\/arc-hss.ca\/fr\/"},{"@type":"ListItem","position":2,"name":"Programme de bourses Dialogue McGill"}]},{"@type":"WebSite","@id":"https:\/\/arc-hss.ca\/fr\/#website","url":"https:\/\/arc-hss.ca\/fr\/","name":"ARC","description":"Assistance and Referral Centre","potentialAction":[{"@type":"SearchAction","target":{"@type":"EntryPoint","urlTemplate":"https:\/\/arc-hss.ca\/fr\/?s={search_term_string}"},"query-input":{"@type":"PropertyValueSpecification","valueRequired":true,"valueName":"search_term_string"}}],"inLanguage":"fr-FR"}]}},"_links":{"self":[{"href":"https:\/\/arc-hss.ca\/fr\/wp-json\/wp\/v2\/pages\/13388","targetHints":{"allow":["GET"]}}],"collection":[{"href":"https:\/\/arc-hss.ca\/fr\/wp-json\/wp\/v2\/pages"}],"about":[{"href":"https:\/\/arc-hss.ca\/fr\/wp-json\/wp\/v2\/types\/page"}],"author":[{"embeddable":true,"href":"https:\/\/arc-hss.ca\/fr\/wp-json\/wp\/v2\/users\/3"}],"replies":[{"embeddable":true,"href":"https:\/\/arc-hss.ca\/fr\/wp-json\/wp\/v2\/comments?post=13388"}],"version-history":[{"count":0,"href":"https:\/\/arc-hss.ca\/fr\/wp-json\/wp\/v2\/pages\/13388\/revisions"}],"wp:attachment":[{"href":"https:\/\/arc-hss.ca\/fr\/wp-json\/wp\/v2\/media?parent=13388"}],"curies":[{"name":"wp","href":"https:\/\/api.w.org\/{rel}","templated":true}]}}