{"id":13338,"date":"2020-05-20T07:04:20","date_gmt":"2020-05-20T11:04:20","guid":{"rendered":"https:\/\/www.arc-hss.ca\/become-a-member\/"},"modified":"2026-02-25T08:54:25","modified_gmt":"2026-02-25T13:54:25","slug":"devenir-membre","status":"publish","type":"page","link":"https:\/\/arc-hss.ca\/fr\/devenir-membre\/","title":{"rendered":"Devenir membre"},"content":{"rendered":"<p><div class=\"fusion-fullwidth fullwidth-box fusion-builder-row-1 fusion-flex-container nonhundred-percent-fullwidth non-hundred-percent-height-scrolling\" style=\"--awb-border-radius-top-left:0px;--awb-border-radius-top-right:0px;--awb-border-radius-bottom-right:0px;--awb-border-radius-bottom-left:0px;--awb-flex-wrap:wrap;\" ><div class=\"fusion-builder-row fusion-row fusion-flex-align-items-flex-start fusion-flex-content-wrap\" style=\"max-width:1341.6px;margin-left: calc(-4% \/ 2 );margin-right: calc(-4% \/ 2 );\"><div class=\"fusion-layout-column fusion_builder_column fusion-builder-column-0 fusion_builder_column_2_3 2_3 fusion-flex-column\" style=\"--awb-bg-size:cover;--awb-width-large:66.666666666667%;--awb-margin-top-large:0px;--awb-spacing-right-large:2.88%;--awb-margin-bottom-large:20px;--awb-spacing-left-large:2.88%;--awb-width-medium:100%;--awb-order-medium:0;--awb-spacing-right-medium:1.92%;--awb-spacing-left-medium:1.92%;--awb-width-small:100%;--awb-order-small:0;--awb-spacing-right-small:1.92%;--awb-spacing-left-small:1.92%;\"><div class=\"fusion-column-wrapper fusion-column-has-shadow fusion-flex-justify-content-flex-start fusion-content-layout-column\"><div class=\"fusion-text fusion-text-1\"><h3>Adh\u00e9sion annuelle 2026<\/h3>\n<\/div><ul style=\"--awb-size:18px;--awb-iconcolor:#ff9800;--awb-line-height:30.6px;--awb-icon-width:30.6px;--awb-icon-height:30.6px;--awb-icon-margin:12.6px;--awb-content-margin:43.2px;--awb-circlecolor:rgba(255,255,255,0.02);--awb-circle-yes-font-size:15.84px;\" class=\"fusion-checklist fusion-checklist-1 fusion-checklist-default type-icons\"><li class=\"fusion-li-item\" style=\"\"><span class=\"icon-wrapper circle-yes\"><i class=\"fusion-li-icon fa-chevron-circle-right fas\" aria-hidden=\"true\"><\/i><\/span><div class=\"fusion-li-item-content\">\n<p><strong>Soutenir<\/strong> nos initiatives visant \u00e0 maintenir les services, les programmes et les activit\u00e9s gratuites pour tous les membres de la communaut\u00e9 anglophone<\/p>\n<\/div><\/li><li class=\"fusion-li-item\" style=\"\"><span class=\"icon-wrapper circle-yes\"><i class=\"fusion-li-icon fa-chevron-circle-right fas\" aria-hidden=\"true\"><\/i><\/span><div class=\"fusion-li-item-content\">\n<p>Notifications <strong>prioritaires<\/strong> et inscription anticip\u00e9e aux activit\u00e9s.<\/p>\n<\/div><\/li><li class=\"fusion-li-item\" style=\"\"><span class=\"icon-wrapper circle-yes\"><i class=\"fusion-li-icon fa-chevron-circle-right fas\" aria-hidden=\"true\"><\/i><\/span><div class=\"fusion-li-item-content\">\n<p><strong>Votez<\/strong> lors de l&rsquo;assembl\u00e9e g\u00e9n\u00e9rale annuelle (AGA) en ayant la possibilit\u00e9 d&rsquo;exprimer votre opinion et de participer \u00e0 l&rsquo;orientation future de l&rsquo;organisation.<\/p>\n<\/div><\/li><li class=\"fusion-li-item\" style=\"\"><span class=\"icon-wrapper circle-yes\"><i class=\"fusion-li-icon fa-chevron-circle-right fas\" aria-hidden=\"true\"><\/i><\/span><div class=\"fusion-li-item-content\">\n<p>Une \u00e9pinglette <strong>exclusive<\/strong> qui vous identifiera en tant que membre de l\u2019ARC et un t-shirt pour ceux qui s&rsquo;inscrivent pour 3 ans<\/p>\n<\/div><\/li><li class=\"fusion-li-item\" style=\"\"><span class=\"icon-wrapper circle-yes\"><i class=\"fusion-li-icon fa-chevron-circle-right fas\" aria-hidden=\"true\"><\/i><\/span><div class=\"fusion-li-item-content\">\n<p><strong>Acc\u00e8s<\/strong> aux \u00e9v\u00e9nements r\u00e9serv\u00e9s aux membres<\/p>\n<\/div><\/li><\/ul><div class=\"fusion-text fusion-text-2\" style=\"--awb-font-size:14pt;\"><h3>Pour vous joindre \u00e0 nous<\/h3>\n<ol>\n<li style=\"list-style-type: none;\">\n<ol>\n<li>T\u00e9l\u00e9chargez, imprimez et remplissez le <a href=\"https:\/\/arc-hss.ca\/arc-membership-form-2026\/\">formulaire d&rsquo;adh\u00e9sion<\/a> (en anglais seulement)<\/li>\n<li>Joignez le formulaire au paiement ou payez par virement \u00e9lectronique<\/li>\n<li>D\u00e9posez-le ou postez-le dans n&rsquo;importe quel <a href=\"https:\/\/www.arc-hss.ca\/fr\/contact\/\">centre ARC<\/a><\/li>\n<\/ol>\n<\/li>\n<\/ol>\n<p>Ou bien, remplissez le formulaire ci-dessous, cliquez sur \u00ab\u00a0Envoyer\u00a0\u00bb et d\u00e9posez ou envoyez le paiement \u00e0 n&rsquo;importe quel centre ARC.<\/p>\n<\/div><\/div><\/div><div class=\"fusion-layout-column fusion_builder_column fusion-builder-column-1 fusion_builder_column_1_3 1_3 fusion-flex-column\" style=\"--awb-bg-size:cover;--awb-width-large:33.333333333333%;--awb-margin-top-large:0px;--awb-spacing-right-large:5.76%;--awb-margin-bottom-large:20px;--awb-spacing-left-large:5.76%;--awb-width-medium:100%;--awb-order-medium:0;--awb-spacing-right-medium:1.92%;--awb-spacing-left-medium:1.92%;--awb-width-small:100%;--awb-order-small:0;--awb-spacing-right-small:1.92%;--awb-spacing-left-small:1.92%;\"><div class=\"fusion-column-wrapper fusion-column-has-shadow fusion-flex-justify-content-flex-start fusion-content-layout-column\"><div class=\"fusion-image-element \" style=\"--awb-caption-title-font-family:var(--h2_typography-font-family);--awb-caption-title-font-weight:var(--h2_typography-font-weight);--awb-caption-title-font-style:var(--h2_typography-font-style);--awb-caption-title-size:var(--h2_typography-font-size);--awb-caption-title-transform:var(--h2_typography-text-transform);--awb-caption-title-line-height:var(--h2_typography-line-height);--awb-caption-title-letter-spacing:var(--h2_typography-letter-spacing);\"><span class=\" fusion-imageframe imageframe-none imageframe-1 hover-type-none\"><img decoding=\"async\" width=\"1545\" height=\"2000\" title=\"JOIN NOW! 2026 Annual Membership\" src=\"https:\/\/arc-hss.ca\/wp-content\/uploads\/2026\/02\/JOIN-NOW-2026-Annual-Membership.png\" alt class=\"img-responsive wp-image-25576\" srcset=\"https:\/\/arc-hss.ca\/wp-content\/uploads\/2026\/02\/JOIN-NOW-2026-Annual-Membership-200x259.png 200w, https:\/\/arc-hss.ca\/wp-content\/uploads\/2026\/02\/JOIN-NOW-2026-Annual-Membership-400x518.png 400w, https:\/\/arc-hss.ca\/wp-content\/uploads\/2026\/02\/JOIN-NOW-2026-Annual-Membership-600x777.png 600w, https:\/\/arc-hss.ca\/wp-content\/uploads\/2026\/02\/JOIN-NOW-2026-Annual-Membership-800x1036.png 800w, https:\/\/arc-hss.ca\/wp-content\/uploads\/2026\/02\/JOIN-NOW-2026-Annual-Membership-1200x1553.png 1200w, https:\/\/arc-hss.ca\/wp-content\/uploads\/2026\/02\/JOIN-NOW-2026-Annual-Membership.png 1545w\" sizes=\"(max-width: 1024px) 100vw, (max-width: 640px) 100vw, 400px\" \/><\/span><\/div><\/div><\/div><\/div><\/div><div class=\"fusion-fullwidth fullwidth-box fusion-builder-row-2 nonhundred-percent-fullwidth non-hundred-percent-height-scrolling\" style=\"--awb-border-radius-top-left:0px;--awb-border-radius-top-right:0px;--awb-border-radius-bottom-right:0px;--awb-border-radius-bottom-left:0px;--awb-padding-bottom:55px;--awb-flex-wrap:wrap;\" ><div class=\"fusion-builder-row fusion-row\"><div class=\"fusion-layout-column fusion_builder_column fusion-builder-column-2 fusion_builder_column_1_6 1_6 fusion-one-sixth fusion-column-first\" style=\"--awb-bg-size:cover;width:16.666666666667%;width:calc(16.666666666667% - ( ( 4% + 4% ) * 0.16666666666667 ) );margin-right: 4%;\"><div class=\"fusion-column-wrapper fusion-column-has-shadow fusion-flex-column-wrapper-legacy\"><div class=\"fusion-clearfix\"><\/div><\/div><\/div><div class=\"fusion-layout-column fusion_builder_column fusion-builder-column-3 fusion_builder_column_2_3 2_3 fusion-two-third\" style=\"--awb-bg-size:cover;width:66.666666666667%;width:calc(66.666666666667% - ( ( 4% + 4% ) * 0.66666666666667 ) );margin-right: 4%;\"><div class=\"fusion-column-wrapper fusion-column-has-shadow fusion-flex-column-wrapper-legacy\">\n<div class=\"wpcf7 no-js\" id=\"wpcf7-f13346-o1\" lang=\"fr-FR\" dir=\"ltr\" data-wpcf7-id=\"13346\">\n<div class=\"screen-reader-response\"><p role=\"status\" aria-live=\"polite\" aria-atomic=\"true\"><\/p> <ul><\/ul><\/div>\n<form action=\"\/fr\/wp-json\/wp\/v2\/pages\/13338#wpcf7-f13346-o1\" method=\"post\" class=\"wpcf7-form init\" aria-label=\"Formulaire de contact\" novalidate=\"novalidate\" data-status=\"init\">\n<fieldset class=\"hidden-fields-container\"><input type=\"hidden\" name=\"_wpcf7\" value=\"13346\" \/><input type=\"hidden\" name=\"_wpcf7_version\" value=\"6.1.5\" \/><input type=\"hidden\" name=\"_wpcf7_locale\" value=\"fr_FR\" \/><input type=\"hidden\" name=\"_wpcf7_unit_tag\" value=\"wpcf7-f13346-o1\" \/><input type=\"hidden\" name=\"_wpcf7_container_post\" value=\"0\" \/><input type=\"hidden\" name=\"_wpcf7_posted_data_hash\" value=\"\" \/><input type=\"hidden\" name=\"_wpcf7_recaptcha_response\" value=\"\" \/>\n<\/fieldset>\n<div class=\"member_form\">\n\t<div class=\"row\">\n\t\t<div class=\"col-md-12\">\n\t\t\t<p><label>Name<\/label><br \/>\n<span class=\"wpcf7-form-control-wrap\" data-name=\"your-name\"><input size=\"40\" maxlength=\"400\" class=\"wpcf7-form-control wpcf7-text wpcf7-validates-as-required\" aria-required=\"true\" aria-invalid=\"false\" value=\"\" type=\"text\" name=\"your-name\" \/><\/span>\n\t\t\t<\/p>\n\t\t<\/div>\n\t<\/div>\n\t<div class=\"row\">\n\t\t<div class=\"col-md-6\">\n\t\t\t<p><label>Age<\/label><br \/>\n<span class=\"wpcf7-form-control-wrap\" data-name=\"age\"><select class=\"wpcf7-form-control wpcf7-select\" aria-invalid=\"false\" name=\"age\"><option value=\"15-35\">15-35<\/option><option value=\"36-45\">36-45<\/option><option value=\"46-55\">46-55<\/option><option value=\"56-65\">56-65<\/option><option value=\"66-75\">66-75<\/option><option value=\"76+\">76+<\/option><option value=\"Prefer not to say\">Prefer not to say<\/option><\/select><\/span>\n\t\t\t<\/p>\n\t\t<\/div>\n\t\t<div class=\"col-md-6\">\n\t\t\t<p><label>Gender<\/label><br \/>\n<span class=\"wpcf7-form-control-wrap\" data-name=\"sex\"><select class=\"wpcf7-form-control wpcf7-select\" aria-invalid=\"false\" name=\"sex\"><option value=\"Male\">Male<\/option><option value=\"Female\">Female<\/option><option value=\"Non-binary\">Non-binary<\/option><option value=\"Prefer not to say\">Prefer not to say<\/option><\/select><\/span>\n\t\t\t<\/p>\n\t\t<\/div>\n\t<\/div>\n\t<div class=\"row\">\n\t\t<div class=\"col-md-12\">\n\t\t\t<p><label>Address<\/label><br \/>\n<span class=\"wpcf7-form-control-wrap\" data-name=\"full-address\"><input size=\"40\" maxlength=\"400\" class=\"wpcf7-form-control wpcf7-text\" aria-invalid=\"false\" value=\"\" type=\"text\" name=\"full-address\" \/><\/span>\n\t\t\t<\/p>\n\t\t<\/div>\n\t<\/div>\n\t<div class=\"row\">\n\t\t<div class=\"col-md-6\">\n\t\t\t<p><label>City<\/label><br \/>\n<span class=\"wpcf7-form-control-wrap\" data-name=\"your-city\"><input size=\"40\" maxlength=\"400\" class=\"wpcf7-form-control wpcf7-text\" aria-invalid=\"false\" value=\"\" type=\"text\" name=\"your-city\" \/><\/span>\n\t\t\t<\/p>\n\t\t<\/div>\n\t\t<div class=\"col-md-6\">\n\t\t\t<p><label>Postal Code<\/label><br \/>\n<span class=\"wpcf7-form-control-wrap\" data-name=\"postal-code\"><input size=\"40\" maxlength=\"400\" class=\"wpcf7-form-control wpcf7-text\" aria-invalid=\"false\" value=\"\" type=\"text\" name=\"postal-code\" \/><\/span>\n\t\t\t<\/p>\n\t\t<\/div>\n\t<\/div>\n\t<div class=\"row\">\n\t\t<div class=\"col-md-6\">\n\t\t\t<p><label>Telephone<\/label><br \/>\n<span class=\"wpcf7-form-control-wrap\" data-name=\"your-telephone\"><input size=\"40\" maxlength=\"400\" class=\"wpcf7-form-control wpcf7-text\" aria-invalid=\"false\" value=\"\" type=\"text\" name=\"your-telephone\" \/><\/span>\n\t\t\t<\/p>\n\t\t<\/div>\n\t\t<div class=\"col-md-6\">\n\t\t\t<p><label>Email<\/label><br \/>\n<span class=\"wpcf7-form-control-wrap\" data-name=\"your-email\"><input size=\"40\" maxlength=\"400\" class=\"wpcf7-form-control wpcf7-email wpcf7-validates-as-required wpcf7-text wpcf7-validates-as-email\" aria-required=\"true\" aria-invalid=\"false\" value=\"\" type=\"email\" name=\"your-email\" \/><\/span>\n\t\t\t<\/p>\n\t\t<\/div>\n\t<\/div>\n\t<div class=\"row\">\n\t\t<div class=\"col-md-12\">\n\t\t\t<p><label>Where did you hear about us?<\/label><br \/>\n<span class=\"wpcf7-form-control-wrap\" data-name=\"where-did-you\"><textarea cols=\"40\" rows=\"10\" maxlength=\"2000\" class=\"wpcf7-form-control wpcf7-textarea\" aria-invalid=\"false\" name=\"where-did-you\"><\/textarea><\/span>\n\t\t\t<\/p>\n\t\t<\/div>\n\t<\/div>\n\t<div class=\"row\">\n\t\t<div class=\"col-md-12\">\n\t\t\t<p><span class=\"wpcf7-form-control-wrap\" data-name=\"membership-years\"><span class=\"wpcf7-form-control wpcf7-checkbox\"><span class=\"wpcf7-list-item first\"><label><input type=\"checkbox\" name=\"membership-years[]\" value=\"1-year membership $10\" \/><span class=\"wpcf7-list-item-label\">1-year membership $10<\/span><\/label><\/span><span class=\"wpcf7-list-item\"><label><input type=\"checkbox\" name=\"membership-years[]\" value=\"2-year membership $20\" \/><span class=\"wpcf7-list-item-label\">2-year membership $20<\/span><\/label><\/span><span class=\"wpcf7-list-item last\"><label><input type=\"checkbox\" name=\"membership-years[]\" value=\"3-year membership $25\" \/><span class=\"wpcf7-list-item-label\">3-year membership $25<\/span><\/label><\/span><\/span><\/span>\n\t\t\t<\/p>\n\t\t<\/div>\n\t<\/div>\n\t<div class=\"row\">\n\t\t<div class=\"col-md-12\">\n\t\t\t<p><label>For 3-year membership, please indicate your unisex t-shirt size: <\/label><span class=\"wpcf7-form-control-wrap\" data-name=\"tshirt-size\"><span class=\"wpcf7-form-control wpcf7-checkbox\"><span class=\"wpcf7-list-item first\"><label><input type=\"checkbox\" name=\"tshirt-size[]\" value=\"x-small\" \/><span class=\"wpcf7-list-item-label\">x-small<\/span><\/label><\/span><span class=\"wpcf7-list-item\"><label><input type=\"checkbox\" name=\"tshirt-size[]\" value=\"small\" \/><span class=\"wpcf7-list-item-label\">small<\/span><\/label><\/span><span class=\"wpcf7-list-item\"><label><input type=\"checkbox\" name=\"tshirt-size[]\" value=\"medium\" \/><span class=\"wpcf7-list-item-label\">medium<\/span><\/label><\/span><span class=\"wpcf7-list-item\"><label><input type=\"checkbox\" name=\"tshirt-size[]\" value=\"large\" \/><span class=\"wpcf7-list-item-label\">large<\/span><\/label><\/span><span class=\"wpcf7-list-item\"><label><input type=\"checkbox\" name=\"tshirt-size[]\" value=\"x-large\" \/><span class=\"wpcf7-list-item-label\">x-large<\/span><\/label><\/span><span class=\"wpcf7-list-item last\"><label><input type=\"checkbox\" name=\"tshirt-size[]\" value=\"xx-large\" \/><span class=\"wpcf7-list-item-label\">xx-large<\/span><\/label><\/span><\/span><\/span>\n\t\t\t<\/p>\n\t\t<\/div>\n\t<\/div>\n\t<div class=\"row\">\n\t\t<div class=\"col-md-12\">\n\t\t\t<p><label>Or, voluntary contribution<\/label>\n\t\t\t<\/p>\n\t\t\t<div class=\"voluntary_con\">\n\t\t\t\t<p><span class=\"dollaer_sign\">$<\/span><span class=\"wpcf7-form-control-wrap\" data-name=\"voluntary-contribution\"><input size=\"40\" maxlength=\"400\" class=\"wpcf7-form-control wpcf7-text\" aria-invalid=\"false\" value=\"\" type=\"text\" name=\"voluntary-contribution\" \/><\/span>\n\t\t\t\t<\/p>\n\t\t\t<\/div>\n\t\t<\/div>\n\t<\/div>\n\t<div class=\"row\">\n\t\t<div class=\"col-md-12\">\n\t\t\t<p><span class=\"wpcf7-form-control-wrap\" data-name=\"membership-yamount\"><span class=\"wpcf7-form-control wpcf7-checkbox\"><span class=\"wpcf7-list-item first\"><label><input type=\"checkbox\" name=\"membership-yamount[]\" value=\"1-year organization membership $20\" \/><span class=\"wpcf7-list-item-label\">1-year organization membership $20<\/span><\/label><\/span><span class=\"wpcf7-list-item last\"><label><input type=\"checkbox\" name=\"membership-yamount[]\" value=\"2-year organization membership $40\" \/><span class=\"wpcf7-list-item-label\">2-year organization membership $40<\/span><\/label><\/span><\/span><\/span>\n\t\t\t<\/p>\n\t\t<\/div>\n\t<\/div>\n\t<div class=\"row\">\n\t\t<div class=\"col-md-12\">\n\t\t\t<p><label>Organization name (if applicable)<\/label><br \/>\n<span class=\"wpcf7-form-control-wrap\" data-name=\"org-name\"><input size=\"40\" maxlength=\"400\" class=\"wpcf7-form-control wpcf7-text\" aria-invalid=\"false\" value=\"\" type=\"text\" name=\"org-name\" \/><\/span>\n\t\t\t<\/p>\n\t\t<\/div>\n\t<\/div>\n\t<div class=\"row\">\n\t\t<div class=\"col-md-12\">\n\t\t\t<p><label>Check those which apply to you:<\/label><br \/>\n<span class=\"wpcf7-form-control-wrap\" data-name=\"checktheseif\"><span class=\"wpcf7-form-control wpcf7-checkbox\"><span class=\"wpcf7-list-item first\"><label><input type=\"checkbox\" name=\"checktheseif[]\" value=\"I would like to receive The Advisor newsletter and information about ARC\u2019s events by email.\" \/><span class=\"wpcf7-list-item-label\">I would like to receive The Advisor newsletter and information about ARC\u2019s events by email.<\/span><\/label><\/span><span class=\"wpcf7-list-item last\"><label><input type=\"checkbox\" name=\"checktheseif[]\" value=\"I would like to learn more about volunteer activities.\" \/><span class=\"wpcf7-list-item-label\">I would like to learn more about volunteer activities.<\/span><\/label><\/span><\/span><\/span>\n\t\t\t<\/p>\n\t\t<\/div>\n\t<\/div>\n\t<div class=\"row\">\n\t\t<div class=\"col-md-12\">\n\t\t\t<p class=\"small\">Complete this form, press SUBMIT. Mail or drop off payment to any ARC location. Payable by e-transfer to info@arc-hss.ca, password: archss2026, or cheque payable to <i>Assistance and Referral Centre<\/i>.\n\t\t\t<\/p>\n\t\t\t<p class=\"small\">By pressing SUBMIT, you are digitally signing this membership form.\n\t\t\t<\/p>\n\t\t<\/div>\n\t<\/div>\n\t<p><input class=\"wpcf7-form-control wpcf7-submit has-spinner\" type=\"submit\" value=\"Submit\" \/>\n\t<\/p>\n<\/div><p style=\"display: none !important;\" class=\"akismet-fields-container\" data-prefix=\"_wpcf7_ak_\"><label>&#916;<textarea name=\"_wpcf7_ak_hp_textarea\" cols=\"45\" rows=\"8\" maxlength=\"100\"><\/textarea><\/label><input type=\"hidden\" id=\"ak_js_1\" name=\"_wpcf7_ak_js\" value=\"101\"\/><script>document.getElementById( \"ak_js_1\" ).setAttribute( \"value\", ( new Date() ).getTime() );<\/script><\/p><div class=\"fusion-alert alert custom alert-custom fusion-alert-center wpcf7-response-output awb-alert-native-link-color alert-dismissable awb-alert-close-boxed\" style=\"--awb-border-size:1px;--awb-border-top-left-radius:0px;--awb-border-top-right-radius:0px;--awb-border-bottom-left-radius:0px;--awb-border-bottom-right-radius:0px;\" role=\"alert\"><div class=\"fusion-alert-content-wrapper\"><span class=\"fusion-alert-content\"><\/span><\/div><button type=\"button\" class=\"close toggle-alert\" data-dismiss=\"alert\" aria-label=\"Close\">&times;<\/button><\/div>\n<\/form>\n<\/div>\n<div class=\"fusion-clearfix\"><\/div><\/div><\/div><div class=\"fusion-layout-column fusion_builder_column fusion-builder-column-4 fusion_builder_column_1_6 1_6 fusion-one-sixth fusion-column-last\" style=\"--awb-bg-size:cover;width:16.666666666667%;width:calc(16.666666666667% - ( ( 4% + 4% ) * 0.16666666666667 ) );\"><div class=\"fusion-column-wrapper fusion-column-has-shadow fusion-flex-column-wrapper-legacy\"><div class=\"fusion-clearfix\"><\/div><\/div><\/div><div class=\"fusion-layout-column fusion_builder_column fusion-builder-column-5 fusion_builder_column_1_1 1_1 fusion-one-full fusion-column-first fusion-column-last\" style=\"--awb-bg-size:cover;\"><div class=\"fusion-column-wrapper fusion-column-has-shadow fusion-flex-column-wrapper-legacy\"><div class=\"fusion-text fusion-text-3\"><p>L&rsquo;ARC se r\u00e9serve le droit de refuser ou de r\u00e9voquer une demande d&rsquo;adh\u00e9sion \u00e0 tout moment.<\/p>\n<p>Attentes envers les membres :<\/p>\n<ul>\n<li>Payer la cotisation annuelle<\/li>\n<li>Promouvoir la mission et les valeurs de l\u2019organisation<\/li>\n<li>Encourager la participation de la communaut\u00e9 aux activit\u00e9s et leur adh\u00e9sion \u00e0 l\u2019organisation<\/li>\n<li>et, soutenir les \u00e9v\u00e9nements de l\u2019organisation<\/li>\n<\/ul>\n<\/div><div class=\"fusion-clearfix\"><\/div><\/div><\/div><\/div><\/div><\/p>\n","protected":false},"excerpt":{"rendered":"","protected":false},"author":1,"featured_media":0,"parent":0,"menu_order":0,"comment_status":"closed","ping_status":"closed","template":"","meta":{"_acf_changed":false,"footnotes":""},"class_list":["post-13338","page","type-page","status-publish","hentry"],"acf":[],"yoast_head":"<!-- This site is optimized with the Yoast SEO plugin v27.4 - https:\/\/yoast.com\/product\/yoast-seo-wordpress\/ -->\n<title>Devenir membre - ARC<\/title>\n<meta name=\"robots\" content=\"index, follow, max-snippet:-1, max-image-preview:large, max-video-preview:-1\" \/>\n<link rel=\"canonical\" href=\"https:\/\/arc-hss.ca\/fr\/devenir-membre\/\" \/>\n<meta property=\"og:locale\" content=\"fr_FR\" \/>\n<meta property=\"og:type\" content=\"article\" \/>\n<meta property=\"og:title\" content=\"Devenir membre - ARC\" \/>\n<meta property=\"og:url\" content=\"https:\/\/arc-hss.ca\/fr\/devenir-membre\/\" \/>\n<meta property=\"og:site_name\" content=\"ARC\" \/>\n<meta property=\"article:modified_time\" content=\"2026-02-25T13:54:25+00:00\" \/>\n<meta name=\"twitter:card\" content=\"summary_large_image\" \/>\n<meta name=\"twitter:label1\" content=\"Dur\u00e9e de lecture estim\u00e9e\" \/>\n\t<meta name=\"twitter:data1\" content=\"2 minutes\" \/>\n<script type=\"application\/ld+json\" class=\"yoast-schema-graph\">{\"@context\":\"https:\\\/\\\/schema.org\",\"@graph\":[{\"@type\":\"WebPage\",\"@id\":\"https:\\\/\\\/arc-hss.ca\\\/fr\\\/devenir-membre\\\/\",\"url\":\"https:\\\/\\\/arc-hss.ca\\\/fr\\\/devenir-membre\\\/\",\"name\":\"Devenir membre - ARC\",\"isPartOf\":{\"@id\":\"https:\\\/\\\/arc-hss.ca\\\/fr\\\/#website\"},\"datePublished\":\"2020-05-20T11:04:20+00:00\",\"dateModified\":\"2026-02-25T13:54:25+00:00\",\"breadcrumb\":{\"@id\":\"https:\\\/\\\/arc-hss.ca\\\/fr\\\/devenir-membre\\\/#breadcrumb\"},\"inLanguage\":\"fr-FR\",\"potentialAction\":[{\"@type\":\"ReadAction\",\"target\":[\"https:\\\/\\\/arc-hss.ca\\\/fr\\\/devenir-membre\\\/\"]}]},{\"@type\":\"BreadcrumbList\",\"@id\":\"https:\\\/\\\/arc-hss.ca\\\/fr\\\/devenir-membre\\\/#breadcrumb\",\"itemListElement\":[{\"@type\":\"ListItem\",\"position\":1,\"name\":\"Home\",\"item\":\"https:\\\/\\\/arc-hss.ca\\\/fr\\\/\"},{\"@type\":\"ListItem\",\"position\":2,\"name\":\"Devenir membre\"}]},{\"@type\":\"WebSite\",\"@id\":\"https:\\\/\\\/arc-hss.ca\\\/fr\\\/#website\",\"url\":\"https:\\\/\\\/arc-hss.ca\\\/fr\\\/\",\"name\":\"ARC\",\"description\":\"Assistance and Referral Centre\",\"potentialAction\":[{\"@type\":\"SearchAction\",\"target\":{\"@type\":\"EntryPoint\",\"urlTemplate\":\"https:\\\/\\\/arc-hss.ca\\\/fr\\\/?s={search_term_string}\"},\"query-input\":{\"@type\":\"PropertyValueSpecification\",\"valueRequired\":true,\"valueName\":\"search_term_string\"}}],\"inLanguage\":\"fr-FR\"}]}<\/script>\n<!-- \/ Yoast SEO plugin. -->","yoast_head_json":{"title":"Devenir membre - ARC","robots":{"index":"index","follow":"follow","max-snippet":"max-snippet:-1","max-image-preview":"max-image-preview:large","max-video-preview":"max-video-preview:-1"},"canonical":"https:\/\/arc-hss.ca\/fr\/devenir-membre\/","og_locale":"fr_FR","og_type":"article","og_title":"Devenir membre - ARC","og_url":"https:\/\/arc-hss.ca\/fr\/devenir-membre\/","og_site_name":"ARC","article_modified_time":"2026-02-25T13:54:25+00:00","twitter_card":"summary_large_image","twitter_misc":{"Dur\u00e9e de lecture estim\u00e9e":"2 minutes"},"schema":{"@context":"https:\/\/schema.org","@graph":[{"@type":"WebPage","@id":"https:\/\/arc-hss.ca\/fr\/devenir-membre\/","url":"https:\/\/arc-hss.ca\/fr\/devenir-membre\/","name":"Devenir membre - ARC","isPartOf":{"@id":"https:\/\/arc-hss.ca\/fr\/#website"},"datePublished":"2020-05-20T11:04:20+00:00","dateModified":"2026-02-25T13:54:25+00:00","breadcrumb":{"@id":"https:\/\/arc-hss.ca\/fr\/devenir-membre\/#breadcrumb"},"inLanguage":"fr-FR","potentialAction":[{"@type":"ReadAction","target":["https:\/\/arc-hss.ca\/fr\/devenir-membre\/"]}]},{"@type":"BreadcrumbList","@id":"https:\/\/arc-hss.ca\/fr\/devenir-membre\/#breadcrumb","itemListElement":[{"@type":"ListItem","position":1,"name":"Home","item":"https:\/\/arc-hss.ca\/fr\/"},{"@type":"ListItem","position":2,"name":"Devenir membre"}]},{"@type":"WebSite","@id":"https:\/\/arc-hss.ca\/fr\/#website","url":"https:\/\/arc-hss.ca\/fr\/","name":"ARC","description":"Assistance and Referral Centre","potentialAction":[{"@type":"SearchAction","target":{"@type":"EntryPoint","urlTemplate":"https:\/\/arc-hss.ca\/fr\/?s={search_term_string}"},"query-input":{"@type":"PropertyValueSpecification","valueRequired":true,"valueName":"search_term_string"}}],"inLanguage":"fr-FR"}]}},"_links":{"self":[{"href":"https:\/\/arc-hss.ca\/fr\/wp-json\/wp\/v2\/pages\/13338","targetHints":{"allow":["GET"]}}],"collection":[{"href":"https:\/\/arc-hss.ca\/fr\/wp-json\/wp\/v2\/pages"}],"about":[{"href":"https:\/\/arc-hss.ca\/fr\/wp-json\/wp\/v2\/types\/page"}],"author":[{"embeddable":true,"href":"https:\/\/arc-hss.ca\/fr\/wp-json\/wp\/v2\/users\/1"}],"replies":[{"embeddable":true,"href":"https:\/\/arc-hss.ca\/fr\/wp-json\/wp\/v2\/comments?post=13338"}],"version-history":[{"count":0,"href":"https:\/\/arc-hss.ca\/fr\/wp-json\/wp\/v2\/pages\/13338\/revisions"}],"wp:attachment":[{"href":"https:\/\/arc-hss.ca\/fr\/wp-json\/wp\/v2\/media?parent=13338"}],"curies":[{"name":"wp","href":"https:\/\/api.w.org\/{rel}","templated":true}]}}