{"id":13285,"date":"2020-05-20T06:10:48","date_gmt":"2020-05-20T10:10:48","guid":{"rendered":"https:\/\/www.arc-hss.ca\/disclaimer\/"},"modified":"2024-01-18T14:59:32","modified_gmt":"2024-01-18T19:59:32","slug":"avis-de-non-responsabilite","status":"publish","type":"page","link":"https:\/\/arc-hss.ca\/fr\/avis-de-non-responsabilite\/","title":{"rendered":"Avis de non-responsabilit\u00e9"},"content":{"rendered":"\r\n<p style=\"font-weight: 400;\"><strong>Droits d&rsquo;auteur, avis et Clauses de Non-Responsabilit\u00e9<\/strong><\/p>\r\n<p>En acc\u00e9dant au site Web de l&rsquo;ARC et en l&rsquo;utilisant, vous acceptez les dispositions suivantes et vous \u00eates tenu de les respecter. Ces conditions peuvent \u00eatre modifi\u00e9es de temps \u00e0 autre et il vous incombe de v\u00e9rifier si elles ont \u00e9t\u00e9 mises \u00e0 jour.<\/p>\r\n<p>Les documents pr\u00e9sents sur ce site Web ont \u00e9t\u00e9 produits et\/ou compil\u00e9s par ARC dans le but de fournir aux utilisateurs un acc\u00e8s direct \u00e0 l&rsquo;information sur les programmes et services offerts dans le domaine de la sant\u00e9 et des services sociaux.<\/p>\r\n<p><strong>Droits R\u00e9serv\u00e9s<\/strong><\/p>\r\n<p>Ce site Web est publi\u00e9 par le Centre d&rsquo;assistance et de r\u00e9f\u00e9rence ARC, 106 Boul. Churchill, Greenfield Park J4V 2L9. Tous droits r\u00e9serv\u00e9s. Le site Web de l&rsquo;ARC contient des informations, des communications, des graphiques et d&rsquo;autres documents et services (collectivement, le \u00ab\u00a0contenu\u00a0\u00bb). Vous convenez que le contenu et la s\u00e9lection, la disposition, l&rsquo;architecture et l&rsquo;am\u00e9lioration du contenu et d&rsquo;autres caract\u00e9ristiques du site Web (la \u00a0\u00bb conception du site Web \u00ab\u00a0) sont prot\u00e9g\u00e9s par des droits de propri\u00e9t\u00e9 intellectuelle et industrielle canadiens et internationaux, y compris des droits d&rsquo;auteur, des marques de commerce et d&rsquo;autres droits de propri\u00e9t\u00e9. Ces droits sont valides et prot\u00e9g\u00e9s dans tous les m\u00e9dias existants maintenant ou d\u00e9velopp\u00e9s ult\u00e9rieurement, et toute utilisation du contenu ou de la conception du site Web doit \u00eatre conforme \u00e0 ces droits et aux conditions de la pr\u00e9sente entente. Certains mat\u00e9riaux et \u00e9l\u00e9ments graphiques pr\u00e9sents sur ce site Web sont soumis \u00e0 des droits d&rsquo;auteur d\u00e9tenus par d&rsquo;autres organisations. Dans ce cas, certaines restrictions sur la reproduction des mat\u00e9riaux ou des \u00e9l\u00e9ments graphiques peuvent s&rsquo;appliquer et il peut \u00eatre n\u00e9cessaire de demander l&rsquo;autorisation du d\u00e9tenteur des droits avant de reproduire le mat\u00e9riel.<\/p>\r\n<p><strong>Droit d&rsquo;auteur\/Autorisation de Reproduction<\/strong><\/p>\r\n<p>Les utilisateurs de ce site Web se voient accorder une licence limit\u00e9e leur permettant d&rsquo;afficher ou d&rsquo;imprimer le contenu de ce site pour leur usage personnel et non commercial uniquement, \u00e0 condition que le contenu ne soit pas modifi\u00e9 et que cette page de droits d&rsquo;auteur et de clause de non-responsabilit\u00e9 soit jointe. Toute autre utilisation du contenu ou de la conception du site est interdite. Aucune partie du contenu ne peut \u00eatre reproduite, republi\u00e9e ou rediffus\u00e9e de quelque mani\u00e8re ou sous quelque forme que ce soit sans le consentement \u00e9crit pr\u00e9alable d&rsquo;ARC.<\/p>\r\n<p><strong>Avis de Non-Responsabilit\u00e9<\/strong><\/p>\r\n<p>Bien que l&rsquo;ARC ait fait tout son possible pour s&rsquo;assurer que les informations contenues dans son site Web sont exactes, elle ne garantit pas l&rsquo;exactitude ou l&rsquo;exhaustivit\u00e9 de ces informations, ni que le site Web sera exempt d&rsquo;erreurs ou d&rsquo;omissions. Les informations sont fournies en l&rsquo;\u00e9tat, sans garantie d&rsquo;aucune sorte.<\/p>\r\n<p>Les informations publi\u00e9es sur ce site pourraient comporter des inexactitudes techniques ou des erreurs typographiques. Nous nous r\u00e9servons le droit de corriger ou de modifier tout ou partie de son contenu sans pr\u00e9avis. L&rsquo;ARC n&rsquo;assume aucune responsabilit\u00e9 r\u00e9put\u00e9e avoir \u00e9t\u00e9 caus\u00e9e directement ou indirectement par tout contenu de son site. Les personnes qui acc\u00e8dent \u00e0 ces informations assument l&rsquo;enti\u00e8re responsabilit\u00e9 de l&rsquo;utilisation de ces informations et comprennent et acceptent que l&rsquo;ARC ne soit pas responsable de toute r\u00e9clamation, perte ou dommage r\u00e9sultant de l&rsquo;utilisation de ces informations.<\/p>\r\n<p><strong>Confidentialit\u00e9<\/strong><\/p>\r\n<p>Vous pouvez consulter l&rsquo;int\u00e9gralit\u00e9 de notre politique de confidentialit\u00e9 ici :<br \/><a href=\"https:\/\/www.arc-hss.ca\/fr\/politique-de-confidentialite\/\">https:\/\/www.arc-hss.ca\/fr\/politique-de-confidentialite\/<\/a><\/p>\r\n<p><strong>Liens v=Vers des Sites Tiers<\/strong><\/p>\r\n<p>L&rsquo;ARC n&rsquo;assume aucune responsabilit\u00e9 et n&rsquo;exerce aucun contr\u00f4le \u00e9ditorial ou autre sur le contenu des autres sites qui peuvent \u00eatre li\u00e9s au pr\u00e9sent site ou \u00e0 celui-ci. ARC n&rsquo;est pas responsable du contenu de tout site li\u00e9 ou de tout lien contenu dans un site li\u00e9, ni de tout changement ou mise \u00e0 jour de ces sites. ARC n&rsquo;est pas responsable de la diffusion sur le Web ou de toute autre forme de transmission re\u00e7ue d&rsquo;un site li\u00e9. ARC vous fournit ces liens uniquement \u00e0 titre de commodit\u00e9, et l&rsquo;inclusion d&rsquo;un lien n&rsquo;implique pas l&rsquo;approbation du site par ARC.<\/p>\r\n","protected":false},"excerpt":{"rendered":"<p>Droits d&rsquo;auteur, avis et Clauses de Non-Responsabilit\u00e9 En acc\u00e9dant au <\/p>\n","protected":false},"author":1,"featured_media":0,"parent":0,"menu_order":0,"comment_status":"closed","ping_status":"open","template":"","meta":{"_acf_changed":false,"footnotes":""},"class_list":["post-13285","page","type-page","status-publish","hentry"],"acf":[],"yoast_head":"<!-- This site is optimized with the Yoast SEO plugin v27.4 - https:\/\/yoast.com\/product\/yoast-seo-wordpress\/ -->\n<title>Avis de non-responsabilit\u00e9 - ARC<\/title>\n<meta name=\"robots\" content=\"index, follow, max-snippet:-1, max-image-preview:large, max-video-preview:-1\" \/>\n<link rel=\"canonical\" href=\"https:\/\/arc-hss.ca\/fr\/avis-de-non-responsabilite\/\" \/>\n<meta property=\"og:locale\" content=\"fr_FR\" \/>\n<meta property=\"og:type\" content=\"article\" \/>\n<meta property=\"og:title\" content=\"Avis de non-responsabilit\u00e9 - ARC\" \/>\n<meta property=\"og:description\" content=\"Droits d&rsquo;auteur, avis et Clauses de Non-Responsabilit\u00e9 En acc\u00e9dant au\" \/>\n<meta property=\"og:url\" content=\"https:\/\/arc-hss.ca\/fr\/avis-de-non-responsabilite\/\" \/>\n<meta property=\"og:site_name\" content=\"ARC\" \/>\n<meta property=\"article:modified_time\" content=\"2024-01-18T19:59:32+00:00\" \/>\n<meta name=\"twitter:card\" content=\"summary_large_image\" \/>\n<meta name=\"twitter:label1\" content=\"Dur\u00e9e de lecture estim\u00e9e\" \/>\n\t<meta name=\"twitter:data1\" content=\"3 minutes\" \/>\n<script type=\"application\/ld+json\" class=\"yoast-schema-graph\">{\"@context\":\"https:\\\/\\\/schema.org\",\"@graph\":[{\"@type\":\"WebPage\",\"@id\":\"https:\\\/\\\/arc-hss.ca\\\/fr\\\/avis-de-non-responsabilite\\\/\",\"url\":\"https:\\\/\\\/arc-hss.ca\\\/fr\\\/avis-de-non-responsabilite\\\/\",\"name\":\"Avis de non-responsabilit\u00e9 - ARC\",\"isPartOf\":{\"@id\":\"https:\\\/\\\/arc-hss.ca\\\/fr\\\/#website\"},\"datePublished\":\"2020-05-20T10:10:48+00:00\",\"dateModified\":\"2024-01-18T19:59:32+00:00\",\"breadcrumb\":{\"@id\":\"https:\\\/\\\/arc-hss.ca\\\/fr\\\/avis-de-non-responsabilite\\\/#breadcrumb\"},\"inLanguage\":\"fr-FR\",\"potentialAction\":[{\"@type\":\"ReadAction\",\"target\":[\"https:\\\/\\\/arc-hss.ca\\\/fr\\\/avis-de-non-responsabilite\\\/\"]}]},{\"@type\":\"BreadcrumbList\",\"@id\":\"https:\\\/\\\/arc-hss.ca\\\/fr\\\/avis-de-non-responsabilite\\\/#breadcrumb\",\"itemListElement\":[{\"@type\":\"ListItem\",\"position\":1,\"name\":\"Home\",\"item\":\"https:\\\/\\\/arc-hss.ca\\\/fr\\\/\"},{\"@type\":\"ListItem\",\"position\":2,\"name\":\"Avis de non-responsabilit\u00e9\"}]},{\"@type\":\"WebSite\",\"@id\":\"https:\\\/\\\/arc-hss.ca\\\/fr\\\/#website\",\"url\":\"https:\\\/\\\/arc-hss.ca\\\/fr\\\/\",\"name\":\"ARC\",\"description\":\"Assistance and Referral Centre\",\"potentialAction\":[{\"@type\":\"SearchAction\",\"target\":{\"@type\":\"EntryPoint\",\"urlTemplate\":\"https:\\\/\\\/arc-hss.ca\\\/fr\\\/?s={search_term_string}\"},\"query-input\":{\"@type\":\"PropertyValueSpecification\",\"valueRequired\":true,\"valueName\":\"search_term_string\"}}],\"inLanguage\":\"fr-FR\"}]}<\/script>\n<!-- \/ Yoast SEO plugin. -->","yoast_head_json":{"title":"Avis de non-responsabilit\u00e9 - ARC","robots":{"index":"index","follow":"follow","max-snippet":"max-snippet:-1","max-image-preview":"max-image-preview:large","max-video-preview":"max-video-preview:-1"},"canonical":"https:\/\/arc-hss.ca\/fr\/avis-de-non-responsabilite\/","og_locale":"fr_FR","og_type":"article","og_title":"Avis de non-responsabilit\u00e9 - ARC","og_description":"Droits d&rsquo;auteur, avis et Clauses de Non-Responsabilit\u00e9 En acc\u00e9dant au","og_url":"https:\/\/arc-hss.ca\/fr\/avis-de-non-responsabilite\/","og_site_name":"ARC","article_modified_time":"2024-01-18T19:59:32+00:00","twitter_card":"summary_large_image","twitter_misc":{"Dur\u00e9e de lecture estim\u00e9e":"3 minutes"},"schema":{"@context":"https:\/\/schema.org","@graph":[{"@type":"WebPage","@id":"https:\/\/arc-hss.ca\/fr\/avis-de-non-responsabilite\/","url":"https:\/\/arc-hss.ca\/fr\/avis-de-non-responsabilite\/","name":"Avis de non-responsabilit\u00e9 - ARC","isPartOf":{"@id":"https:\/\/arc-hss.ca\/fr\/#website"},"datePublished":"2020-05-20T10:10:48+00:00","dateModified":"2024-01-18T19:59:32+00:00","breadcrumb":{"@id":"https:\/\/arc-hss.ca\/fr\/avis-de-non-responsabilite\/#breadcrumb"},"inLanguage":"fr-FR","potentialAction":[{"@type":"ReadAction","target":["https:\/\/arc-hss.ca\/fr\/avis-de-non-responsabilite\/"]}]},{"@type":"BreadcrumbList","@id":"https:\/\/arc-hss.ca\/fr\/avis-de-non-responsabilite\/#breadcrumb","itemListElement":[{"@type":"ListItem","position":1,"name":"Home","item":"https:\/\/arc-hss.ca\/fr\/"},{"@type":"ListItem","position":2,"name":"Avis de non-responsabilit\u00e9"}]},{"@type":"WebSite","@id":"https:\/\/arc-hss.ca\/fr\/#website","url":"https:\/\/arc-hss.ca\/fr\/","name":"ARC","description":"Assistance and Referral Centre","potentialAction":[{"@type":"SearchAction","target":{"@type":"EntryPoint","urlTemplate":"https:\/\/arc-hss.ca\/fr\/?s={search_term_string}"},"query-input":{"@type":"PropertyValueSpecification","valueRequired":true,"valueName":"search_term_string"}}],"inLanguage":"fr-FR"}]}},"_links":{"self":[{"href":"https:\/\/arc-hss.ca\/fr\/wp-json\/wp\/v2\/pages\/13285","targetHints":{"allow":["GET"]}}],"collection":[{"href":"https:\/\/arc-hss.ca\/fr\/wp-json\/wp\/v2\/pages"}],"about":[{"href":"https:\/\/arc-hss.ca\/fr\/wp-json\/wp\/v2\/types\/page"}],"author":[{"embeddable":true,"href":"https:\/\/arc-hss.ca\/fr\/wp-json\/wp\/v2\/users\/1"}],"replies":[{"embeddable":true,"href":"https:\/\/arc-hss.ca\/fr\/wp-json\/wp\/v2\/comments?post=13285"}],"version-history":[{"count":0,"href":"https:\/\/arc-hss.ca\/fr\/wp-json\/wp\/v2\/pages\/13285\/revisions"}],"wp:attachment":[{"href":"https:\/\/arc-hss.ca\/fr\/wp-json\/wp\/v2\/media?parent=13285"}],"curies":[{"name":"wp","href":"https:\/\/api.w.org\/{rel}","templated":true}]}}