{"id":13268,"date":"2020-06-24T15:55:52","date_gmt":"2020-06-24T19:55:52","guid":{"rendered":"https:\/\/www.arc-hss.ca\/the-advisor\/"},"modified":"2026-03-31T10:44:58","modified_gmt":"2026-03-31T14:44:58","slug":"the-advisor","status":"publish","type":"page","link":"https:\/\/arc-hss.ca\/fr\/the-advisor\/","title":{"rendered":"Infolettre \u00abThe Advisor \u00bb"},"content":{"rendered":"<p><div class=\"fusion-fullwidth fullwidth-box fusion-builder-row-1 nonhundred-percent-fullwidth non-hundred-percent-height-scrolling\" style=\"--awb-border-radius-top-left:0px;--awb-border-radius-top-right:0px;--awb-border-radius-bottom-right:0px;--awb-border-radius-bottom-left:0px;--awb-flex-wrap:wrap;\" ><div class=\"fusion-builder-row fusion-row\"><div class=\"fusion-layout-column fusion_builder_column fusion-builder-column-0 fusion_builder_column_1_2 1_2 fusion-one-half fusion-column-first\" style=\"--awb-bg-size:cover;width:50%;width:calc(50% - ( ( 4% ) * 0.5 ) );margin-right: 4%;\"><div class=\"fusion-column-wrapper fusion-column-has-shadow fusion-flex-column-wrapper-legacy\"><div class=\"fusion-title title fusion-title-1 fusion-sep-none fusion-title-text fusion-title-size-two\" style=\"--awb-margin-top-small:10px;--awb-margin-right-small:0px;--awb-margin-bottom-small:10px;--awb-margin-left-small:0px;\"><h2 class=\"fusion-title-heading title-heading-left fusion-responsive-typography-calculated\" style=\"margin:0;--fontSize:30;line-height:1.2;\">Votre source d\u2019information sur les activit\u00e9s communautaires de la Rive-Sud<\/h2><\/div><div class=\"fusion-text fusion-text-1\" style=\"--awb-text-transform:none;\"><p><strong><em>Disponible seulement en anglais.<\/em><\/strong><\/p>\n<\/div><div class=\"fusion-text fusion-text-2\" style=\"--awb-text-transform:none;\"><p style=\"text-align: left;\"><a href=\"https:\/\/www.arc-hss.ca\/april-2026\/\">Infolettre &#8211; Avril 2026<\/a><\/p>\n<\/div><div class=\"fusion-button-wrapper fusion-alignleft\"><a class=\"fusion-button button-flat fusion-button-default-size button-default fusion-button-default button-1 fusion-button-default-span fusion-button-default-type\" target=\"_blank\" rel=\"noopener noreferrer\" href=\"https:\/\/www.arc-hss.ca\/april-2026\/\"><span class=\"fusion-button-text awb-button__text awb-button__text--default\">VIEW PDF<\/span><\/a><\/div><div class=\"fusion-clearfix\"><\/div><\/div><\/div><div class=\"fusion-layout-column fusion_builder_column fusion-builder-column-1 fusion_builder_column_1_2 1_2 fusion-one-half fusion-column-last\" style=\"--awb-bg-size:cover;width:50%;width:calc(50% - ( ( 4% ) * 0.5 ) );\"><div class=\"fusion-column-wrapper fusion-column-has-shadow fusion-flex-column-wrapper-legacy\"><div class=\"fusion-image-element fusion-image-align-center in-legacy-container\" style=\"text-align:center;--awb-max-width:500px;--awb-caption-title-font-family:var(--h2_typography-font-family);--awb-caption-title-font-weight:var(--h2_typography-font-weight);--awb-caption-title-font-style:var(--h2_typography-font-style);--awb-caption-title-size:var(--h2_typography-font-size);--awb-caption-title-transform:var(--h2_typography-text-transform);--awb-caption-title-line-height:var(--h2_typography-line-height);--awb-caption-title-letter-spacing:var(--h2_typography-letter-spacing);\"><div class=\"imageframe-align-center\"><span class=\" fusion-imageframe imageframe-none imageframe-1 hover-type-none\"><img decoding=\"async\" width=\"600\" height=\"774\" title=\"April 2026 cover\" src=\"https:\/\/arc-hss.ca\/wp-content\/uploads\/2026\/03\/April-2026-cover-600x774.png\" alt class=\"img-responsive wp-image-25828\" srcset=\"https:\/\/arc-hss.ca\/wp-content\/uploads\/2026\/03\/April-2026-cover-200x258.png 200w, https:\/\/arc-hss.ca\/wp-content\/uploads\/2026\/03\/April-2026-cover-400x516.png 400w, https:\/\/arc-hss.ca\/wp-content\/uploads\/2026\/03\/April-2026-cover-600x774.png 600w, https:\/\/arc-hss.ca\/wp-content\/uploads\/2026\/03\/April-2026-cover-800x1032.png 800w, https:\/\/arc-hss.ca\/wp-content\/uploads\/2026\/03\/April-2026-cover-1200x1548.png 1200w\" sizes=\"(max-width: 812px) 100vw, 800px\" \/><\/span><\/div><\/div><div class=\"fusion-clearfix\"><\/div><\/div><\/div><\/div><\/div><div class=\"fusion-fullwidth fullwidth-box fusion-builder-row-2 nonhundred-percent-fullwidth non-hundred-percent-height-scrolling\" style=\"--awb-border-radius-top-left:0px;--awb-border-radius-top-right:0px;--awb-border-radius-bottom-right:0px;--awb-border-radius-bottom-left:0px;--awb-padding-top:70px;--awb-padding-bottom:70px;--awb-margin-top:70px;--awb-background-color:#f7f7f7;--awb-flex-wrap:wrap;\" ><div class=\"fusion-builder-row fusion-row\"><div class=\"fusion-layout-column fusion_builder_column fusion-builder-column-2 fusion_builder_column_1_1 1_1 fusion-one-full fusion-column-first fusion-column-last\" style=\"--awb-bg-size:cover;--awb-margin-bottom:30px;\"><div class=\"fusion-column-wrapper fusion-column-has-shadow fusion-flex-column-wrapper-legacy\"><div class=\"fusion-text fusion-text-3\"><h3 style=\"text-align: center;\">Voir les Num\u00e9ros Pr\u00e9c\u00e9dents<\/h3>\n<\/div><div class=\"fusion-clearfix\"><\/div><\/div><\/div><div class=\"fusion-layout-column fusion_builder_column fusion-builder-column-3 fusion_builder_column_1_4 1_4 fusion-one-fourth fusion-column-first\" style=\"--awb-bg-size:cover;width:25%;width:calc(25% - ( ( 4% + 4% + 4% ) * 0.25 ) );margin-right: 4%;\"><div class=\"fusion-column-wrapper fusion-column-has-shadow fusion-flex-column-wrapper-legacy\"><div class=\"fusion-text fusion-text-4\" style=\"--awb-text-transform:none;\"><p><a href=\"https:\/\/www.arc-hss.ca\/march-2026\/\">The Advisor &#8211; Mars 2026<\/a><\/p>\n<\/div><div class=\"fusion-clearfix\"><\/div><\/div><\/div><div class=\"fusion-layout-column fusion_builder_column fusion-builder-column-4 fusion_builder_column_1_4 1_4 fusion-one-fourth\" style=\"--awb-bg-size:cover;width:25%;width:calc(25% - ( ( 4% + 4% + 4% ) * 0.25 ) );margin-right: 4%;\"><div class=\"fusion-column-wrapper fusion-column-has-shadow fusion-flex-column-wrapper-legacy\"><div class=\"fusion-text fusion-text-5\" style=\"--awb-text-transform:none;\"><p><a href=\"https:\/\/www.arc-hss.ca\/february-2026\/\">The Advisor &#8211; Fevrier 2026<\/a><\/p>\n<\/div><div class=\"fusion-clearfix\"><\/div><\/div><\/div><div class=\"fusion-layout-column fusion_builder_column fusion-builder-column-5 fusion_builder_column_1_4 1_4 fusion-one-fourth\" style=\"--awb-bg-size:cover;width:25%;width:calc(25% - ( ( 4% + 4% + 4% ) * 0.25 ) );margin-right: 4%;\"><div class=\"fusion-column-wrapper fusion-column-has-shadow fusion-flex-column-wrapper-legacy\"><div class=\"fusion-text fusion-text-6\" style=\"--awb-text-transform:none;\"><p><a href=\"https:\/\/www.arc-hss.ca\/january-2026\/\">The Advisor &#8211; Janvier 2026<\/a><\/p>\n<\/div><div class=\"fusion-clearfix\"><\/div><\/div><\/div><div class=\"fusion-layout-column fusion_builder_column fusion-builder-column-6 fusion_builder_column_1_4 1_4 fusion-one-fourth fusion-column-last\" style=\"--awb-bg-size:cover;width:25%;width:calc(25% - ( ( 4% + 4% + 4% ) * 0.25 ) );\"><div class=\"fusion-column-wrapper fusion-column-has-shadow fusion-flex-column-wrapper-legacy\"><div class=\"fusion-text fusion-text-7\" style=\"--awb-text-transform:none;\"><p><a href=\"https:\/\/www.arc-hss.ca\/december-2025\/\">The Advisor &#8211; Decembre 2025<\/a><\/p>\n<\/div><div class=\"fusion-clearfix\"><\/div><\/div><\/div><div class=\"fusion-layout-column fusion_builder_column fusion-builder-column-7 fusion_builder_column_1_4 1_4 fusion-one-fourth fusion-column-first\" style=\"--awb-bg-size:cover;width:25%;width:calc(25% - ( ( 4% + 4% + 4% ) * 0.25 ) );margin-right: 4%;\"><div class=\"fusion-column-wrapper fusion-column-has-shadow fusion-flex-column-wrapper-legacy\"><div class=\"fusion-text fusion-text-8\" style=\"--awb-text-transform:none;\"><p><a href=\"https:\/\/www.arc-hss.ca\/november-2025\/\">The Advisor &#8211; Novembre 2025<\/a><\/p>\n<\/div><div class=\"fusion-clearfix\"><\/div><\/div><\/div><div class=\"fusion-layout-column fusion_builder_column fusion-builder-column-8 fusion_builder_column_1_4 1_4 fusion-one-fourth\" style=\"--awb-bg-size:cover;width:25%;width:calc(25% - ( ( 4% + 4% + 4% ) * 0.25 ) );margin-right: 4%;\"><div class=\"fusion-column-wrapper fusion-column-has-shadow fusion-flex-column-wrapper-legacy\"><div class=\"fusion-text fusion-text-9\" style=\"--awb-text-transform:none;\"><p><a href=\"https:\/\/www.arc-hss.ca\/october-2025\/\">The Advisor &#8211; Octobre 2025<\/a><\/p>\n<\/div><div class=\"fusion-clearfix\"><\/div><\/div><\/div><div class=\"fusion-layout-column fusion_builder_column fusion-builder-column-9 fusion_builder_column_1_4 1_4 fusion-one-fourth\" style=\"--awb-bg-size:cover;width:25%;width:calc(25% - ( ( 4% + 4% + 4% ) * 0.25 ) );margin-right: 4%;\"><div class=\"fusion-column-wrapper fusion-column-has-shadow fusion-flex-column-wrapper-legacy\"><div class=\"fusion-text fusion-text-10\" style=\"--awb-text-transform:none;\"><p><a href=\"https:\/\/www.arc-hss.ca\/september-2025\/\">The Advisor &#8211; Septembre 2025<\/a><\/p>\n<\/div><div class=\"fusion-clearfix\"><\/div><\/div><\/div><div class=\"fusion-layout-column fusion_builder_column fusion-builder-column-10 fusion_builder_column_1_4 1_4 fusion-one-fourth fusion-column-last\" style=\"--awb-bg-size:cover;width:25%;width:calc(25% - ( ( 4% + 4% + 4% ) * 0.25 ) );\"><div class=\"fusion-column-wrapper fusion-column-has-shadow fusion-flex-column-wrapper-legacy\"><div class=\"fusion-text fusion-text-11\" style=\"--awb-text-transform:none;\"><p><a href=\"https:\/\/www.arc-hss.ca\/june-2025\/\">The Advisor &#8211; Juin 2025<\/a><\/p>\n<\/div><div class=\"fusion-clearfix\"><\/div><\/div><\/div><\/div><\/div><\/p>\n","protected":false},"excerpt":{"rendered":"","protected":false},"author":1,"featured_media":0,"parent":0,"menu_order":0,"comment_status":"closed","ping_status":"closed","template":"100-width.php","meta":{"_acf_changed":false,"footnotes":""},"class_list":["post-13268","page","type-page","status-publish","hentry"],"acf":[],"yoast_head":"<!-- This site is optimized with the Yoast SEO plugin v27.4 - https:\/\/yoast.com\/product\/yoast-seo-wordpress\/ -->\n<title>Infolettre \u00abThe Advisor \u00bb - ARC<\/title>\n<meta name=\"robots\" content=\"index, follow, max-snippet:-1, max-image-preview:large, max-video-preview:-1\" \/>\n<link rel=\"canonical\" href=\"https:\/\/arc-hss.ca\/fr\/the-advisor\/\" \/>\n<meta property=\"og:locale\" content=\"fr_FR\" \/>\n<meta property=\"og:type\" content=\"article\" \/>\n<meta property=\"og:title\" content=\"Infolettre \u00abThe Advisor \u00bb - ARC\" \/>\n<meta property=\"og:url\" content=\"https:\/\/arc-hss.ca\/fr\/the-advisor\/\" \/>\n<meta property=\"og:site_name\" content=\"ARC\" \/>\n<meta property=\"article:modified_time\" content=\"2026-03-31T14:44:58+00:00\" \/>\n<meta name=\"twitter:card\" content=\"summary_large_image\" \/>\n<meta name=\"twitter:label1\" content=\"Dur\u00e9e de lecture estim\u00e9e\" \/>\n\t<meta name=\"twitter:data1\" content=\"1 minute\" \/>\n<script type=\"application\/ld+json\" class=\"yoast-schema-graph\">{\"@context\":\"https:\\\/\\\/schema.org\",\"@graph\":[{\"@type\":\"WebPage\",\"@id\":\"https:\\\/\\\/arc-hss.ca\\\/fr\\\/the-advisor\\\/\",\"url\":\"https:\\\/\\\/arc-hss.ca\\\/fr\\\/the-advisor\\\/\",\"name\":\"Infolettre \u00abThe Advisor \u00bb - ARC\",\"isPartOf\":{\"@id\":\"https:\\\/\\\/arc-hss.ca\\\/fr\\\/#website\"},\"datePublished\":\"2020-06-24T19:55:52+00:00\",\"dateModified\":\"2026-03-31T14:44:58+00:00\",\"breadcrumb\":{\"@id\":\"https:\\\/\\\/arc-hss.ca\\\/fr\\\/the-advisor\\\/#breadcrumb\"},\"inLanguage\":\"fr-FR\",\"potentialAction\":[{\"@type\":\"ReadAction\",\"target\":[\"https:\\\/\\\/arc-hss.ca\\\/fr\\\/the-advisor\\\/\"]}]},{\"@type\":\"BreadcrumbList\",\"@id\":\"https:\\\/\\\/arc-hss.ca\\\/fr\\\/the-advisor\\\/#breadcrumb\",\"itemListElement\":[{\"@type\":\"ListItem\",\"position\":1,\"name\":\"Home\",\"item\":\"https:\\\/\\\/arc-hss.ca\\\/fr\\\/\"},{\"@type\":\"ListItem\",\"position\":2,\"name\":\"Infolettre \u00abThe Advisor \u00bb\"}]},{\"@type\":\"WebSite\",\"@id\":\"https:\\\/\\\/arc-hss.ca\\\/fr\\\/#website\",\"url\":\"https:\\\/\\\/arc-hss.ca\\\/fr\\\/\",\"name\":\"ARC\",\"description\":\"Assistance and Referral Centre\",\"potentialAction\":[{\"@type\":\"SearchAction\",\"target\":{\"@type\":\"EntryPoint\",\"urlTemplate\":\"https:\\\/\\\/arc-hss.ca\\\/fr\\\/?s={search_term_string}\"},\"query-input\":{\"@type\":\"PropertyValueSpecification\",\"valueRequired\":true,\"valueName\":\"search_term_string\"}}],\"inLanguage\":\"fr-FR\"}]}<\/script>\n<!-- \/ Yoast SEO plugin. -->","yoast_head_json":{"title":"Infolettre \u00abThe Advisor \u00bb - ARC","robots":{"index":"index","follow":"follow","max-snippet":"max-snippet:-1","max-image-preview":"max-image-preview:large","max-video-preview":"max-video-preview:-1"},"canonical":"https:\/\/arc-hss.ca\/fr\/the-advisor\/","og_locale":"fr_FR","og_type":"article","og_title":"Infolettre \u00abThe Advisor \u00bb - ARC","og_url":"https:\/\/arc-hss.ca\/fr\/the-advisor\/","og_site_name":"ARC","article_modified_time":"2026-03-31T14:44:58+00:00","twitter_card":"summary_large_image","twitter_misc":{"Dur\u00e9e de lecture estim\u00e9e":"1 minute"},"schema":{"@context":"https:\/\/schema.org","@graph":[{"@type":"WebPage","@id":"https:\/\/arc-hss.ca\/fr\/the-advisor\/","url":"https:\/\/arc-hss.ca\/fr\/the-advisor\/","name":"Infolettre \u00abThe Advisor \u00bb - ARC","isPartOf":{"@id":"https:\/\/arc-hss.ca\/fr\/#website"},"datePublished":"2020-06-24T19:55:52+00:00","dateModified":"2026-03-31T14:44:58+00:00","breadcrumb":{"@id":"https:\/\/arc-hss.ca\/fr\/the-advisor\/#breadcrumb"},"inLanguage":"fr-FR","potentialAction":[{"@type":"ReadAction","target":["https:\/\/arc-hss.ca\/fr\/the-advisor\/"]}]},{"@type":"BreadcrumbList","@id":"https:\/\/arc-hss.ca\/fr\/the-advisor\/#breadcrumb","itemListElement":[{"@type":"ListItem","position":1,"name":"Home","item":"https:\/\/arc-hss.ca\/fr\/"},{"@type":"ListItem","position":2,"name":"Infolettre \u00abThe Advisor \u00bb"}]},{"@type":"WebSite","@id":"https:\/\/arc-hss.ca\/fr\/#website","url":"https:\/\/arc-hss.ca\/fr\/","name":"ARC","description":"Assistance and Referral Centre","potentialAction":[{"@type":"SearchAction","target":{"@type":"EntryPoint","urlTemplate":"https:\/\/arc-hss.ca\/fr\/?s={search_term_string}"},"query-input":{"@type":"PropertyValueSpecification","valueRequired":true,"valueName":"search_term_string"}}],"inLanguage":"fr-FR"}]}},"_links":{"self":[{"href":"https:\/\/arc-hss.ca\/fr\/wp-json\/wp\/v2\/pages\/13268","targetHints":{"allow":["GET"]}}],"collection":[{"href":"https:\/\/arc-hss.ca\/fr\/wp-json\/wp\/v2\/pages"}],"about":[{"href":"https:\/\/arc-hss.ca\/fr\/wp-json\/wp\/v2\/types\/page"}],"author":[{"embeddable":true,"href":"https:\/\/arc-hss.ca\/fr\/wp-json\/wp\/v2\/users\/1"}],"replies":[{"embeddable":true,"href":"https:\/\/arc-hss.ca\/fr\/wp-json\/wp\/v2\/comments?post=13268"}],"version-history":[{"count":0,"href":"https:\/\/arc-hss.ca\/fr\/wp-json\/wp\/v2\/pages\/13268\/revisions"}],"wp:attachment":[{"href":"https:\/\/arc-hss.ca\/fr\/wp-json\/wp\/v2\/media?parent=13268"}],"curies":[{"name":"wp","href":"https:\/\/api.w.org\/{rel}","templated":true}]}}