{"id":13264,"date":"2020-05-25T00:47:13","date_gmt":"2020-05-25T04:47:13","guid":{"rendered":"https:\/\/www.arc-hss.ca\/useful-links\/"},"modified":"2024-08-20T11:19:49","modified_gmt":"2024-08-20T15:19:49","slug":"liens-utiles","status":"publish","type":"page","link":"https:\/\/arc-hss.ca\/fr\/liens-utiles\/","title":{"rendered":"Liens utiles"},"content":{"rendered":"<div class=\"fusion-fullwidth fullwidth-box fusion-builder-row-1 nonhundred-percent-fullwidth non-hundred-percent-height-scrolling\" style=\"--awb-border-radius-top-left:0px;--awb-border-radius-top-right:0px;--awb-border-radius-bottom-right:0px;--awb-border-radius-bottom-left:0px;--awb-flex-wrap:wrap;\" ><div class=\"fusion-builder-row fusion-row\"><div class=\"fusion-layout-column fusion_builder_column fusion-builder-column-0 fusion_builder_column_1_1 1_1 fusion-one-full fusion-column-first fusion-column-last\" style=\"--awb-bg-size:cover;\"><div class=\"fusion-column-wrapper fusion-column-has-shadow fusion-flex-column-wrapper-legacy\"><div class=\"fusion-text fusion-text-1\"><div class=\"elementor-element elementor-element-e0067bf elementor-column elementor-col-50 elementor-inner-column\" data-id=\"e0067bf\" data-element_type=\"column\">\n<div class=\"elementor-column-wrap elementor-element-populated\">\n<div class=\"elementor-widget-wrap\">\n<div class=\"elementor-element elementor-element-17a85ea8 elementor-position-left elementor-view-default elementor-vertical-align-top elementor-widget elementor-widget-icon-box\" data-id=\"17a85ea8\" data-element_type=\"widget\" data-widget_type=\"icon-box.default\">\n<div class=\"elementor-widget-container\">\n<div class=\"elementor-icon-box-wrapper\">\n<div class=\"elementor-icon-box-content\">\n<h3 style=\"font-weight: 400;\">G\u00e9n\u00e9ral<\/h3>\n<ul>\n<li>Working from home: A guide to creating a healthy and productive workspace at home. <a href=\"https:\/\/www.cotswoldco.com\/working-from-home\/index.html\" target=\"_blank\" rel=\"noopener noreferrer\" data-saferedirecturl=\"https:\/\/www.google.com\/url?q=https:\/\/www.cotswoldco.com\/working-from-home\/index.html&amp;source=gmail&amp;ust=1612963449876000&amp;usg=AFQjCNEoRHK_W1nV3tSTrQI6-K2ScmaATg\">www.cotswoldco.com\/<wbr \/>working-from-home\/index.html<\/a><\/li>\n<li style=\"font-weight: 400;\">2-1-1 \u2013 Un soutien multilingue en 200 langues. Le 2-1-1 vous oriente vers les ressources sociales et communautaires. <a href=\"https:\/\/www.211qc.ca\/en\/\" data-saferedirecturl=\"https:\/\/www.google.com\/url?q=https:\/\/www.211qc.ca\/en\/&amp;source=gmail&amp;ust=1595002556383000&amp;usg=AFQjCNGLBJIqLDyJPCrLfqoFaukDTlRDIw\">www.211qc.ca\/en<\/a><\/li>\n<li style=\"font-weight: 400;\">R\u00e9pertoire des ressources communautaires \u2013\u00a0Agglom\u00e9ration de Longueuil<br \/>\n<a href=\"https:\/\/www.longueuil.quebec\/fr\/services%2Floisir-vie-communautaire%2Frepertoire-des-ressources-communautaires\">https:\/\/www.longueuil.quebec\/fr\/services%2Floisir-vie-communautaire%2Frepertoire-des-ressources-communautaires <\/a><\/li>\n<\/ul>\n<h3 style=\"font-weight: 400;\">Jeunes et familles<\/h3>\n<ul>\n<li>Au Qu\u00e9bec, 1 tout-petit sur 3 dont la langue maternelle est l\u2019anglais est vuln\u00e9rable dans au moins un domaine de son d\u00e9veloppement. La Fondation Chagnon finance le programme Bright Beginnings par le biais du Community Health and Social Services Network (CHSSN) pour relever ce d\u00e9fi. Cette vid\u00e9o pr\u00e9sente notre programme Mother Goose en action. <a href=\"https:\/\/youtu.be\/oxl-asjYFH0\">youtu.be\/oxl-asjYFH0<\/a><\/li>\n<li>Naitre et grandir offre une source d\u2019information fiable en fran\u00e7ais et en anglais, valid\u00e9e par des professionnels de la sant\u00e9. Leur site accompagne les parents dans le d\u00e9veloppement de leur enfant. <a href=\"https:\/\/naitreetgrandir.com\/fr\/dossier\">https:\/\/naitreetgrandir.com\/fr\/dossier<\/a><\/li>\n<li>Refuge pour les femmes victimes de violences conjugales et leurs enfants. <a href=\"http:\/\/www.pavillonmarguerite.com\">www.pavillonmarguerite.com<\/a><\/li>\n<li style=\"font-weight: 400;\">Le English-Language Arts Network (ELAN) est un organisme sans but lucratif qui cr\u00e9e des liens, offre du soutien et propose des opportunit\u00e9s aux artistes et communaut\u00e9s artistiques anglophones du Qu\u00e9bec. <a href=\"https:\/\/www.quebec-elan.org\/\" data-saferedirecturl=\"https:\/\/www.google.com\/url?q=https:\/\/www.quebec-elan.org\/&amp;source=gmail&amp;ust=1595002556383000&amp;usg=AFQjCNG6CziV60FRhelOI-PFzjyFaRaf8w\">www.quebec-elan.org<\/a><\/li>\n<li id=\"caregivers\" style=\"font-weight: 400;\">Soutien \u00e0 l&rsquo;allaitement maternel <a href=\"https:\/\/santemonteregie.qc.ca\/services\/soutien-lallaitement\">https:\/\/santemonteregie.qc.ca\/services\/soutien-lallaitement<\/a><i><\/i><\/li>\n<li style=\"font-weight: 400;\"><i>Toi, Moi, B\u00e9b\u00e9<\/i> est un programme pour favoriser la sant\u00e9 mentale et le bien-\u00eatre des futurs et nouveaux parents <a href=\"https:\/\/toimoibebe.ca\/\">toimoibebe.ca<\/a><\/li>\n<\/ul>\n<h3 style=\"font-weight: 400;\">Proches aidants<\/h3>\n<ul>\n<li>Biblio-Aidants consiste en une s\u00e9rie de 15 livrets th\u00e9matiques qui informent les aidants sur diverses maladies ainsi que sur les probl\u00e8mes auxquels ils sont confront\u00e9s. <a href=\"http:\/\/biblioaidants.ca\">biblioaidants.ca<\/a><\/li>\n<li>Livret d&rsquo;activit\u00e9s sur la d\u00e9mence comprenant plus de 40 activit\u00e9s que vous et votre proche pouvez pratiquer et appr\u00e9cier ensemble. <a href=\"https:\/\/www.arc-hss.ca\/wp-content\/uploads\/2020\/11\/McGill-dementia_activity_booklet_english_pages_1-55.pdf\">Partie 1<\/a> et <a href=\"https:\/\/www.arc-hss.ca\/wp-content\/uploads\/2020\/11\/dementia_activity_booklet_english_pages_56-99.pdf\">Partie 2<\/a>.<\/li>\n<li style=\"font-weight: 400;\">Le Guide pratique et juridique de la proche aidance propose des outils utiles. <a href=\"https:\/\/educaloi.qc.ca\/publications\/proches-aidants-guide-pratique-juridique\/\">https:\/\/educaloi.qc.ca\/publications\/proches-aidants-guide-pratique-juridique\/<\/a><\/li>\n<li style=\"font-weight: 400;\">Vous aider dans votre parcours de soins \u2013 Soutien pour les aidants <a href=\"https:\/\/www.tevacanada.com\/fr\/canada\/soutien-pour-les-aidants\/\">https:\/\/www.tevacanada.com\/fr\/canada\/soutien-pour-les-aidants\/<\/a><\/li>\n<li style=\"font-weight: 400;\">La d\u00e9mence : un guide pour les aidants <a href=\"https:\/\/tevacaregivers.com\/files\/Dementia_Conditions_Brochure_ENG.pdf\" data-saferedirecturl=\"https:\/\/www.google.com\/url?q=https:\/\/tevacaregivers.com\/files\/Dementia_Conditions_Brochure_ENG.pdf&amp;source=gmail&amp;ust=1595002556384000&amp;usg=AFQjCNGS3yxmlnSAPk8Gl16yWmaA68Bw6g\">tevacaregivers.com\/files\/Dementia_Conditions_Brochure_ENG.pdf<\/a><\/li>\n<\/ul>\n<h3 style=\"font-weight: 400;\">Personnes \u00e2g\u00e9es<\/h3>\n<ul>\n<li>D\u00e9mence \u2013 Votre guide d\u2019accompagnement. Il s\u2019agit d\u2019un guide sur la d\u00e9mence cr\u00e9\u00e9 par l\u2019Universit\u00e9 McGill, \u00e9crit sp\u00e9cialement pour les personnes qui vivent avec un diagnostic de d\u00e9mence et leurs partenaires de soins.\u00a0 <a href=\"https:\/\/767b071f.flowpaper.com\/dementia28OCT2021frFINAL4WEB\/#page=1\">Voir ici &gt;&gt;\u00a0<\/a> Recognizing and treating depression in seniors. La d\u00e9pression n\u2019est pas un sujet facile \u00e0 aborder. C\u2019est une maladie r\u00e9elle qui peut \u00eatre trait\u00e9e. Chez les adultes plus \u00e2g\u00e9s, la d\u00e9pression peut \u00eatre encore plus complexe \u00e0 cerner.<\/li>\n<li><a href=\"https:\/\/cdn-contenu.quebec.ca\/cdn-contenu\/services_quebec\/Guide_Senior_EN_2024_VF.pdf\">Programmes et services pour les a\u00een\u00e9s<\/a>, \u00e9dition 2024. Le pr\u00e9sent guide a pour but d\u2019informer les personnes \u00e2g\u00e9es et leur famille des principaux programmes et services gouvernementaux qui leur sont offerts. <a href=\"https:\/\/cdn-contenu.quebec.ca\/cdn-contenu\/services_quebec\/Guide-ProgServAines2022-FR_WEB.pdf\">https:\/\/cdn-contenu.quebec.ca\/cdn-contenu\/services_quebec\/Guide-ProgServAines2022-FR_WEB.pdf<\/a><\/li>\n<li style=\"font-weight: 400;\">R\u00e9pit a\u00een\u00e9s Mont\u00e9r\u00e9gie \u2013\u00a0Offre des services \u00e0 domicile et en centre de jour pour favoriser le bien-\u00eatre des personnes \u00e2g\u00e9es atteintes de d\u00e9mence, notamment de la maladie d\u2019Alzheimer, qui ne peuvent plus se d\u00e9brouiller seules ou qui sont isol\u00e9es ou se sentent seules. <a href=\"https:\/\/www.seniorsrespitemonteregie.ca\/\" target=\"_blank\" rel=\"noopener noreferrer\" data-saferedirecturl=\"https:\/\/www.google.com\/url?q=https:\/\/www.seniorsrespitemonteregie.ca\/&amp;source=gmail&amp;ust=1614698724603000&amp;usg=AFQjCNEmitxX1nShviK642Rzoq6kQxiwRw\">www.seniorsrespitemont<wbr \/>eregie.ca<\/a><\/li>\n<li style=\"font-weight: 400;\">La mission du Centre de soutien entr\u2019Aidants\u2019 est d\u2019aider et de soutenir les aidants qui s\u2019occupent d\u2019un proche \u00e2g\u00e9. <a href=\"https:\/\/www.centredesoutienentraidants.com\" data-saferedirecturl=\"https:\/\/www.google.com\/url?q=https:\/\/www.centredesoutienentraidants.com\/en\/&amp;source=gmail&amp;ust=1595002556384000&amp;usg=AFQjCNEFMWlxz0XZfgweSGG5QudazurgUg\">www.centredesoutienentraidants.com\/<\/a><\/li>\n<li style=\"font-weight: 400;\">L&rsquo;Institut national de sant\u00e9 publique du Qu\u00e9bec (INSPQ), vise \u00e0 faire progresser les connaissances et \u00e0 proposer des strat\u00e9gies et des actions intersectorielles qui am\u00e9lioreront la sant\u00e9 et le bien-\u00eatre des Qu\u00e9b\u00e9cois. Il investit dans la pr\u00e9vention de la violence dans ce but. <a href=\"https:\/\/www.inspq.qc.ca\/sites\/default\/files\/publications\/2380_rapport_quebecois_violence_sante.pdf\">https:\/\/www.inspq.qc.ca\/sites\/default\/files\/publications\/2380_rapport_quebecois_violence_sante.pdf<\/a><\/li>\n<li>\u00c9ducaloi a cr\u00e9\u00e9 ce guide sp\u00e9cial pour expliquer les questions importantes qui touchent particuli\u00e8rement les personnes \u00e2g\u00e9es. Il contient des informations sur le logement, le droit de la famille, la fraude, la planification successorale, les soins de sant\u00e9, les testaments et de nombreux autres sujets. <a href=\"https:\/\/educaloi.qc.ca\/dossier\/aines\/\">https:\/\/educaloi.qc.ca\/dossier\/aines\/<\/a><\/li>\n<li>Chez soi en toute s\u00e9curit\u00e9 \u2013 Guide de s\u00e9curit\u00e9 des a\u00een\u00e9s <a href=\"https:\/\/www.canada.ca\/content\/dam\/phac-aspc\/migration\/phac-aspc\/seniors-aines\/publications\/public\/injury-blessure\/safelive-securite\/pdfs\/safelive-securite-fra.pdf\">https:\/\/www.canada.ca\/content\/dam\/phac-aspc\/migration\/phac-aspc\/seniors-aines\/publications\/public\/injury-blessure\/safelive-securite\/pdfs\/safelive-securite-fra.pdf<\/a><\/li>\n<li>La liste de rabais pour les a\u00een\u00e9s canadiens de Dealhack contient plus de 50\u00a0marques r\u00e9parties en 11\u00a0grandes cat\u00e9gories, elles-m\u00eames divis\u00e9es en fonction de l\u2019\u00e2ge minimum requis. <a href=\"http:\/\/www.dealhack.ca\/blog\/canadian-senior-discounts\">www.dealhack.ca\/blog\/canadian-senior-discounts<\/a><\/li>\n<\/ul>\n<h3 style=\"font-weight: 400;\">Sant\u00e9 et nutrition<\/h3>\n<ul>\n<li style=\"font-weight: 400;\">R\u00e9pertoire des ressources de la Fondation qu\u00e9b\u00e9coise du cancer. <a href=\"http:\/\/services.fqc.qc.ca\">services.fqc.qc.ca<\/a><\/li>\n<li style=\"font-weight: 400;\">Trouver un service de sant\u00e9 en Mont\u00e9r\u00e9gie. <a href=\"https:\/\/santemonteregie.qc.ca\/services\">https:\/\/santemonteregie.qc.ca\/services<\/a><\/li>\n<li style=\"font-weight: 400;\">Le Guide alimentaire canadien est un excellent rappel de la fa\u00e7on dont nous devons continuer \u00e0 nous alimenter. Il est maintenant disponible dans une multitude de langues. <a href=\"https:\/\/www.canada.ca\/fr\/sante-canada\/services\/guide-alimentaire-canadien\/ressources\/en-bref\/langues.html\">https:\/\/www.canada.ca\/fr\/sante-canada\/services\/guide-alimentaire-canadien\/ressources\/en-bref\/langues.html<\/a><\/li>\n<li style=\"font-weight: 400;\">Les droits des usagers : quels sont-ils? Les 12 droits des usagers \u2013 En tant qu\u2019usagers du r\u00e9seau de la sant\u00e9 et des services sociaux, nous avons des droits reconnus par la Loi sur les services de sant\u00e9 et les services sociaux (LSSSS). <a href=\"https:\/\/rpcu.qc.ca\/vos-droits\/les-12-droits-des-usagers\/\">https:\/\/rpcu.qc.ca\/vos-droits\/les-12-droits-des-usagers\/<\/a><\/li>\n<\/ul>\n<h3 style=\"font-weight: 400;\">Sant\u00e9 mentale<\/h3>\n<ul>\n<li>Mental Health Resources for People About to Start Retirement: ressources en sant\u00e9 mentale pour les personnes qui approchent de la retraite. <a href=\"https:\/\/onlinecounselingprograms.com\/resources\/mental-health-retirement\/\">Voir ici &gt;&gt;<\/a><\/li>\n<li>Les femmes et la d\u00e9pression\u00a0: aussi bien les hommes que les femmes peuvent souffrir de d\u00e9pression, mais les raisons sont diff\u00e9rentes.\u00a0 <a href=\"https:\/\/socalempowered.com\/women-and-depression\/\">socalempowered.com\/women-and-depression<\/a><\/li>\n<li>Si le stress et l&rsquo;anxi\u00e9t\u00e9 commencent \u00e0 interf\u00e9rer avec votre vie quotidienne, cela peut \u00eatre le signe d&rsquo;un probl\u00e8me grave. <a href=\"https:\/\/www.healthline.com\/health\/stress-and-anxiety\" data-saferedirecturl=\"https:\/\/www.google.com\/url?q=https:\/\/www.healthline.com\/health\/stress-and-anxiety&amp;source=gmail&amp;ust=1595002556384000&amp;usg=AFQjCNFdl7dU3tYbc6rXVP6gej1bH64Ivw\">www.healthline.com\/health\/stress-and-anxiety<\/a><\/li>\n<li>Le Havre\/Our Harbour \u2013 Information et soutien pour les familles et amis de personnes vivant avec des probl\u00e8mes de sant\u00e9 mentale. <a href=\"http:\/\/ourharbour.org\/fr\">ourharbour.org\/fr<\/a><\/li>\n<li>AMI \u2013 Qu\u00e9bec est un organisme sans but lucratif qui aide les familles \u00e0 g\u00e9rer les effets de la maladie mentale en offrant des services de soutien, de formation, d\u2019orientation et d\u2019action sociale. <a href=\"http:\/\/amiquebec.org\/francais\/\">amiquebec.org\/francais\/<\/a><\/li>\n<li>Remote Work &amp; Mental Health: The young professional\u2019s guide\u00a0: le guide du jeune professionnel sur la sant\u00e9 mentale pour pr\u00e9server sa sant\u00e9 mentale en travaillant \u00e0 distance et sur la planification de sa carri\u00e8re. <a href=\"http:\/\/www.helloezra.com\/remote-work-mental-health\">www.helloezra.com\/remote-work-mental-health<\/a><\/li>\n<\/ul>\n<\/div>\n<\/div>\n<\/div>\n<\/div>\n<\/div>\n<\/div>\n<\/div>\n<div class=\"elementor-element elementor-element-0b10790 elementor-column elementor-col-50 elementor-inner-column\" data-id=\"0b10790\" data-element_type=\"column\">\n<div class=\"elementor-column-wrap elementor-element-populated\">\n<div class=\"elementor-widget-wrap\">\n<div class=\"elementor-element elementor-element-0394ce5 elementor-position-left elementor-view-default elementor-vertical-align-top elementor-widget elementor-widget-icon-box\" data-id=\"0394ce5\" data-element_type=\"widget\" data-widget_type=\"icon-box.default\">\n<div class=\"elementor-widget-container\">\n<div class=\"elementor-icon-box-wrapper\">\n<div class=\"elementor-icon-box-content\"><\/div>\n<\/div>\n<\/div>\n<\/div>\n<\/div>\n<\/div>\n<\/div>\n<\/div><div class=\"fusion-clearfix\"><\/div><\/div><\/div><\/div><\/div>\n","protected":false},"excerpt":{"rendered":"","protected":false},"author":1,"featured_media":0,"parent":0,"menu_order":0,"comment_status":"closed","ping_status":"closed","template":"","meta":{"_acf_changed":false,"footnotes":""},"class_list":["post-13264","page","type-page","status-publish","hentry"],"acf":[],"yoast_head":"<!-- This site is optimized with the Yoast SEO plugin v27.4 - https:\/\/yoast.com\/product\/yoast-seo-wordpress\/ -->\n<title>Liens utiles - ARC<\/title>\n<meta name=\"robots\" content=\"index, follow, max-snippet:-1, max-image-preview:large, max-video-preview:-1\" \/>\n<link rel=\"canonical\" href=\"https:\/\/arc-hss.ca\/fr\/liens-utiles\/\" \/>\n<meta property=\"og:locale\" content=\"fr_FR\" \/>\n<meta property=\"og:type\" content=\"article\" \/>\n<meta property=\"og:title\" content=\"Liens utiles - ARC\" \/>\n<meta property=\"og:url\" content=\"https:\/\/arc-hss.ca\/fr\/liens-utiles\/\" \/>\n<meta property=\"og:site_name\" content=\"ARC\" \/>\n<meta property=\"article:modified_time\" content=\"2024-08-20T15:19:49+00:00\" \/>\n<meta name=\"twitter:card\" content=\"summary_large_image\" \/>\n<script type=\"application\/ld+json\" class=\"yoast-schema-graph\">{\"@context\":\"https:\\\/\\\/schema.org\",\"@graph\":[{\"@type\":\"WebPage\",\"@id\":\"https:\\\/\\\/arc-hss.ca\\\/fr\\\/liens-utiles\\\/\",\"url\":\"https:\\\/\\\/arc-hss.ca\\\/fr\\\/liens-utiles\\\/\",\"name\":\"Liens utiles - ARC\",\"isPartOf\":{\"@id\":\"https:\\\/\\\/arc-hss.ca\\\/fr\\\/#website\"},\"datePublished\":\"2020-05-25T04:47:13+00:00\",\"dateModified\":\"2024-08-20T15:19:49+00:00\",\"breadcrumb\":{\"@id\":\"https:\\\/\\\/arc-hss.ca\\\/fr\\\/liens-utiles\\\/#breadcrumb\"},\"inLanguage\":\"fr-FR\",\"potentialAction\":[{\"@type\":\"ReadAction\",\"target\":[\"https:\\\/\\\/arc-hss.ca\\\/fr\\\/liens-utiles\\\/\"]}]},{\"@type\":\"BreadcrumbList\",\"@id\":\"https:\\\/\\\/arc-hss.ca\\\/fr\\\/liens-utiles\\\/#breadcrumb\",\"itemListElement\":[{\"@type\":\"ListItem\",\"position\":1,\"name\":\"Home\",\"item\":\"https:\\\/\\\/arc-hss.ca\\\/fr\\\/\"},{\"@type\":\"ListItem\",\"position\":2,\"name\":\"Liens utiles\"}]},{\"@type\":\"WebSite\",\"@id\":\"https:\\\/\\\/arc-hss.ca\\\/fr\\\/#website\",\"url\":\"https:\\\/\\\/arc-hss.ca\\\/fr\\\/\",\"name\":\"ARC\",\"description\":\"Assistance and Referral Centre\",\"potentialAction\":[{\"@type\":\"SearchAction\",\"target\":{\"@type\":\"EntryPoint\",\"urlTemplate\":\"https:\\\/\\\/arc-hss.ca\\\/fr\\\/?s={search_term_string}\"},\"query-input\":{\"@type\":\"PropertyValueSpecification\",\"valueRequired\":true,\"valueName\":\"search_term_string\"}}],\"inLanguage\":\"fr-FR\"}]}<\/script>\n<!-- \/ Yoast SEO plugin. -->","yoast_head_json":{"title":"Liens utiles - ARC","robots":{"index":"index","follow":"follow","max-snippet":"max-snippet:-1","max-image-preview":"max-image-preview:large","max-video-preview":"max-video-preview:-1"},"canonical":"https:\/\/arc-hss.ca\/fr\/liens-utiles\/","og_locale":"fr_FR","og_type":"article","og_title":"Liens utiles - ARC","og_url":"https:\/\/arc-hss.ca\/fr\/liens-utiles\/","og_site_name":"ARC","article_modified_time":"2024-08-20T15:19:49+00:00","twitter_card":"summary_large_image","schema":{"@context":"https:\/\/schema.org","@graph":[{"@type":"WebPage","@id":"https:\/\/arc-hss.ca\/fr\/liens-utiles\/","url":"https:\/\/arc-hss.ca\/fr\/liens-utiles\/","name":"Liens utiles - ARC","isPartOf":{"@id":"https:\/\/arc-hss.ca\/fr\/#website"},"datePublished":"2020-05-25T04:47:13+00:00","dateModified":"2024-08-20T15:19:49+00:00","breadcrumb":{"@id":"https:\/\/arc-hss.ca\/fr\/liens-utiles\/#breadcrumb"},"inLanguage":"fr-FR","potentialAction":[{"@type":"ReadAction","target":["https:\/\/arc-hss.ca\/fr\/liens-utiles\/"]}]},{"@type":"BreadcrumbList","@id":"https:\/\/arc-hss.ca\/fr\/liens-utiles\/#breadcrumb","itemListElement":[{"@type":"ListItem","position":1,"name":"Home","item":"https:\/\/arc-hss.ca\/fr\/"},{"@type":"ListItem","position":2,"name":"Liens utiles"}]},{"@type":"WebSite","@id":"https:\/\/arc-hss.ca\/fr\/#website","url":"https:\/\/arc-hss.ca\/fr\/","name":"ARC","description":"Assistance and Referral Centre","potentialAction":[{"@type":"SearchAction","target":{"@type":"EntryPoint","urlTemplate":"https:\/\/arc-hss.ca\/fr\/?s={search_term_string}"},"query-input":{"@type":"PropertyValueSpecification","valueRequired":true,"valueName":"search_term_string"}}],"inLanguage":"fr-FR"}]}},"_links":{"self":[{"href":"https:\/\/arc-hss.ca\/fr\/wp-json\/wp\/v2\/pages\/13264","targetHints":{"allow":["GET"]}}],"collection":[{"href":"https:\/\/arc-hss.ca\/fr\/wp-json\/wp\/v2\/pages"}],"about":[{"href":"https:\/\/arc-hss.ca\/fr\/wp-json\/wp\/v2\/types\/page"}],"author":[{"embeddable":true,"href":"https:\/\/arc-hss.ca\/fr\/wp-json\/wp\/v2\/users\/1"}],"replies":[{"embeddable":true,"href":"https:\/\/arc-hss.ca\/fr\/wp-json\/wp\/v2\/comments?post=13264"}],"version-history":[{"count":0,"href":"https:\/\/arc-hss.ca\/fr\/wp-json\/wp\/v2\/pages\/13264\/revisions"}],"wp:attachment":[{"href":"https:\/\/arc-hss.ca\/fr\/wp-json\/wp\/v2\/media?parent=13264"}],"curies":[{"name":"wp","href":"https:\/\/api.w.org\/{rel}","templated":true}]}}