{"id":13254,"date":"2020-07-13T14:36:57","date_gmt":"2020-07-13T18:36:57","guid":{"rendered":"https:\/\/www.arc-hss.ca\/arc-assistance-and-referral-publications\/"},"modified":"2026-03-11T11:26:35","modified_gmt":"2026-03-11T15:26:35","slug":"arc-publications-dassistance-et-dorientation","status":"publish","type":"page","link":"https:\/\/arc-hss.ca\/fr\/arc-publications-dassistance-et-dorientation\/","title":{"rendered":"ARC Publications d&rsquo;assistance et d&rsquo;orientation"},"content":{"rendered":"<p><div class=\"fusion-fullwidth fullwidth-box fusion-builder-row-1 nonhundred-percent-fullwidth non-hundred-percent-height-scrolling fusion-equal-height-columns\" style=\"--awb-border-radius-top-left:0px;--awb-border-radius-top-right:0px;--awb-border-radius-bottom-right:0px;--awb-border-radius-bottom-left:0px;--awb-flex-wrap:wrap;\" ><div class=\"fusion-builder-row fusion-row\"><div class=\"fusion-layout-column fusion_builder_column fusion-builder-column-0 fusion_builder_column_1_2 1_2 fusion-one-half fusion-column-first\" style=\"--awb-bg-size:cover;width:50%;width:calc(50% - ( ( 4% ) * 0.5 ) );margin-right: 4%;\"><div class=\"fusion-column-wrapper fusion-column-has-shadow fusion-flex-column-wrapper-legacy\"><div class=\"fusion-column-content-centered\"><div class=\"fusion-column-content\"><div class=\"fusion-text fusion-text-1\"><h2><a href=\"https:\/\/arc-hss.ca\/arc-brochure-fr\/\">Brochure du Centre d&rsquo;assistance et d&rsquo;orientation ARC<\/a><\/h2>\n<\/div><div class=\"fusion-button-wrapper\"><a class=\"fusion-button button-flat fusion-button-default-size button-default fusion-button-default button-1 fusion-button-default-span fusion-button-default-type\" target=\"_self\" href=\"https:\/\/arc-hss.ca\/arc-brochure-fr\/\"><span class=\"fusion-button-text awb-button__text awb-button__text--default\">T\u00c9L\u00c9CHARGER PDF<\/span><\/a><\/div><\/div><\/div><div class=\"fusion-clearfix\"><\/div><\/div><\/div><div class=\"fusion-layout-column fusion_builder_column fusion-builder-column-1 fusion_builder_column_1_2 1_2 fusion-one-half fusion-column-last\" style=\"--awb-bg-size:cover;width:50%;width:calc(50% - ( ( 4% ) * 0.5 ) );\"><div class=\"fusion-column-wrapper fusion-column-has-shadow fusion-flex-column-wrapper-legacy\"><div class=\"fusion-image-element in-legacy-container\" style=\"--awb-caption-title-font-family:var(--h2_typography-font-family);--awb-caption-title-font-weight:var(--h2_typography-font-weight);--awb-caption-title-font-style:var(--h2_typography-font-style);--awb-caption-title-size:var(--h2_typography-font-size);--awb-caption-title-transform:var(--h2_typography-text-transform);--awb-caption-title-line-height:var(--h2_typography-line-height);--awb-caption-title-letter-spacing:var(--h2_typography-letter-spacing);\"><span class=\" fusion-imageframe imageframe-none imageframe-1 hover-type-none\"><img decoding=\"async\" width=\"400\" height=\"309\" title=\"Brochure cover FR\" src=\"https:\/\/arc-hss.ca\/wp-content\/uploads\/2026\/02\/Brochure-cover-FR-400x309.png\" alt class=\"img-responsive wp-image-25732\" srcset=\"https:\/\/arc-hss.ca\/wp-content\/uploads\/2026\/02\/Brochure-cover-FR-200x155.png 200w, https:\/\/arc-hss.ca\/wp-content\/uploads\/2026\/02\/Brochure-cover-FR-400x309.png 400w, https:\/\/arc-hss.ca\/wp-content\/uploads\/2026\/02\/Brochure-cover-FR-600x464.png 600w, https:\/\/arc-hss.ca\/wp-content\/uploads\/2026\/02\/Brochure-cover-FR-800x618.png 800w, https:\/\/arc-hss.ca\/wp-content\/uploads\/2026\/02\/Brochure-cover-FR-1200x927.png 1200w\" sizes=\"(max-width: 812px) 100vw, 800px\" \/><\/span><\/div><div class=\"fusion-clearfix\"><\/div><\/div><\/div><\/div><\/div><div class=\"fusion-fullwidth fullwidth-box fusion-builder-row-2 nonhundred-percent-fullwidth non-hundred-percent-height-scrolling fusion-equal-height-columns\" style=\"--awb-border-radius-top-left:0px;--awb-border-radius-top-right:0px;--awb-border-radius-bottom-right:0px;--awb-border-radius-bottom-left:0px;--awb-flex-wrap:wrap;\" ><div class=\"fusion-builder-row fusion-row\"><div class=\"fusion-layout-column fusion_builder_column fusion-builder-column-2 fusion_builder_column_1_2 1_2 fusion-one-half fusion-column-first\" style=\"--awb-bg-size:cover;width:50%;width:calc(50% - ( ( 4% ) * 0.5 ) );margin-right: 4%;\"><div class=\"fusion-column-wrapper fusion-column-has-shadow fusion-flex-column-wrapper-legacy\"><div class=\"fusion-column-content-centered\"><div class=\"fusion-column-content\"><div class=\"fusion-text fusion-text-2\"><h2><a href=\"https:\/\/www.arc-hss.ca\/thrive-guide-2026\/\">Guide des Ressources Thrive Guide<\/a><\/h2>\n<p>En anglais seulement<\/p>\n<\/div><div class=\"fusion-button-wrapper\"><a class=\"fusion-button button-flat fusion-button-default-size button-default fusion-button-default button-2 fusion-button-default-span fusion-button-default-type\" target=\"_self\" href=\"https:\/\/www.arc-hss.ca\/thrive-guide-2026\/\"><span class=\"fusion-button-text awb-button__text awb-button__text--default\">T\u00c9L\u00c9CHARGER PDF<\/span><\/a><\/div><\/div><\/div><div class=\"fusion-clearfix\"><\/div><\/div><\/div><div class=\"fusion-layout-column fusion_builder_column fusion-builder-column-3 fusion_builder_column_1_2 1_2 fusion-one-half fusion-column-last\" style=\"--awb-bg-size:cover;width:50%;width:calc(50% - ( ( 4% ) * 0.5 ) );\"><div class=\"fusion-column-wrapper fusion-column-has-shadow fusion-flex-column-wrapper-legacy\"><div class=\"fusion-image-element in-legacy-container\" style=\"--awb-caption-title-font-family:var(--h2_typography-font-family);--awb-caption-title-font-weight:var(--h2_typography-font-weight);--awb-caption-title-font-style:var(--h2_typography-font-style);--awb-caption-title-size:var(--h2_typography-font-size);--awb-caption-title-transform:var(--h2_typography-text-transform);--awb-caption-title-line-height:var(--h2_typography-line-height);--awb-caption-title-letter-spacing:var(--h2_typography-letter-spacing);\"><span class=\" fusion-imageframe imageframe-none imageframe-2 hover-type-none\"><img decoding=\"async\" width=\"400\" height=\"618\" title=\"Thrive Guide Cover\" src=\"https:\/\/arc-hss.ca\/wp-content\/uploads\/2026\/03\/Thrive-Guide-Cover-400x618.png\" alt class=\"img-responsive wp-image-25744\" srcset=\"https:\/\/arc-hss.ca\/wp-content\/uploads\/2026\/03\/Thrive-Guide-Cover-200x309.png 200w, https:\/\/arc-hss.ca\/wp-content\/uploads\/2026\/03\/Thrive-Guide-Cover-400x618.png 400w, https:\/\/arc-hss.ca\/wp-content\/uploads\/2026\/03\/Thrive-Guide-Cover-600x927.png 600w, https:\/\/arc-hss.ca\/wp-content\/uploads\/2026\/03\/Thrive-Guide-Cover-800x1236.png 800w, https:\/\/arc-hss.ca\/wp-content\/uploads\/2026\/03\/Thrive-Guide-Cover-1200x1855.png 1200w, https:\/\/arc-hss.ca\/wp-content\/uploads\/2026\/03\/Thrive-Guide-Cover.png 1294w\" sizes=\"(max-width: 812px) 100vw, 800px\" \/><\/span><\/div><div class=\"fusion-clearfix\"><\/div><\/div><\/div><\/div><\/div><div class=\"fusion-fullwidth fullwidth-box fusion-builder-row-3 nonhundred-percent-fullwidth non-hundred-percent-height-scrolling fusion-equal-height-columns\" style=\"--awb-border-radius-top-left:0px;--awb-border-radius-top-right:0px;--awb-border-radius-bottom-right:0px;--awb-border-radius-bottom-left:0px;--awb-flex-wrap:wrap;\" ><div class=\"fusion-builder-row fusion-row\"><div class=\"fusion-layout-column fusion_builder_column fusion-builder-column-4 fusion_builder_column_1_2 1_2 fusion-one-half fusion-column-first\" style=\"--awb-bg-size:cover;width:50%;width:calc(50% - ( ( 4% ) * 0.5 ) );margin-right: 4%;\"><div class=\"fusion-column-wrapper fusion-column-has-shadow fusion-flex-column-wrapper-legacy\"><div class=\"fusion-column-content-centered\"><div class=\"fusion-column-content\"><div class=\"fusion-text fusion-text-3\"><h2><a href=\"https:\/\/www.arc-hss.ca\/arc-resource-guide-2026\/\">Guide des Ressources Communautaires de l&rsquo;ARC<\/a><\/h2>\n<p>En anglais seulement<\/p>\n<\/div><div class=\"fusion-button-wrapper\"><a class=\"fusion-button button-flat fusion-button-default-size button-default fusion-button-default button-3 fusion-button-default-span fusion-button-default-type\" target=\"_self\" href=\"https:\/\/www.arc-hss.ca\/arc-resource-guide-2026\/\"><span class=\"fusion-button-text awb-button__text awb-button__text--default\">T\u00c9L\u00c9CHARGER PDF<\/span><\/a><\/div><\/div><\/div><div class=\"fusion-clearfix\"><\/div><\/div><\/div><div class=\"fusion-layout-column fusion_builder_column fusion-builder-column-5 fusion_builder_column_1_2 1_2 fusion-one-half fusion-column-last\" style=\"--awb-bg-size:cover;width:50%;width:calc(50% - ( ( 4% ) * 0.5 ) );\"><div class=\"fusion-column-wrapper fusion-column-has-shadow fusion-flex-column-wrapper-legacy\"><div class=\"fusion-image-element in-legacy-container\" style=\"--awb-caption-title-font-family:var(--h2_typography-font-family);--awb-caption-title-font-weight:var(--h2_typography-font-weight);--awb-caption-title-font-style:var(--h2_typography-font-style);--awb-caption-title-size:var(--h2_typography-font-size);--awb-caption-title-transform:var(--h2_typography-text-transform);--awb-caption-title-line-height:var(--h2_typography-line-height);--awb-caption-title-letter-spacing:var(--h2_typography-letter-spacing);\"><span class=\" fusion-imageframe imageframe-none imageframe-3 hover-type-none\"><img decoding=\"async\" width=\"400\" height=\"518\" title=\"Community Resource Guide Cover\" src=\"https:\/\/arc-hss.ca\/wp-content\/uploads\/2026\/03\/Community-Resource-Guide-Cover-400x518.png\" alt class=\"img-responsive wp-image-25755\" srcset=\"https:\/\/arc-hss.ca\/wp-content\/uploads\/2026\/03\/Community-Resource-Guide-Cover-200x259.png 200w, https:\/\/arc-hss.ca\/wp-content\/uploads\/2026\/03\/Community-Resource-Guide-Cover-400x518.png 400w, https:\/\/arc-hss.ca\/wp-content\/uploads\/2026\/03\/Community-Resource-Guide-Cover-600x777.png 600w, https:\/\/arc-hss.ca\/wp-content\/uploads\/2026\/03\/Community-Resource-Guide-Cover-800x1036.png 800w, https:\/\/arc-hss.ca\/wp-content\/uploads\/2026\/03\/Community-Resource-Guide-Cover-1200x1553.png 1200w, https:\/\/arc-hss.ca\/wp-content\/uploads\/2026\/03\/Community-Resource-Guide-Cover.png 1545w\" sizes=\"(max-width: 812px) 100vw, 800px\" \/><\/span><\/div><div class=\"fusion-clearfix\"><\/div><\/div><\/div><\/div><\/div><div class=\"fusion-fullwidth fullwidth-box fusion-builder-row-4 nonhundred-percent-fullwidth non-hundred-percent-height-scrolling\" style=\"--awb-border-radius-top-left:0px;--awb-border-radius-top-right:0px;--awb-border-radius-bottom-right:0px;--awb-border-radius-bottom-left:0px;--awb-flex-wrap:wrap;\" ><div class=\"fusion-builder-row fusion-row\"><div class=\"fusion-layout-column fusion_builder_column fusion-builder-column-6 fusion_builder_column_1_1 1_1 fusion-one-full fusion-column-first fusion-column-last\" style=\"--awb-bg-size:cover;\"><div class=\"fusion-column-wrapper fusion-column-has-shadow fusion-flex-column-wrapper-legacy\"><div class=\"fusion-text fusion-text-4\"><h3>Petite enfance et familles<\/h3>\n<ul>\n<li><a href=\"https:\/\/www.arc-hss.ca\/wp-content\/uploads\/2020\/07\/Fostering-communication.pdf\">Favoriser la Communication avec Votre Enfant Partie 1 (de la naissance \u00e0 24 mois)<\/a><\/li>\n<li><a href=\"https:\/\/www.arc-hss.ca\/wp-content\/uploads\/2020\/07\/Fostering-communication-Part-2.pdf\">Favoriser la Communication avec Votre Enfant Partie 2 (2 \u00e0 5 ans)<\/a><\/li>\n<li><a href=\"https:\/\/www.arc-hss.ca\/wp-content\/uploads\/2020\/11\/Fostering-Communication-Part-3.pdf\">Favoriser la Communication avec Votre Enfant Partie 3 (6 \u00e0 12 ans)<\/a><\/li>\n<li><a href=\"https:\/\/www.arc-hss.ca\/wp-content\/uploads\/2020\/11\/Vulnerability_among_Children_in_Kindergarten_infographic_for_web_ARC.pdf\">Vuln\u00e9rabilit\u00e9 des Enfants en Maternelle &#8211; Saviez-vous que les Enfants Anglais en Maternelle sont plus Vuln\u00e9rables ?<\/a><\/li>\n<\/ul>\n<\/div><div class=\"fusion-text fusion-text-5\"><h3>Sant\u00e9<\/h3>\n<ul>\n<li><a href=\"https:\/\/www.arc-hss.ca\/wp-content\/uploads\/2020\/07\/Health-Passport.pdf\">Sant\u00e9-Passeport<\/a><\/li>\n<\/ul>\n<ul>\n<li style=\"list-style-type: none;\">\n<ul>\n<li style=\"list-style-type: none;\">\n<ul>\n<li style=\"list-style-type: none;\"><\/li>\n<\/ul>\n<\/li>\n<\/ul>\n<\/li>\n<\/ul>\n<\/div><div class=\"fusion-text fusion-text-6\"><h3>Sant\u00e9 mentale<\/h3>\n<ul>\n<li style=\"list-style-type: none;\">\n<ul>\n<li><a href=\"https:\/\/www.arc-hss.ca\/wp-content\/uploads\/2023\/07\/MH-Resource-Guide-2.pdf\">Guide des Ressources en Sant\u00e9 Mentale<\/a><\/li>\n<li>Bien d&rsquo;autres informations sont disponibles sur notre page <a href=\"https:\/\/www.arc-hss.ca\/fr\/sante-mentale-et-bien-etre\/\">Programmes de sant\u00e9 mentale et de bien-\u00eatre<\/a>.<\/li>\n<\/ul>\n<\/li>\n<\/ul>\n<\/div><div class=\"fusion-text fusion-text-7\"><h3>Carri\u00e8res dans le domaine de la sant\u00e9 et des services sociaux<\/h3>\n<ul>\n<li style=\"list-style-type: none;\">\n<ul>\n<li><a href=\"https:\/\/www.arc-hss.ca\/employment-2\/\">D\u00e9couvrez tous les services de l\u2019emploi que nous pouvons vous offrir pour vous aider \u00e0 trouver votre prochaine carri\u00e8re<\/a><\/li>\n<li><a href=\"https:\/\/www.arc-hss.ca\/mcgill-health-catalog-2\/\">Catalogue des opportunit\u00e9s de carri\u00e8re dans le domaine de la sant\u00e9 et des services sociaux<\/a><\/li>\n<\/ul>\n<\/li>\n<\/ul>\n<\/div><div class=\"fusion-text fusion-text-8\"><h3>Technologie<\/h3>\n<ul>\n<li><a href=\"https:\/\/www.arc-hss.ca\/wp-content\/uploads\/2020\/07\/Easy-procedure-to-connect-to-Zoom.pdf\">Proc\u00e9dure Facile pour se Connecter \u00e0 Zoom<\/a><\/li>\n<li><a href=\"https:\/\/www.arc-hss.ca\/wp-content\/uploads\/2020\/07\/Guide-for-basic-technology557-Letter-size-1-1.pdf\">Guide des Technologies de Base &#8211; Un Guide Complet \u00e9labor\u00e9 par Jacob Saada pour le MWCN et Financ\u00e9 par le Patrimoine Canadien en Collaboration avec la Commission Scolaire New Frontiers.<\/a>\n<ul>\n<li style=\"list-style-type: none;\">\n<ul>\n<li style=\"list-style-type: none;\">\n<ul>\n<li style=\"list-style-type: none;\">\n<ul>\n<li style=\"list-style-type: none;\">\n<ul>\n<li style=\"list-style-type: none;\">\n<ul>\n<li style=\"list-style-type: none;\">\n<ul>\n<li style=\"list-style-type: none;\"><\/li>\n<\/ul>\n<\/li>\n<\/ul>\n<\/li>\n<\/ul>\n<\/li>\n<\/ul>\n<\/li>\n<\/ul>\n<\/li>\n<\/ul>\n<\/li>\n<\/ul>\n<\/li>\n<\/ul>\n<\/div><div class=\"fusion-clearfix\"><\/div><\/div><\/div><\/div><\/div><\/p>\n","protected":false},"excerpt":{"rendered":"","protected":false},"author":1,"featured_media":0,"parent":0,"menu_order":0,"comment_status":"closed","ping_status":"closed","template":"","meta":{"_acf_changed":false,"footnotes":""},"class_list":["post-13254","page","type-page","status-publish","hentry"],"acf":[],"yoast_head":"<!-- This site is optimized with the Yoast SEO plugin v27.4 - https:\/\/yoast.com\/product\/yoast-seo-wordpress\/ -->\n<title>ARC Publications d&#039;assistance et d&#039;orientation - ARC<\/title>\n<meta name=\"robots\" content=\"index, follow, max-snippet:-1, max-image-preview:large, max-video-preview:-1\" \/>\n<link rel=\"canonical\" href=\"https:\/\/arc-hss.ca\/fr\/arc-publications-dassistance-et-dorientation\/\" \/>\n<meta property=\"og:locale\" content=\"fr_FR\" \/>\n<meta property=\"og:type\" content=\"article\" \/>\n<meta property=\"og:title\" content=\"ARC Publications d&#039;assistance et d&#039;orientation - ARC\" \/>\n<meta property=\"og:url\" content=\"https:\/\/arc-hss.ca\/fr\/arc-publications-dassistance-et-dorientation\/\" \/>\n<meta property=\"og:site_name\" content=\"ARC\" \/>\n<meta property=\"article:modified_time\" content=\"2026-03-11T15:26:35+00:00\" \/>\n<meta name=\"twitter:card\" content=\"summary_large_image\" \/>\n<meta name=\"twitter:label1\" content=\"Dur\u00e9e de lecture estim\u00e9e\" \/>\n\t<meta name=\"twitter:data1\" content=\"2 minutes\" \/>\n<script type=\"application\/ld+json\" class=\"yoast-schema-graph\">{\"@context\":\"https:\\\/\\\/schema.org\",\"@graph\":[{\"@type\":\"WebPage\",\"@id\":\"https:\\\/\\\/arc-hss.ca\\\/fr\\\/arc-publications-dassistance-et-dorientation\\\/\",\"url\":\"https:\\\/\\\/arc-hss.ca\\\/fr\\\/arc-publications-dassistance-et-dorientation\\\/\",\"name\":\"ARC Publications d'assistance et d'orientation - ARC\",\"isPartOf\":{\"@id\":\"https:\\\/\\\/arc-hss.ca\\\/fr\\\/#website\"},\"datePublished\":\"2020-07-13T18:36:57+00:00\",\"dateModified\":\"2026-03-11T15:26:35+00:00\",\"breadcrumb\":{\"@id\":\"https:\\\/\\\/arc-hss.ca\\\/fr\\\/arc-publications-dassistance-et-dorientation\\\/#breadcrumb\"},\"inLanguage\":\"fr-FR\",\"potentialAction\":[{\"@type\":\"ReadAction\",\"target\":[\"https:\\\/\\\/arc-hss.ca\\\/fr\\\/arc-publications-dassistance-et-dorientation\\\/\"]}]},{\"@type\":\"BreadcrumbList\",\"@id\":\"https:\\\/\\\/arc-hss.ca\\\/fr\\\/arc-publications-dassistance-et-dorientation\\\/#breadcrumb\",\"itemListElement\":[{\"@type\":\"ListItem\",\"position\":1,\"name\":\"Home\",\"item\":\"https:\\\/\\\/arc-hss.ca\\\/fr\\\/\"},{\"@type\":\"ListItem\",\"position\":2,\"name\":\"ARC Publications d&#8217;assistance et d&#8217;orientation\"}]},{\"@type\":\"WebSite\",\"@id\":\"https:\\\/\\\/arc-hss.ca\\\/fr\\\/#website\",\"url\":\"https:\\\/\\\/arc-hss.ca\\\/fr\\\/\",\"name\":\"ARC\",\"description\":\"Assistance and Referral Centre\",\"potentialAction\":[{\"@type\":\"SearchAction\",\"target\":{\"@type\":\"EntryPoint\",\"urlTemplate\":\"https:\\\/\\\/arc-hss.ca\\\/fr\\\/?s={search_term_string}\"},\"query-input\":{\"@type\":\"PropertyValueSpecification\",\"valueRequired\":true,\"valueName\":\"search_term_string\"}}],\"inLanguage\":\"fr-FR\"}]}<\/script>\n<!-- \/ Yoast SEO plugin. -->","yoast_head_json":{"title":"ARC Publications d'assistance et d'orientation - ARC","robots":{"index":"index","follow":"follow","max-snippet":"max-snippet:-1","max-image-preview":"max-image-preview:large","max-video-preview":"max-video-preview:-1"},"canonical":"https:\/\/arc-hss.ca\/fr\/arc-publications-dassistance-et-dorientation\/","og_locale":"fr_FR","og_type":"article","og_title":"ARC Publications d'assistance et d'orientation - ARC","og_url":"https:\/\/arc-hss.ca\/fr\/arc-publications-dassistance-et-dorientation\/","og_site_name":"ARC","article_modified_time":"2026-03-11T15:26:35+00:00","twitter_card":"summary_large_image","twitter_misc":{"Dur\u00e9e de lecture estim\u00e9e":"2 minutes"},"schema":{"@context":"https:\/\/schema.org","@graph":[{"@type":"WebPage","@id":"https:\/\/arc-hss.ca\/fr\/arc-publications-dassistance-et-dorientation\/","url":"https:\/\/arc-hss.ca\/fr\/arc-publications-dassistance-et-dorientation\/","name":"ARC Publications d'assistance et d'orientation - ARC","isPartOf":{"@id":"https:\/\/arc-hss.ca\/fr\/#website"},"datePublished":"2020-07-13T18:36:57+00:00","dateModified":"2026-03-11T15:26:35+00:00","breadcrumb":{"@id":"https:\/\/arc-hss.ca\/fr\/arc-publications-dassistance-et-dorientation\/#breadcrumb"},"inLanguage":"fr-FR","potentialAction":[{"@type":"ReadAction","target":["https:\/\/arc-hss.ca\/fr\/arc-publications-dassistance-et-dorientation\/"]}]},{"@type":"BreadcrumbList","@id":"https:\/\/arc-hss.ca\/fr\/arc-publications-dassistance-et-dorientation\/#breadcrumb","itemListElement":[{"@type":"ListItem","position":1,"name":"Home","item":"https:\/\/arc-hss.ca\/fr\/"},{"@type":"ListItem","position":2,"name":"ARC Publications d&#8217;assistance et d&#8217;orientation"}]},{"@type":"WebSite","@id":"https:\/\/arc-hss.ca\/fr\/#website","url":"https:\/\/arc-hss.ca\/fr\/","name":"ARC","description":"Assistance and Referral Centre","potentialAction":[{"@type":"SearchAction","target":{"@type":"EntryPoint","urlTemplate":"https:\/\/arc-hss.ca\/fr\/?s={search_term_string}"},"query-input":{"@type":"PropertyValueSpecification","valueRequired":true,"valueName":"search_term_string"}}],"inLanguage":"fr-FR"}]}},"_links":{"self":[{"href":"https:\/\/arc-hss.ca\/fr\/wp-json\/wp\/v2\/pages\/13254","targetHints":{"allow":["GET"]}}],"collection":[{"href":"https:\/\/arc-hss.ca\/fr\/wp-json\/wp\/v2\/pages"}],"about":[{"href":"https:\/\/arc-hss.ca\/fr\/wp-json\/wp\/v2\/types\/page"}],"author":[{"embeddable":true,"href":"https:\/\/arc-hss.ca\/fr\/wp-json\/wp\/v2\/users\/1"}],"replies":[{"embeddable":true,"href":"https:\/\/arc-hss.ca\/fr\/wp-json\/wp\/v2\/comments?post=13254"}],"version-history":[{"count":0,"href":"https:\/\/arc-hss.ca\/fr\/wp-json\/wp\/v2\/pages\/13254\/revisions"}],"wp:attachment":[{"href":"https:\/\/arc-hss.ca\/fr\/wp-json\/wp\/v2\/media?parent=13254"}],"curies":[{"name":"wp","href":"https:\/\/api.w.org\/{rel}","templated":true}]}}