{"id":13238,"date":"2020-06-24T15:55:52","date_gmt":"2020-06-24T19:55:52","guid":{"rendered":"https:\/\/www.arc-hss.ca\/partnership-and-community-involvement\/"},"modified":"2024-08-21T10:55:16","modified_gmt":"2024-08-21T14:55:16","slug":"partenariat-et-participation-de-la-communaute","status":"publish","type":"page","link":"https:\/\/arc-hss.ca\/fr\/partenariat-et-participation-de-la-communaute\/","title":{"rendered":"Partenariat et participation de la communaut\u00e9"},"content":{"rendered":"<p><div class=\"fusion-fullwidth fullwidth-box fusion-builder-row-1 nonhundred-percent-fullwidth non-hundred-percent-height-scrolling\" style=\"--awb-border-radius-top-left:0px;--awb-border-radius-top-right:0px;--awb-border-radius-bottom-right:0px;--awb-border-radius-bottom-left:0px;--awb-flex-wrap:wrap;\" ><div class=\"fusion-builder-row fusion-row\"><div class=\"fusion-layout-column fusion_builder_column fusion-builder-column-0 fusion_builder_column_1_2 1_2 fusion-one-half fusion-column-first\" style=\"--awb-bg-size:cover;width:50%;width:calc(50% - ( ( 4% ) * 0.5 ) );margin-right: 4%;\"><div class=\"fusion-column-wrapper fusion-column-has-shadow fusion-flex-column-wrapper-legacy\"><div class=\"fusion-text fusion-text-1\"><h3 style=\"font-weight: 400;\"><strong>Partenariat et participation de la communaut\u00e9<\/strong><\/h3>\n<p>Nous forgeons continuellement des partenariats strat\u00e9giques avec des agences communautaires et gouvernementales, des organisations \u00e0 but non lucratif, et nous nous effor\u00e7ons de renforcer la capacit\u00e9 des initiatives communautaires et b\u00e9n\u00e9voles afin d&rsquo;optimiser les ressources et de maximiser notre impact.<\/p>\n<ul style=\"font-weight: 400;\">\n<li>Accueil de la foire annuelle Building Community Together.<\/li>\n<li><a href=\"https:\/\/www.arc-hss.ca\/fr\/partenariat-et-participation-de-la-communaute\/rhsspt\/\">Pr\u00e9sidence d\u2019une table sur la sant\u00e9 et les services sociaux<\/a> pour 31 partenaires offrant des services \u00e0 la communaut\u00e9 anglophone de la Rive-Sud.<\/li>\n<li>R\u00f4le de partenariat et de d\u00e9fense des int\u00e9r\u00eats gr\u00e2ce \u00e0 la repr\u00e9sentation au sein d&rsquo;un comit\u00e9 r\u00e9gional et de tables de partenariat locales (petite enfance, jeunesse et emploi, a\u00een\u00e9s et aidants naturels, etc.).<\/li>\n<li>Clubs de conversation en anglais \u00e0 l\u2019heure du midi dans les centres du CISSS Mont\u00e9r\u00e9gie-Centre. Pour les professionnels de la sant\u00e9 qui veulent apprendre ou am\u00e9liorer leur anglais parl\u00e9. Offert par McGill Dialogue.<\/li>\n<li>Acc\u00e8s gratuit \u00e0 nos bureaux pour les organismes communautaires ayant besoin d&rsquo;espace pour leurs activit\u00e9s.<\/li>\n<li>Soutien financier d\u2019une initiative de distribution de repas pendant la p\u00e9riode de pand\u00e9mie. Livraison de repas \u00e0 des personnes dans le besoin et \u00e0 des organisations qui s&rsquo;occupent des personnes dans le besoin.<\/li>\n<li>Projet artistique conjoint avec une organisation s\u0153ur pour cr\u00e9er un calendrier pr\u00e9sentant des peintures r\u00e9alis\u00e9es par les personnes \u00e2g\u00e9es de nos programmes.<\/li>\n<\/ul>\n<\/div><div class=\"fusion-clearfix\"><\/div><\/div><\/div><div class=\"fusion-layout-column fusion_builder_column fusion-builder-column-1 fusion_builder_column_1_2 1_2 fusion-one-half fusion-column-last\" style=\"--awb-bg-size:cover;width:50%;width:calc(50% - ( ( 4% ) * 0.5 ) );\"><div class=\"fusion-column-wrapper fusion-column-has-shadow fusion-flex-column-wrapper-legacy\"><div class=\"fusion-image-element in-legacy-container\" style=\"--awb-caption-title-font-family:var(--h2_typography-font-family);--awb-caption-title-font-weight:var(--h2_typography-font-weight);--awb-caption-title-font-style:var(--h2_typography-font-style);--awb-caption-title-size:var(--h2_typography-font-size);--awb-caption-title-transform:var(--h2_typography-text-transform);--awb-caption-title-line-height:var(--h2_typography-line-height);--awb-caption-title-letter-spacing:var(--h2_typography-letter-spacing);\"><span class=\" fusion-imageframe imageframe-none imageframe-1 hover-type-none\"><img decoding=\"async\" width=\"600\" height=\"333\" title=\"building community together (1)\" src=\"https:\/\/www.arc-hss.ca\/wp-content\/uploads\/2020\/07\/building-community-together-1-e1631209453503-600x333.png\" alt class=\"img-responsive wp-image-12836\" srcset=\"https:\/\/arc-hss.ca\/wp-content\/uploads\/2020\/07\/building-community-together-1-e1631209453503-200x111.png 200w, https:\/\/arc-hss.ca\/wp-content\/uploads\/2020\/07\/building-community-together-1-e1631209453503-400x222.png 400w, https:\/\/arc-hss.ca\/wp-content\/uploads\/2020\/07\/building-community-together-1-e1631209453503-600x333.png 600w, https:\/\/arc-hss.ca\/wp-content\/uploads\/2020\/07\/building-community-together-1-e1631209453503-800x443.png 800w, https:\/\/arc-hss.ca\/wp-content\/uploads\/2020\/07\/building-community-together-1-e1631209453503.png 940w\" sizes=\"(max-width: 812px) 100vw, 800px\" \/><\/span><\/div><div class=\"fusion-sep-clear\"><\/div><div class=\"fusion-separator fusion-full-width-sep\" style=\"margin-left: auto;margin-right: auto;margin-top:10px;margin-bottom:20px;width:100%;\"><\/div><div class=\"fusion-sep-clear\"><\/div><div class=\"fusion-image-element in-legacy-container\" style=\"--awb-caption-title-font-family:var(--h2_typography-font-family);--awb-caption-title-font-weight:var(--h2_typography-font-weight);--awb-caption-title-font-style:var(--h2_typography-font-style);--awb-caption-title-size:var(--h2_typography-font-size);--awb-caption-title-transform:var(--h2_typography-text-transform);--awb-caption-title-line-height:var(--h2_typography-line-height);--awb-caption-title-letter-spacing:var(--h2_typography-letter-spacing);\"><span class=\" fusion-imageframe imageframe-none imageframe-2 hover-type-none\"><img decoding=\"async\" width=\"600\" height=\"450\" title=\"rhsspt\" src=\"https:\/\/www.arc-hss.ca\/wp-content\/uploads\/2024\/08\/rhsspt-600x450.jpg\" alt class=\"img-responsive wp-image-21804\" srcset=\"https:\/\/arc-hss.ca\/wp-content\/uploads\/2024\/08\/rhsspt-200x150.jpg 200w, https:\/\/arc-hss.ca\/wp-content\/uploads\/2024\/08\/rhsspt-400x300.jpg 400w, https:\/\/arc-hss.ca\/wp-content\/uploads\/2024\/08\/rhsspt-600x450.jpg 600w, https:\/\/arc-hss.ca\/wp-content\/uploads\/2024\/08\/rhsspt-800x600.jpg 800w, https:\/\/arc-hss.ca\/wp-content\/uploads\/2024\/08\/rhsspt.jpg 1152w\" sizes=\"(max-width: 812px) 100vw, 800px\" \/><\/span><\/div><div class=\"fusion-clearfix\"><\/div><\/div><\/div><\/div><\/div><div class=\"fusion-fullwidth fullwidth-box fusion-builder-row-2 nonhundred-percent-fullwidth non-hundred-percent-height-scrolling\" style=\"--awb-border-radius-top-left:0px;--awb-border-radius-top-right:0px;--awb-border-radius-bottom-right:0px;--awb-border-radius-bottom-left:0px;--awb-margin-top:70px;--awb-flex-wrap:wrap;\" ><div class=\"fusion-builder-row fusion-row\"><div class=\"fusion-layout-column fusion_builder_column fusion-builder-column-2 fusion_builder_column_1_2 1_2 fusion-one-half fusion-column-first\" style=\"--awb-bg-size:cover;width:50%;width:calc(50% - ( ( 4% ) * 0.5 ) );margin-right: 4%;\"><div class=\"fusion-column-wrapper fusion-column-has-shadow fusion-flex-column-wrapper-legacy\"><div class=\"fusion-image-element in-legacy-container\" style=\"--awb-caption-title-font-family:var(--h2_typography-font-family);--awb-caption-title-font-weight:var(--h2_typography-font-weight);--awb-caption-title-font-style:var(--h2_typography-font-style);--awb-caption-title-size:var(--h2_typography-font-size);--awb-caption-title-transform:var(--h2_typography-text-transform);--awb-caption-title-line-height:var(--h2_typography-line-height);--awb-caption-title-letter-spacing:var(--h2_typography-letter-spacing);\"><span class=\" fusion-imageframe imageframe-none imageframe-3 hover-type-none\"><img decoding=\"async\" width=\"940\" height=\"710\" title=\"McGill Dialogue\" src=\"https:\/\/www.arc-hss.ca\/wp-content\/uploads\/2020\/07\/McGill-Dialogue.png\" alt class=\"img-responsive wp-image-12730\" srcset=\"https:\/\/arc-hss.ca\/wp-content\/uploads\/2020\/07\/McGill-Dialogue-200x151.png 200w, https:\/\/arc-hss.ca\/wp-content\/uploads\/2020\/07\/McGill-Dialogue-400x302.png 400w, https:\/\/arc-hss.ca\/wp-content\/uploads\/2020\/07\/McGill-Dialogue-600x453.png 600w, https:\/\/arc-hss.ca\/wp-content\/uploads\/2020\/07\/McGill-Dialogue-800x604.png 800w, https:\/\/arc-hss.ca\/wp-content\/uploads\/2020\/07\/McGill-Dialogue.png 940w\" sizes=\"(max-width: 812px) 100vw, 800px\" \/><\/span><\/div><div class=\"fusion-clearfix\"><\/div><\/div><\/div><div class=\"fusion-layout-column fusion_builder_column fusion-builder-column-3 fusion_builder_column_1_2 1_2 fusion-one-half fusion-column-last\" style=\"--awb-bg-size:cover;width:50%;width:calc(50% - ( ( 4% ) * 0.5 ) );\"><div class=\"fusion-column-wrapper fusion-column-has-shadow fusion-flex-column-wrapper-legacy\"><div class=\"fusion-text fusion-text-2\"><h3>Clubs de conversation Lunch, Laugh and Learn<\/h3>\n<p>Saviez-vous que la plupart des m\u00e9decins parlent suffisamment bien l&rsquo;anglais pour expliquer les probl\u00e8mes de sant\u00e9 et les traitements \u00e0 leurs patients, mais que la plupart des r\u00e9ceptionnistes parlent tr\u00e8s peu l&rsquo;anglais et se sentent compl\u00e8tement perdus lorsqu&rsquo;ils doivent faire face \u00e0 un patient anglophone ?\u00a0Pourtant, l&rsquo;acc\u00e8s aux services de sant\u00e9 en anglais commence d\u00e8s la r\u00e9ception.<\/p>\n<p>Nous nous attaquons \u00e0 ce probl\u00e8me en collaboration avec Dialogue McGill et le CISSS Mont\u00e9r\u00e9gie-Centre gr\u00e2ce \u00e0 des clubs de conversation appel\u00e9s Lunch, Laugh and Learn. Ces clubs, qui ont lieu \u00e0 l\u2019heure du d\u00eener dans l\u2019environnement de l\u2019h\u00f4pital ou du cabinet m\u00e9dical, constituent l\u2019un des meilleurs moyens d\u2019am\u00e9liorer l\u2019anglais parl\u00e9.<\/p>\n<p>Le programme Lunch, Laugh and Learn permet aux apprenants de langue anglaise de s&rsquo;exercer \u00e0 parler dans un environnement informel et d\u00e9tendu. Le programme aide principalement les participants \u00e0 am\u00e9liorer deux comp\u00e9tences : l&rsquo;expression orale et l&rsquo;\u00e9coute. Les groupes sont de niveau d\u00e9butant, interm\u00e9diaire ou mixte.<\/p>\n<p>Nous avons actuellement 30 s\u00e9ances hebdomadaires individuelles au CISSS-Mont\u00e9r\u00e9gie Centre.<\/p>\n<p>Pour plus d&rsquo;information, contactez <a href=\"mailto:gpk@arc-hss.ca\">gpk@arc-hss.ca<\/a>.<\/p>\n<\/div><div class=\"fusion-clearfix\"><\/div><\/div><\/div><\/div><\/div><\/p>\n","protected":false},"excerpt":{"rendered":"","protected":false},"author":1,"featured_media":0,"parent":0,"menu_order":0,"comment_status":"closed","ping_status":"closed","template":"","meta":{"_acf_changed":false,"footnotes":""},"class_list":["post-13238","page","type-page","status-publish","hentry"],"acf":[],"yoast_head":"<!-- This site is optimized with the Yoast SEO plugin v27.4 - https:\/\/yoast.com\/product\/yoast-seo-wordpress\/ -->\n<title>Partenariat et participation de la communaut\u00e9 - ARC<\/title>\n<meta name=\"robots\" content=\"index, follow, max-snippet:-1, max-image-preview:large, max-video-preview:-1\" \/>\n<link rel=\"canonical\" href=\"https:\/\/arc-hss.ca\/fr\/partenariat-et-participation-de-la-communaute\/\" \/>\n<meta property=\"og:locale\" content=\"fr_FR\" \/>\n<meta property=\"og:type\" content=\"article\" \/>\n<meta property=\"og:title\" content=\"Partenariat et participation de la communaut\u00e9 - ARC\" \/>\n<meta property=\"og:url\" content=\"https:\/\/arc-hss.ca\/fr\/partenariat-et-participation-de-la-communaute\/\" \/>\n<meta property=\"og:site_name\" content=\"ARC\" \/>\n<meta property=\"article:modified_time\" content=\"2024-08-21T14:55:16+00:00\" \/>\n<meta name=\"twitter:card\" content=\"summary_large_image\" \/>\n<meta name=\"twitter:label1\" content=\"Dur\u00e9e de lecture estim\u00e9e\" \/>\n\t<meta name=\"twitter:data1\" content=\"3 minutes\" \/>\n<script type=\"application\/ld+json\" class=\"yoast-schema-graph\">{\"@context\":\"https:\\\/\\\/schema.org\",\"@graph\":[{\"@type\":\"WebPage\",\"@id\":\"https:\\\/\\\/arc-hss.ca\\\/fr\\\/partenariat-et-participation-de-la-communaute\\\/\",\"url\":\"https:\\\/\\\/arc-hss.ca\\\/fr\\\/partenariat-et-participation-de-la-communaute\\\/\",\"name\":\"Partenariat et participation de la communaut\u00e9 - ARC\",\"isPartOf\":{\"@id\":\"https:\\\/\\\/arc-hss.ca\\\/fr\\\/#website\"},\"datePublished\":\"2020-06-24T19:55:52+00:00\",\"dateModified\":\"2024-08-21T14:55:16+00:00\",\"breadcrumb\":{\"@id\":\"https:\\\/\\\/arc-hss.ca\\\/fr\\\/partenariat-et-participation-de-la-communaute\\\/#breadcrumb\"},\"inLanguage\":\"fr-FR\",\"potentialAction\":[{\"@type\":\"ReadAction\",\"target\":[\"https:\\\/\\\/arc-hss.ca\\\/fr\\\/partenariat-et-participation-de-la-communaute\\\/\"]}]},{\"@type\":\"BreadcrumbList\",\"@id\":\"https:\\\/\\\/arc-hss.ca\\\/fr\\\/partenariat-et-participation-de-la-communaute\\\/#breadcrumb\",\"itemListElement\":[{\"@type\":\"ListItem\",\"position\":1,\"name\":\"Home\",\"item\":\"https:\\\/\\\/arc-hss.ca\\\/fr\\\/\"},{\"@type\":\"ListItem\",\"position\":2,\"name\":\"Partenariat et participation de la communaut\u00e9\"}]},{\"@type\":\"WebSite\",\"@id\":\"https:\\\/\\\/arc-hss.ca\\\/fr\\\/#website\",\"url\":\"https:\\\/\\\/arc-hss.ca\\\/fr\\\/\",\"name\":\"ARC\",\"description\":\"Assistance and Referral Centre\",\"potentialAction\":[{\"@type\":\"SearchAction\",\"target\":{\"@type\":\"EntryPoint\",\"urlTemplate\":\"https:\\\/\\\/arc-hss.ca\\\/fr\\\/?s={search_term_string}\"},\"query-input\":{\"@type\":\"PropertyValueSpecification\",\"valueRequired\":true,\"valueName\":\"search_term_string\"}}],\"inLanguage\":\"fr-FR\"}]}<\/script>\n<!-- \/ Yoast SEO plugin. -->","yoast_head_json":{"title":"Partenariat et participation de la communaut\u00e9 - ARC","robots":{"index":"index","follow":"follow","max-snippet":"max-snippet:-1","max-image-preview":"max-image-preview:large","max-video-preview":"max-video-preview:-1"},"canonical":"https:\/\/arc-hss.ca\/fr\/partenariat-et-participation-de-la-communaute\/","og_locale":"fr_FR","og_type":"article","og_title":"Partenariat et participation de la communaut\u00e9 - ARC","og_url":"https:\/\/arc-hss.ca\/fr\/partenariat-et-participation-de-la-communaute\/","og_site_name":"ARC","article_modified_time":"2024-08-21T14:55:16+00:00","twitter_card":"summary_large_image","twitter_misc":{"Dur\u00e9e de lecture estim\u00e9e":"3 minutes"},"schema":{"@context":"https:\/\/schema.org","@graph":[{"@type":"WebPage","@id":"https:\/\/arc-hss.ca\/fr\/partenariat-et-participation-de-la-communaute\/","url":"https:\/\/arc-hss.ca\/fr\/partenariat-et-participation-de-la-communaute\/","name":"Partenariat et participation de la communaut\u00e9 - ARC","isPartOf":{"@id":"https:\/\/arc-hss.ca\/fr\/#website"},"datePublished":"2020-06-24T19:55:52+00:00","dateModified":"2024-08-21T14:55:16+00:00","breadcrumb":{"@id":"https:\/\/arc-hss.ca\/fr\/partenariat-et-participation-de-la-communaute\/#breadcrumb"},"inLanguage":"fr-FR","potentialAction":[{"@type":"ReadAction","target":["https:\/\/arc-hss.ca\/fr\/partenariat-et-participation-de-la-communaute\/"]}]},{"@type":"BreadcrumbList","@id":"https:\/\/arc-hss.ca\/fr\/partenariat-et-participation-de-la-communaute\/#breadcrumb","itemListElement":[{"@type":"ListItem","position":1,"name":"Home","item":"https:\/\/arc-hss.ca\/fr\/"},{"@type":"ListItem","position":2,"name":"Partenariat et participation de la communaut\u00e9"}]},{"@type":"WebSite","@id":"https:\/\/arc-hss.ca\/fr\/#website","url":"https:\/\/arc-hss.ca\/fr\/","name":"ARC","description":"Assistance and Referral Centre","potentialAction":[{"@type":"SearchAction","target":{"@type":"EntryPoint","urlTemplate":"https:\/\/arc-hss.ca\/fr\/?s={search_term_string}"},"query-input":{"@type":"PropertyValueSpecification","valueRequired":true,"valueName":"search_term_string"}}],"inLanguage":"fr-FR"}]}},"_links":{"self":[{"href":"https:\/\/arc-hss.ca\/fr\/wp-json\/wp\/v2\/pages\/13238","targetHints":{"allow":["GET"]}}],"collection":[{"href":"https:\/\/arc-hss.ca\/fr\/wp-json\/wp\/v2\/pages"}],"about":[{"href":"https:\/\/arc-hss.ca\/fr\/wp-json\/wp\/v2\/types\/page"}],"author":[{"embeddable":true,"href":"https:\/\/arc-hss.ca\/fr\/wp-json\/wp\/v2\/users\/1"}],"replies":[{"embeddable":true,"href":"https:\/\/arc-hss.ca\/fr\/wp-json\/wp\/v2\/comments?post=13238"}],"version-history":[{"count":0,"href":"https:\/\/arc-hss.ca\/fr\/wp-json\/wp\/v2\/pages\/13238\/revisions"}],"wp:attachment":[{"href":"https:\/\/arc-hss.ca\/fr\/wp-json\/wp\/v2\/media?parent=13238"}],"curies":[{"name":"wp","href":"https:\/\/api.w.org\/{rel}","templated":true}]}}