{"id":13201,"date":"2021-11-30T16:43:17","date_gmt":"2021-11-30T21:43:17","guid":{"rendered":"https:\/\/www.arc-hss.ca\/youth-and-employment\/"},"modified":"2024-08-21T10:28:19","modified_gmt":"2024-08-21T14:28:19","slug":"jeunesse-et-emploi","status":"publish","type":"page","link":"https:\/\/arc-hss.ca\/fr\/jeunesse-et-emploi\/","title":{"rendered":"Jeunesse et emploi"},"content":{"rendered":"<div class=\"fusion-fullwidth fullwidth-box fusion-builder-row-1 nonhundred-percent-fullwidth non-hundred-percent-height-scrolling\" style=\"--awb-border-radius-top-left:0px;--awb-border-radius-top-right:0px;--awb-border-radius-bottom-right:0px;--awb-border-radius-bottom-left:0px;--awb-padding-top:50px;--awb-padding-bottom:50px;--awb-margin-top:70px;--awb-margin-bottom:70px;--awb-background-color:#f7f7f7;--awb-flex-wrap:wrap;\" ><div class=\"fusion-builder-row fusion-row\"><div class=\"fusion-layout-column fusion_builder_column fusion-builder-column-0 fusion_builder_column_1_2 1_2 fusion-one-half fusion-column-first\" style=\"--awb-bg-size:cover;width:50%;width:calc(50% - ( ( 4% ) * 0.5 ) );margin-right: 4%;\"><div class=\"fusion-column-wrapper fusion-column-has-shadow fusion-flex-column-wrapper-legacy\"><div class=\"fusion-image-element in-legacy-container\" style=\"--awb-caption-title-font-family:var(--h2_typography-font-family);--awb-caption-title-font-weight:var(--h2_typography-font-weight);--awb-caption-title-font-style:var(--h2_typography-font-style);--awb-caption-title-size:var(--h2_typography-font-size);--awb-caption-title-transform:var(--h2_typography-text-transform);--awb-caption-title-line-height:var(--h2_typography-line-height);--awb-caption-title-letter-spacing:var(--h2_typography-letter-spacing);\"><span class=\" fusion-imageframe imageframe-none imageframe-1 hover-type-none\"><img decoding=\"async\" width=\"1000\" height=\"600\" title=\"Medical students\" src=\"https:\/\/www.arc-hss.ca\/wp-content\/uploads\/2020\/07\/Medical-students.png\" alt class=\"img-responsive wp-image-12830\" srcset=\"https:\/\/arc-hss.ca\/wp-content\/uploads\/2020\/07\/Medical-students-200x120.png 200w, https:\/\/arc-hss.ca\/wp-content\/uploads\/2020\/07\/Medical-students-400x240.png 400w, https:\/\/arc-hss.ca\/wp-content\/uploads\/2020\/07\/Medical-students-600x360.png 600w, https:\/\/arc-hss.ca\/wp-content\/uploads\/2020\/07\/Medical-students-800x480.png 800w, https:\/\/arc-hss.ca\/wp-content\/uploads\/2020\/07\/Medical-students.png 1000w\" sizes=\"(max-width: 812px) 100vw, 800px\" \/><\/span><\/div><div class=\"fusion-clearfix\"><\/div><\/div><\/div><div class=\"fusion-layout-column fusion_builder_column fusion-builder-column-1 fusion_builder_column_1_2 1_2 fusion-one-half fusion-column-last\" style=\"--awb-bg-size:cover;width:50%;width:calc(50% - ( ( 4% ) * 0.5 ) );\"><div class=\"fusion-column-wrapper fusion-column-has-shadow fusion-flex-column-wrapper-legacy\"><div class=\"fusion-text fusion-text-1\"><h3>Programmes pour la jeunesse et l&#8217;emploi<\/h3>\n<ul>\n<li><a href=\"https:\/\/www.arc-hss.ca\/fr\/services-demploi\/\">Services d&#8217;emploi<\/a> &#8211; L&rsquo;objectif est d&rsquo;am\u00e9liorer l&rsquo;acc\u00e8s aux services pour les jeunes anglophones en d\u00e9veloppant et en renfor\u00e7ant la capacit\u00e9 des organisations partenaires \u00e0 offrir des services d&#8217;employabilit\u00e9. Voir notre <a href=\"https:\/\/www.arc-hss.ca\/employment-services\/employment-flyer-page-1\/\">brochure sur les services offerts<\/a>.<\/li>\n<li>Par le biais du <a href=\"https:\/\/www.arc-hss.ca\/fr\/projet-de-mcgill-sur-la-formation-et-le-maintien-en-poste-des-professionnels-de-la-sante\/\">programme de maintien en poste de McGill<\/a>, nous faisons la promotion des carri\u00e8res dans le secteur de la sant\u00e9 aupr\u00e8s des \u00e9l\u00e8ves du secondaire et des \u00e9tudiants de niveau postsecondaire.<\/li>\n<li>Toujours par l\u2019entremise de McGill, nous offrons maintenant le Programme de <a href=\"https:\/\/www.arc-hss.ca\/fr\/programme-de-bourses-de-leadership-communautaire-en-sante-et-services-sociaux\/\">bourses des r\u00e9seaux communautaires en sant\u00e9 et services sociaux<\/a>. Ces bourses offrent un soutien financier aux \u00e9tudiants r\u00e9sidant en Mont\u00e9r\u00e9gie qui ma\u00eetrisent l\u2019anglais et le fran\u00e7ais et qui poursuivent des \u00e9tudes \u00e0 temps plein dans le domaine de la sant\u00e9 et des services sociaux dans un \u00e9tablissement d\u2019enseignement reconnu par le gouvernement<\/li>\n<li>Nous offrons des ateliers anim\u00e9s par un conseiller aupr\u00e8s des familles pour aider les parents \u00e0 traverser la crise sanitaire. Nous proposons des ateliers en ligne pour les parents tout au long de l\u2019ann\u00e9e et lors de la foire Building Community Together.<\/li>\n<\/ul>\n<\/div><div class=\"fusion-clearfix\"><\/div><\/div><\/div><\/div><\/div>\n","protected":false},"excerpt":{"rendered":"","protected":false},"author":1,"featured_media":0,"parent":0,"menu_order":0,"comment_status":"closed","ping_status":"closed","template":"100-width.php","meta":{"_acf_changed":false,"footnotes":""},"class_list":["post-13201","page","type-page","status-publish","hentry"],"acf":[],"yoast_head":"<!-- This site is optimized with the Yoast SEO plugin v27.4 - https:\/\/yoast.com\/product\/yoast-seo-wordpress\/ -->\n<title>Jeunesse et emploi - ARC<\/title>\n<meta name=\"robots\" content=\"index, follow, max-snippet:-1, max-image-preview:large, max-video-preview:-1\" \/>\n<link rel=\"canonical\" href=\"https:\/\/arc-hss.ca\/fr\/jeunesse-et-emploi\/\" \/>\n<meta property=\"og:locale\" content=\"fr_FR\" \/>\n<meta property=\"og:type\" content=\"article\" \/>\n<meta property=\"og:title\" content=\"Jeunesse et emploi - ARC\" \/>\n<meta property=\"og:url\" content=\"https:\/\/arc-hss.ca\/fr\/jeunesse-et-emploi\/\" \/>\n<meta property=\"og:site_name\" content=\"ARC\" \/>\n<meta property=\"article:modified_time\" content=\"2024-08-21T14:28:19+00:00\" \/>\n<meta name=\"twitter:card\" content=\"summary_large_image\" \/>\n<meta name=\"twitter:label1\" content=\"Dur\u00e9e de lecture estim\u00e9e\" \/>\n\t<meta name=\"twitter:data1\" content=\"2 minutes\" \/>\n<script type=\"application\/ld+json\" class=\"yoast-schema-graph\">{\"@context\":\"https:\\\/\\\/schema.org\",\"@graph\":[{\"@type\":\"WebPage\",\"@id\":\"https:\\\/\\\/arc-hss.ca\\\/fr\\\/jeunesse-et-emploi\\\/\",\"url\":\"https:\\\/\\\/arc-hss.ca\\\/fr\\\/jeunesse-et-emploi\\\/\",\"name\":\"Jeunesse et emploi - ARC\",\"isPartOf\":{\"@id\":\"https:\\\/\\\/arc-hss.ca\\\/fr\\\/#website\"},\"datePublished\":\"2021-11-30T21:43:17+00:00\",\"dateModified\":\"2024-08-21T14:28:19+00:00\",\"breadcrumb\":{\"@id\":\"https:\\\/\\\/arc-hss.ca\\\/fr\\\/jeunesse-et-emploi\\\/#breadcrumb\"},\"inLanguage\":\"fr-FR\",\"potentialAction\":[{\"@type\":\"ReadAction\",\"target\":[\"https:\\\/\\\/arc-hss.ca\\\/fr\\\/jeunesse-et-emploi\\\/\"]}]},{\"@type\":\"BreadcrumbList\",\"@id\":\"https:\\\/\\\/arc-hss.ca\\\/fr\\\/jeunesse-et-emploi\\\/#breadcrumb\",\"itemListElement\":[{\"@type\":\"ListItem\",\"position\":1,\"name\":\"Home\",\"item\":\"https:\\\/\\\/arc-hss.ca\\\/fr\\\/\"},{\"@type\":\"ListItem\",\"position\":2,\"name\":\"Jeunesse et emploi\"}]},{\"@type\":\"WebSite\",\"@id\":\"https:\\\/\\\/arc-hss.ca\\\/fr\\\/#website\",\"url\":\"https:\\\/\\\/arc-hss.ca\\\/fr\\\/\",\"name\":\"ARC\",\"description\":\"Assistance and Referral Centre\",\"potentialAction\":[{\"@type\":\"SearchAction\",\"target\":{\"@type\":\"EntryPoint\",\"urlTemplate\":\"https:\\\/\\\/arc-hss.ca\\\/fr\\\/?s={search_term_string}\"},\"query-input\":{\"@type\":\"PropertyValueSpecification\",\"valueRequired\":true,\"valueName\":\"search_term_string\"}}],\"inLanguage\":\"fr-FR\"}]}<\/script>\n<!-- \/ Yoast SEO plugin. -->","yoast_head_json":{"title":"Jeunesse et emploi - ARC","robots":{"index":"index","follow":"follow","max-snippet":"max-snippet:-1","max-image-preview":"max-image-preview:large","max-video-preview":"max-video-preview:-1"},"canonical":"https:\/\/arc-hss.ca\/fr\/jeunesse-et-emploi\/","og_locale":"fr_FR","og_type":"article","og_title":"Jeunesse et emploi - ARC","og_url":"https:\/\/arc-hss.ca\/fr\/jeunesse-et-emploi\/","og_site_name":"ARC","article_modified_time":"2024-08-21T14:28:19+00:00","twitter_card":"summary_large_image","twitter_misc":{"Dur\u00e9e de lecture estim\u00e9e":"2 minutes"},"schema":{"@context":"https:\/\/schema.org","@graph":[{"@type":"WebPage","@id":"https:\/\/arc-hss.ca\/fr\/jeunesse-et-emploi\/","url":"https:\/\/arc-hss.ca\/fr\/jeunesse-et-emploi\/","name":"Jeunesse et emploi - ARC","isPartOf":{"@id":"https:\/\/arc-hss.ca\/fr\/#website"},"datePublished":"2021-11-30T21:43:17+00:00","dateModified":"2024-08-21T14:28:19+00:00","breadcrumb":{"@id":"https:\/\/arc-hss.ca\/fr\/jeunesse-et-emploi\/#breadcrumb"},"inLanguage":"fr-FR","potentialAction":[{"@type":"ReadAction","target":["https:\/\/arc-hss.ca\/fr\/jeunesse-et-emploi\/"]}]},{"@type":"BreadcrumbList","@id":"https:\/\/arc-hss.ca\/fr\/jeunesse-et-emploi\/#breadcrumb","itemListElement":[{"@type":"ListItem","position":1,"name":"Home","item":"https:\/\/arc-hss.ca\/fr\/"},{"@type":"ListItem","position":2,"name":"Jeunesse et emploi"}]},{"@type":"WebSite","@id":"https:\/\/arc-hss.ca\/fr\/#website","url":"https:\/\/arc-hss.ca\/fr\/","name":"ARC","description":"Assistance and Referral Centre","potentialAction":[{"@type":"SearchAction","target":{"@type":"EntryPoint","urlTemplate":"https:\/\/arc-hss.ca\/fr\/?s={search_term_string}"},"query-input":{"@type":"PropertyValueSpecification","valueRequired":true,"valueName":"search_term_string"}}],"inLanguage":"fr-FR"}]}},"_links":{"self":[{"href":"https:\/\/arc-hss.ca\/fr\/wp-json\/wp\/v2\/pages\/13201","targetHints":{"allow":["GET"]}}],"collection":[{"href":"https:\/\/arc-hss.ca\/fr\/wp-json\/wp\/v2\/pages"}],"about":[{"href":"https:\/\/arc-hss.ca\/fr\/wp-json\/wp\/v2\/types\/page"}],"author":[{"embeddable":true,"href":"https:\/\/arc-hss.ca\/fr\/wp-json\/wp\/v2\/users\/1"}],"replies":[{"embeddable":true,"href":"https:\/\/arc-hss.ca\/fr\/wp-json\/wp\/v2\/comments?post=13201"}],"version-history":[{"count":0,"href":"https:\/\/arc-hss.ca\/fr\/wp-json\/wp\/v2\/pages\/13201\/revisions"}],"wp:attachment":[{"href":"https:\/\/arc-hss.ca\/fr\/wp-json\/wp\/v2\/media?parent=13201"}],"curies":[{"name":"wp","href":"https:\/\/api.w.org\/{rel}","templated":true}]}}