{"id":13187,"date":"2020-06-24T15:55:52","date_gmt":"2020-06-24T19:55:52","guid":{"rendered":"https:\/\/www.arc-hss.ca\/seniors\/"},"modified":"2024-08-21T08:23:04","modified_gmt":"2024-08-21T12:23:04","slug":"personnes-agees","status":"publish","type":"page","link":"https:\/\/arc-hss.ca\/fr\/personnes-agees\/","title":{"rendered":"Personnes \u00e2g\u00e9es"},"content":{"rendered":"<p><div class=\"fusion-fullwidth fullwidth-box fusion-builder-row-1 nonhundred-percent-fullwidth non-hundred-percent-height-scrolling\" style=\"--awb-border-radius-top-left:0px;--awb-border-radius-top-right:0px;--awb-border-radius-bottom-right:0px;--awb-border-radius-bottom-left:0px;--awb-flex-wrap:wrap;\" ><div class=\"fusion-builder-row fusion-row\"><div class=\"fusion-layout-column fusion_builder_column fusion-builder-column-0 fusion_builder_column_1_2 1_2 fusion-one-half fusion-column-first\" style=\"--awb-bg-size:cover;width:50%;width:calc(50% - ( ( 4% ) * 0.5 ) );margin-right: 4%;\"><div class=\"fusion-column-wrapper fusion-column-has-shadow fusion-flex-column-wrapper-legacy\"><div class=\"fusion-text fusion-text-1\"><h2>Les personnes \u00e2g\u00e9es de la communaut\u00e9 sont les pionniers de notre si\u00e8cle<\/h2>\n<p>Les personnes \u00e2g\u00e9es de la communaut\u00e9 sont les pionniers de notre si\u00e8cle et m\u00e9ritent le plus grand respect et la plus grande reconnaissance. \u00c0 l\u2019ARC, nous interagissons avec les a\u00een\u00e9s de mani\u00e8re amusante, int\u00e9ressante et utile par le biais de nos programmes.<\/p>\n<p>L\u2019ARC anime une activit\u00e9 du Centre de mieux-\u00eatre des a\u00een\u00e9s une fois par semaine \u00e0 deux endroits : Greenfield Park et Chambly ; et deux fois par mois \u00e0 Clarenceville. Ces activit\u00e9s varient entre les aspects cognitifs, physiques et la stimulation et sont toujours amusantes!<\/p>\n<p>Notre objectif est de briser l\u2019isolement et d\u2019aider nos a\u00een\u00e9s \u00e0 continuer \u00e0 tirer du plaisir de la vie.<\/p>\n<p>Activit\u00e9s et services pour personnes \u00e2g\u00e9es<\/p>\n<ul>\n<li>Activit\u00e9s de bien-\u00eatre offertes \u00e0 Greenfield Park Chambly et \u00e0 Clarenceville<\/li>\n<li>D\u00eener dansant communautaire \u00e0 Greenfield Park six fois par ann\u00e9e<\/li>\n<li>Activit\u00e9s physiques : tai-chi, et yoga pour les 50 ans et plus offerts une fois par semaine<\/li>\n<li>Ateliers de pr\u00e9vention des chutes<\/li>\n<li>Club de marche offerts chaque semaine : Greenfield Park<\/li>\n<li>Cours de dessin hebdomadaire anim\u00e9 par un artiste professionnel<\/li>\n<li>Cuisine sociale trois fois par mois<\/li>\n<li>Programme ReCharge pour aider les aidants naturels<\/li>\n<li>Groupe de soutien aux aidants<\/li>\n<li>Club de conversation fran\u00e7aise<\/li>\n<li>S\u00e9rie d&rsquo;ateliers de contes offerts une fois par an<\/li>\n<li>C\u00e9l\u00e9bration de la Journ\u00e9e nationale des a\u00een\u00e9s<\/li>\n<li>Services d\u2019aide \u00e0 la navigation dans le syst\u00e8me de sant\u00e9 et de services sociaux<\/li>\n<li>S\u00e9ances d\u2019information, et bien plus!<\/li>\n<\/ul>\n<\/div><div class=\"fusion-clearfix\"><\/div><\/div><\/div><div class=\"fusion-layout-column fusion_builder_column fusion-builder-column-1 fusion_builder_column_1_2 1_2 fusion-one-half fusion-column-last\" style=\"--awb-bg-size:cover;width:50%;width:calc(50% - ( ( 4% ) * 0.5 ) );\"><div class=\"fusion-column-wrapper fusion-column-has-shadow fusion-flex-column-wrapper-legacy\"><div class=\"fusion-image-element in-legacy-container\" style=\"--awb-caption-title-font-family:var(--h2_typography-font-family);--awb-caption-title-font-weight:var(--h2_typography-font-weight);--awb-caption-title-font-style:var(--h2_typography-font-style);--awb-caption-title-size:var(--h2_typography-font-size);--awb-caption-title-transform:var(--h2_typography-text-transform);--awb-caption-title-line-height:var(--h2_typography-line-height);--awb-caption-title-letter-spacing:var(--h2_typography-letter-spacing);\"><span class=\" fusion-imageframe imageframe-none imageframe-1 hover-type-none\"><img decoding=\"async\" width=\"1024\" height=\"768\" title=\"IMG_1904\" src=\"https:\/\/www.arc-hss.ca\/wp-content\/uploads\/2022\/11\/IMG_1904-1024x768.jpg\" alt class=\"img-responsive wp-image-13142\" srcset=\"https:\/\/arc-hss.ca\/wp-content\/uploads\/2022\/11\/IMG_1904-200x150.jpg 200w, https:\/\/arc-hss.ca\/wp-content\/uploads\/2022\/11\/IMG_1904-400x300.jpg 400w, https:\/\/arc-hss.ca\/wp-content\/uploads\/2022\/11\/IMG_1904-600x450.jpg 600w, https:\/\/arc-hss.ca\/wp-content\/uploads\/2022\/11\/IMG_1904-800x600.jpg 800w, https:\/\/arc-hss.ca\/wp-content\/uploads\/2022\/11\/IMG_1904-1200x900.jpg 1200w, https:\/\/arc-hss.ca\/wp-content\/uploads\/2022\/11\/IMG_1904-scaled.jpg 2560w\" sizes=\"(max-width: 812px) 100vw, 800px\" \/><\/span><\/div><div class=\"fusion-sep-clear\"><\/div><div class=\"fusion-separator fusion-full-width-sep\" style=\"margin-left: auto;margin-right: auto;width:100%;\"><div class=\"fusion-separator-border sep-double\" style=\"--awb-height:20px;--awb-amount:20px;border-color:#e2e2e2;border-top-width:1px;border-bottom-width:1px;\"><\/div><\/div><div class=\"fusion-sep-clear\"><\/div><div class=\"awb-gallery-wrapper awb-gallery-wrapper-1 button-span-no\"><div style=\"margin:-5px;--awb-bordersize:0px;\" class=\"fusion-gallery fusion-gallery-container fusion-grid-3 fusion-columns-total-6 fusion-gallery-layout-grid fusion-gallery-1\"><div style=\"padding:5px;\" class=\"fusion-grid-column fusion-gallery-column fusion-gallery-column-3 hover-type-none\"><div class=\"fusion-gallery-image\"><a href=\"https:\/\/arc-hss.ca\/wp-content\/uploads\/2020\/07\/CHSLD.png\" rel=\"noreferrer\" data-rel=\"iLightbox[gallery_image_1]\" class=\"fusion-lightbox\" target=\"_self\"><img decoding=\"async\" src=\"https:\/\/arc-hss.ca\/wp-content\/uploads\/2020\/07\/CHSLD.png\" width=\"940\" height=\"710\" alt=\"\" title=\"CHSLD\" aria-label=\"CHSLD\" class=\"img-responsive wp-image-12724\" srcset=\"https:\/\/arc-hss.ca\/wp-content\/uploads\/2020\/07\/CHSLD-200x151.png 200w, https:\/\/arc-hss.ca\/wp-content\/uploads\/2020\/07\/CHSLD-400x302.png 400w, https:\/\/arc-hss.ca\/wp-content\/uploads\/2020\/07\/CHSLD-600x453.png 600w, https:\/\/arc-hss.ca\/wp-content\/uploads\/2020\/07\/CHSLD-800x604.png 800w, https:\/\/arc-hss.ca\/wp-content\/uploads\/2020\/07\/CHSLD.png 940w\" sizes=\"(min-width: 2200px) 100vw, (min-width: 784px) 427px, (min-width: 712px) 640px, (min-width: 640px) 712px, \" \/><\/a><\/div><\/div><div style=\"padding:5px;\" class=\"fusion-grid-column fusion-gallery-column fusion-gallery-column-3 hover-type-none\"><div class=\"fusion-gallery-image\"><a href=\"https:\/\/arc-hss.ca\/wp-content\/uploads\/2022\/11\/SS-Sept-24-2022.jpg\" rel=\"noreferrer\" data-rel=\"iLightbox[gallery_image_1]\" class=\"fusion-lightbox\" target=\"_self\"><img decoding=\"async\" src=\"https:\/\/arc-hss.ca\/wp-content\/uploads\/2022\/11\/SS-Sept-24-2022.jpg\" width=\"1152\" height=\"864\" alt=\"\" title=\"SS Sept 24 2022\" aria-label=\"SS Sept 24 2022\" class=\"img-responsive wp-image-13144\" srcset=\"https:\/\/arc-hss.ca\/wp-content\/uploads\/2022\/11\/SS-Sept-24-2022-200x150.jpg 200w, https:\/\/arc-hss.ca\/wp-content\/uploads\/2022\/11\/SS-Sept-24-2022-400x300.jpg 400w, https:\/\/arc-hss.ca\/wp-content\/uploads\/2022\/11\/SS-Sept-24-2022-600x450.jpg 600w, https:\/\/arc-hss.ca\/wp-content\/uploads\/2022\/11\/SS-Sept-24-2022-800x600.jpg 800w, https:\/\/arc-hss.ca\/wp-content\/uploads\/2022\/11\/SS-Sept-24-2022.jpg 1152w\" sizes=\"(min-width: 2200px) 100vw, (min-width: 784px) 427px, (min-width: 712px) 640px, (min-width: 640px) 712px, \" \/><\/a><\/div><\/div><div style=\"padding:5px;\" class=\"fusion-grid-column fusion-gallery-column fusion-gallery-column-3 hover-type-none\"><div class=\"fusion-gallery-image\"><a href=\"https:\/\/arc-hss.ca\/wp-content\/uploads\/2022\/11\/20210929_12ARC-National-Seniors-Day-scaled.jpg\" rel=\"noreferrer\" data-rel=\"iLightbox[gallery_image_1]\" class=\"fusion-lightbox\" target=\"_self\"><img decoding=\"async\" src=\"https:\/\/arc-hss.ca\/wp-content\/uploads\/2022\/11\/20210929_12ARC-National-Seniors-Day-scaled.jpg\" width=\"2560\" height=\"1920\" alt=\"\" title=\"20210929_12ARC National Seniors Day\" aria-label=\"20210929_12ARC National Seniors Day\" class=\"img-responsive wp-image-13146\" srcset=\"https:\/\/arc-hss.ca\/wp-content\/uploads\/2022\/11\/20210929_12ARC-National-Seniors-Day-200x150.jpg 200w, https:\/\/arc-hss.ca\/wp-content\/uploads\/2022\/11\/20210929_12ARC-National-Seniors-Day-400x300.jpg 400w, https:\/\/arc-hss.ca\/wp-content\/uploads\/2022\/11\/20210929_12ARC-National-Seniors-Day-600x450.jpg 600w, https:\/\/arc-hss.ca\/wp-content\/uploads\/2022\/11\/20210929_12ARC-National-Seniors-Day-800x600.jpg 800w, https:\/\/arc-hss.ca\/wp-content\/uploads\/2022\/11\/20210929_12ARC-National-Seniors-Day-1200x900.jpg 1200w, https:\/\/arc-hss.ca\/wp-content\/uploads\/2022\/11\/20210929_12ARC-National-Seniors-Day-scaled.jpg 2560w\" sizes=\"(min-width: 2200px) 100vw, (min-width: 784px) 427px, (min-width: 712px) 640px, (min-width: 640px) 712px, \" \/><\/a><\/div><\/div><div class=\"clearfix\"><\/div><div style=\"padding:5px;\" class=\"fusion-grid-column fusion-gallery-column fusion-gallery-column-3 hover-type-none\"><div class=\"fusion-gallery-image\"><a href=\"https:\/\/arc-hss.ca\/wp-content\/uploads\/2022\/11\/20220510_11ARC-Candiac-Walk-Talk-scaled.jpg\" rel=\"noreferrer\" data-rel=\"iLightbox[gallery_image_1]\" class=\"fusion-lightbox\" target=\"_self\"><img decoding=\"async\" src=\"https:\/\/arc-hss.ca\/wp-content\/uploads\/2022\/11\/20220510_11ARC-Candiac-Walk-Talk-scaled.jpg\" width=\"2560\" height=\"1920\" alt=\"\" title=\"20220510_11ARC Candiac Walk &#038; Talk\" aria-label=\"20220510_11ARC Candiac Walk &#038; Talk\" class=\"img-responsive wp-image-13148\" srcset=\"https:\/\/arc-hss.ca\/wp-content\/uploads\/2022\/11\/20220510_11ARC-Candiac-Walk-Talk-200x150.jpg 200w, https:\/\/arc-hss.ca\/wp-content\/uploads\/2022\/11\/20220510_11ARC-Candiac-Walk-Talk-400x300.jpg 400w, https:\/\/arc-hss.ca\/wp-content\/uploads\/2022\/11\/20220510_11ARC-Candiac-Walk-Talk-600x450.jpg 600w, https:\/\/arc-hss.ca\/wp-content\/uploads\/2022\/11\/20220510_11ARC-Candiac-Walk-Talk-800x600.jpg 800w, https:\/\/arc-hss.ca\/wp-content\/uploads\/2022\/11\/20220510_11ARC-Candiac-Walk-Talk-1200x900.jpg 1200w, https:\/\/arc-hss.ca\/wp-content\/uploads\/2022\/11\/20220510_11ARC-Candiac-Walk-Talk-scaled.jpg 2560w\" sizes=\"(min-width: 2200px) 100vw, (min-width: 784px) 427px, (min-width: 712px) 640px, (min-width: 640px) 712px, \" \/><\/a><\/div><\/div><div style=\"padding:5px;\" class=\"fusion-grid-column fusion-gallery-column fusion-gallery-column-3 hover-type-none\"><div class=\"fusion-gallery-image\"><a href=\"https:\/\/arc-hss.ca\/wp-content\/uploads\/2022\/11\/IMG_2979-scaled.jpg\" rel=\"noreferrer\" data-rel=\"iLightbox[gallery_image_1]\" class=\"fusion-lightbox\" target=\"_self\"><img decoding=\"async\" src=\"https:\/\/arc-hss.ca\/wp-content\/uploads\/2022\/11\/IMG_2979-scaled.jpg\" width=\"2560\" height=\"1707\" alt=\"\" title=\"IMG_2979\" aria-label=\"IMG_2979\" class=\"img-responsive wp-image-13147\" srcset=\"https:\/\/arc-hss.ca\/wp-content\/uploads\/2022\/11\/IMG_2979-200x133.jpg 200w, https:\/\/arc-hss.ca\/wp-content\/uploads\/2022\/11\/IMG_2979-400x267.jpg 400w, https:\/\/arc-hss.ca\/wp-content\/uploads\/2022\/11\/IMG_2979-600x400.jpg 600w, https:\/\/arc-hss.ca\/wp-content\/uploads\/2022\/11\/IMG_2979-800x533.jpg 800w, https:\/\/arc-hss.ca\/wp-content\/uploads\/2022\/11\/IMG_2979-1200x800.jpg 1200w, https:\/\/arc-hss.ca\/wp-content\/uploads\/2022\/11\/IMG_2979-scaled.jpg 2560w\" sizes=\"(min-width: 2200px) 100vw, (min-width: 784px) 427px, (min-width: 712px) 640px, (min-width: 640px) 712px, \" \/><\/a><\/div><\/div><div style=\"padding:5px;\" class=\"fusion-grid-column fusion-gallery-column fusion-gallery-column-3 hover-type-none\"><div class=\"fusion-gallery-image\"><a href=\"https:\/\/arc-hss.ca\/wp-content\/uploads\/2022\/11\/Canada-Day-2022-scaled.jpg\" rel=\"noreferrer\" data-rel=\"iLightbox[gallery_image_1]\" class=\"fusion-lightbox\" target=\"_self\"><img decoding=\"async\" src=\"https:\/\/arc-hss.ca\/wp-content\/uploads\/2022\/11\/Canada-Day-2022-scaled.jpg\" width=\"2560\" height=\"1705\" alt=\"\" title=\"Canada Day 2022\" aria-label=\"Canada Day 2022\" class=\"img-responsive wp-image-13143\" srcset=\"https:\/\/arc-hss.ca\/wp-content\/uploads\/2022\/11\/Canada-Day-2022-200x133.jpg 200w, https:\/\/arc-hss.ca\/wp-content\/uploads\/2022\/11\/Canada-Day-2022-400x266.jpg 400w, https:\/\/arc-hss.ca\/wp-content\/uploads\/2022\/11\/Canada-Day-2022-600x400.jpg 600w, https:\/\/arc-hss.ca\/wp-content\/uploads\/2022\/11\/Canada-Day-2022-800x533.jpg 800w, https:\/\/arc-hss.ca\/wp-content\/uploads\/2022\/11\/Canada-Day-2022-1200x799.jpg 1200w, https:\/\/arc-hss.ca\/wp-content\/uploads\/2022\/11\/Canada-Day-2022-scaled.jpg 2560w\" sizes=\"(min-width: 2200px) 100vw, (min-width: 784px) 427px, (min-width: 712px) 640px, (min-width: 640px) 712px, \" \/><\/a><\/div><\/div><div class=\"clearfix\"><\/div><\/div><\/div><div class=\"fusion-clearfix\"><\/div><\/div><\/div><\/div><\/div><div class=\"fusion-fullwidth fullwidth-box fusion-builder-row-2 nonhundred-percent-fullwidth non-hundred-percent-height-scrolling\" style=\"--awb-border-radius-top-left:0px;--awb-border-radius-top-right:0px;--awb-border-radius-bottom-right:0px;--awb-border-radius-bottom-left:0px;--awb-padding-top:40px;--awb-padding-bottom:40px;--awb-background-color:#f7f7f7;--awb-flex-wrap:wrap;\" ><div class=\"fusion-builder-row fusion-row\"><div class=\"fusion-layout-column fusion_builder_column fusion-builder-column-2 fusion_builder_column_1_1 1_1 fusion-one-full fusion-column-first fusion-column-last\" style=\"--awb-bg-size:cover;\"><div class=\"fusion-column-wrapper fusion-column-has-shadow fusion-flex-column-wrapper-legacy\"><div class=\"fusion-text fusion-text-2\"><h3 style=\"text-align: left;\">Ressources<\/h3>\n<\/div><div class=\"fusion-clearfix\"><\/div><\/div><\/div><div class=\"fusion-layout-column fusion_builder_column fusion-builder-column-3 fusion_builder_column_1_3 1_3 fusion-one-third fusion-column-first\" style=\"--awb-bg-size:cover;width:33.333333333333%;width:calc(33.333333333333% - ( ( 4% + 4% ) * 0.33333333333333 ) );margin-right: 4%;\"><div class=\"fusion-column-wrapper fusion-column-has-shadow fusion-flex-column-wrapper-legacy\"><div class=\"fusion-title title fusion-title-1 fusion-sep-none fusion-title-text fusion-title-size-four\" style=\"--awb-margin-top-small:10px;--awb-margin-right-small:0px;--awb-margin-bottom-small:10px;--awb-margin-left-small:0px;\"><h4 class=\"fusion-title-heading title-heading-left fusion-responsive-typography-calculated\" style=\"margin:0;--fontSize:18;--minFontSize:18;line-height:1.36;\">Guide des ressources communautaires de l&rsquo;ARC<\/h4><\/div><div class=\"fusion-text fusion-text-3\"><p style=\"text-align: left;\">Consultez notre Guide des ressources pour obtenir une liste compl\u00e8te des services offerts aux personnes \u00e2g\u00e9es en Mont\u00e9r\u00e9gie.<\/p>\n<\/div><div class=\"fusion-button-wrapper fusion-alignleft\"><a class=\"fusion-button button-flat fusion-button-default-size button-default fusion-button-default button-1 fusion-button-default-span fusion-button-default-type pdf_btn\" target=\"_blank\" rel=\"noopener noreferrer\" href=\"https:\/\/www.arc-hss.ca\/arc-resource-guide-2024\/\"><span class=\"fusion-button-text awb-button__text awb-button__text--default\">VOIR PDF<\/span><\/a><\/div><div class=\"fusion-clearfix\"><\/div><\/div><\/div><div class=\"fusion-layout-column fusion_builder_column fusion-builder-column-4 fusion_builder_column_1_3 1_3 fusion-one-third\" style=\"--awb-bg-size:cover;width:33.333333333333%;width:calc(33.333333333333% - ( ( 4% + 4% ) * 0.33333333333333 ) );margin-right: 4%;\"><div class=\"fusion-column-wrapper fusion-column-has-shadow fusion-flex-column-wrapper-legacy\"><div class=\"fusion-title title fusion-title-2 fusion-sep-none fusion-title-text fusion-title-size-four\" style=\"--awb-margin-top-small:10px;--awb-margin-right-small:0px;--awb-margin-bottom-small:10px;--awb-margin-left-small:0px;\"><h4 class=\"fusion-title-heading title-heading-left fusion-responsive-typography-calculated\" style=\"margin:0;--fontSize:18;--minFontSize:18;line-height:1.36;\">Depression in Older Adults (an anglais seulement)<\/h4><\/div><div class=\"fusion-text fusion-text-4\"><p style=\"text-align: left;\">Se sentir triste ou seul ne fait pas partie du vieillissement.<\/p>\n<\/div><div class=\"fusion-button-wrapper fusion-alignleft\"><a class=\"fusion-button button-flat fusion-button-default-size button-default fusion-button-default button-2 fusion-button-default-span fusion-button-default-type pdf_btn\" target=\"_blank\" rel=\"noopener noreferrer\" href=\"https:\/\/www.arc-hss.ca\/ccsmh-depression\/\"><span class=\"fusion-button-text awb-button__text awb-button__text--default\">VOIR PDF<\/span><\/a><\/div><div class=\"fusion-clearfix\"><\/div><\/div><\/div><div class=\"fusion-layout-column fusion_builder_column fusion-builder-column-5 fusion_builder_column_1_3 1_3 fusion-one-third fusion-column-last\" style=\"--awb-bg-size:cover;width:33.333333333333%;width:calc(33.333333333333% - ( ( 4% + 4% ) * 0.33333333333333 ) );\"><div class=\"fusion-column-wrapper fusion-column-has-shadow fusion-flex-column-wrapper-legacy\"><div class=\"fusion-title title fusion-title-3 fusion-sep-none fusion-title-text fusion-title-size-four\" style=\"--awb-margin-top-small:10px;--awb-margin-right-small:0px;--awb-margin-bottom-small:10px;--awb-margin-left-small:0px;\"><h4 class=\"fusion-title-heading title-heading-left fusion-responsive-typography-calculated\" style=\"margin:0;--fontSize:18;--minFontSize:18;line-height:1.36;\"><p id=\"titreNo1\" class=\"d-block themeTitre\">\u00c0 propos de la maltraitance envers les personnes a\u00een\u00e9es et les personnes vuln\u00e9rables<\/p><\/h4><\/div><div class=\"fusion-text fusion-text-5\"><p style=\"text-align: left;\">La maltraitance des personnes \u00e2g\u00e9es est une attitude, une parole ou un acte unique ou r\u00e9p\u00e9t\u00e9, ou l&rsquo;absence d&rsquo;action appropri\u00e9e.<\/p>\n<\/div><div class=\"fusion-button-wrapper fusion-alignleft\"><a class=\"fusion-button button-flat fusion-button-default-size button-default fusion-button-default button-3 fusion-button-default-span fusion-button-default-type pdf_btn\" target=\"_blank\" rel=\"noopener noreferrer\" href=\"https:\/\/www.quebec.ca\/famille-et-soutien-aux-personnes\/violences\/maltraitance-aines-personnes-vulnerables\/a-propos-maltraitance-aines-personnes-vulnerables\"><span class=\"fusion-button-text awb-button__text awb-button__text--default\">VOIR SITE WEB<\/span><\/a><\/div><div class=\"fusion-clearfix\"><\/div><\/div><\/div><div class=\"fusion-layout-column fusion_builder_column fusion-builder-column-6 fusion_builder_column_1_3 1_3 fusion-one-third fusion-column-first\" style=\"--awb-bg-size:cover;width:33.333333333333%;width:calc(33.333333333333% - ( ( 4% ) * 0.33333333333333 ) );margin-right: 4%;\"><div class=\"fusion-column-wrapper fusion-column-has-shadow fusion-flex-column-wrapper-legacy\"><div class=\"fusion-title title fusion-title-4 fusion-sep-none fusion-title-text fusion-title-size-four\" style=\"--awb-margin-top-small:10px;--awb-margin-right-small:0px;--awb-margin-bottom-small:10px;--awb-margin-left-small:0px;\"><h4 class=\"fusion-title-heading title-heading-left fusion-responsive-typography-calculated\" style=\"margin:0;--fontSize:18;--minFontSize:18;line-height:1.36;\"><p id=\"titreNo1\" class=\"d-block themeTitre\">Les Petits Fr\u00e8res &#8211; Embrasser les personnes \u00e2g\u00e9es<\/p><\/h4><\/div><div class=\"fusion-text fusion-text-6\"><p style=\"text-align: left;\">Mobilisation de la base et mise en relation des personnes \u00e2g\u00e9es avec des b\u00e9n\u00e9voles vivant dans leur quartier.<\/p>\n<\/div><div class=\"fusion-button-wrapper fusion-alignleft\"><a class=\"fusion-button button-flat fusion-button-default-size button-default fusion-button-default button-4 fusion-button-default-span fusion-button-default-type pdf_btn\" target=\"_blank\" rel=\"noopener noreferrer\" href=\"https:\/\/petitsfreres.ca\/a-propos-de-nous\/equipes-regionales\/monteregie\/\"><span class=\"fusion-button-text awb-button__text awb-button__text--default\">VOIR SITE WEB<\/span><\/a><\/div><div class=\"fusion-clearfix\"><\/div><\/div><\/div><\/div><\/div><\/p>\n","protected":false},"excerpt":{"rendered":"","protected":false},"author":1,"featured_media":0,"parent":0,"menu_order":0,"comment_status":"closed","ping_status":"closed","template":"100-width.php","meta":{"_acf_changed":false,"footnotes":""},"class_list":["post-13187","page","type-page","status-publish","hentry"],"acf":[],"yoast_head":"<!-- This site is optimized with the Yoast SEO plugin v27.4 - https:\/\/yoast.com\/product\/yoast-seo-wordpress\/ -->\n<title>Personnes \u00e2g\u00e9es - ARC<\/title>\n<meta name=\"robots\" content=\"index, follow, max-snippet:-1, max-image-preview:large, max-video-preview:-1\" \/>\n<link rel=\"canonical\" href=\"https:\/\/arc-hss.ca\/fr\/personnes-agees\/\" \/>\n<meta property=\"og:locale\" content=\"fr_FR\" \/>\n<meta property=\"og:type\" content=\"article\" \/>\n<meta property=\"og:title\" content=\"Personnes \u00e2g\u00e9es - ARC\" \/>\n<meta property=\"og:url\" content=\"https:\/\/arc-hss.ca\/fr\/personnes-agees\/\" \/>\n<meta property=\"og:site_name\" content=\"ARC\" \/>\n<meta property=\"article:modified_time\" content=\"2024-08-21T12:23:04+00:00\" \/>\n<meta name=\"twitter:card\" content=\"summary_large_image\" \/>\n<meta name=\"twitter:label1\" content=\"Dur\u00e9e de lecture estim\u00e9e\" \/>\n\t<meta name=\"twitter:data1\" content=\"3 minutes\" \/>\n<script type=\"application\/ld+json\" class=\"yoast-schema-graph\">{\"@context\":\"https:\\\/\\\/schema.org\",\"@graph\":[{\"@type\":\"WebPage\",\"@id\":\"https:\\\/\\\/arc-hss.ca\\\/fr\\\/personnes-agees\\\/\",\"url\":\"https:\\\/\\\/arc-hss.ca\\\/fr\\\/personnes-agees\\\/\",\"name\":\"Personnes \u00e2g\u00e9es - ARC\",\"isPartOf\":{\"@id\":\"https:\\\/\\\/arc-hss.ca\\\/fr\\\/#website\"},\"datePublished\":\"2020-06-24T19:55:52+00:00\",\"dateModified\":\"2024-08-21T12:23:04+00:00\",\"breadcrumb\":{\"@id\":\"https:\\\/\\\/arc-hss.ca\\\/fr\\\/personnes-agees\\\/#breadcrumb\"},\"inLanguage\":\"fr-FR\",\"potentialAction\":[{\"@type\":\"ReadAction\",\"target\":[\"https:\\\/\\\/arc-hss.ca\\\/fr\\\/personnes-agees\\\/\"]}]},{\"@type\":\"BreadcrumbList\",\"@id\":\"https:\\\/\\\/arc-hss.ca\\\/fr\\\/personnes-agees\\\/#breadcrumb\",\"itemListElement\":[{\"@type\":\"ListItem\",\"position\":1,\"name\":\"Home\",\"item\":\"https:\\\/\\\/arc-hss.ca\\\/fr\\\/\"},{\"@type\":\"ListItem\",\"position\":2,\"name\":\"Personnes \u00e2g\u00e9es\"}]},{\"@type\":\"WebSite\",\"@id\":\"https:\\\/\\\/arc-hss.ca\\\/fr\\\/#website\",\"url\":\"https:\\\/\\\/arc-hss.ca\\\/fr\\\/\",\"name\":\"ARC\",\"description\":\"Assistance and Referral Centre\",\"potentialAction\":[{\"@type\":\"SearchAction\",\"target\":{\"@type\":\"EntryPoint\",\"urlTemplate\":\"https:\\\/\\\/arc-hss.ca\\\/fr\\\/?s={search_term_string}\"},\"query-input\":{\"@type\":\"PropertyValueSpecification\",\"valueRequired\":true,\"valueName\":\"search_term_string\"}}],\"inLanguage\":\"fr-FR\"}]}<\/script>\n<!-- \/ Yoast SEO plugin. -->","yoast_head_json":{"title":"Personnes \u00e2g\u00e9es - ARC","robots":{"index":"index","follow":"follow","max-snippet":"max-snippet:-1","max-image-preview":"max-image-preview:large","max-video-preview":"max-video-preview:-1"},"canonical":"https:\/\/arc-hss.ca\/fr\/personnes-agees\/","og_locale":"fr_FR","og_type":"article","og_title":"Personnes \u00e2g\u00e9es - ARC","og_url":"https:\/\/arc-hss.ca\/fr\/personnes-agees\/","og_site_name":"ARC","article_modified_time":"2024-08-21T12:23:04+00:00","twitter_card":"summary_large_image","twitter_misc":{"Dur\u00e9e de lecture estim\u00e9e":"3 minutes"},"schema":{"@context":"https:\/\/schema.org","@graph":[{"@type":"WebPage","@id":"https:\/\/arc-hss.ca\/fr\/personnes-agees\/","url":"https:\/\/arc-hss.ca\/fr\/personnes-agees\/","name":"Personnes \u00e2g\u00e9es - ARC","isPartOf":{"@id":"https:\/\/arc-hss.ca\/fr\/#website"},"datePublished":"2020-06-24T19:55:52+00:00","dateModified":"2024-08-21T12:23:04+00:00","breadcrumb":{"@id":"https:\/\/arc-hss.ca\/fr\/personnes-agees\/#breadcrumb"},"inLanguage":"fr-FR","potentialAction":[{"@type":"ReadAction","target":["https:\/\/arc-hss.ca\/fr\/personnes-agees\/"]}]},{"@type":"BreadcrumbList","@id":"https:\/\/arc-hss.ca\/fr\/personnes-agees\/#breadcrumb","itemListElement":[{"@type":"ListItem","position":1,"name":"Home","item":"https:\/\/arc-hss.ca\/fr\/"},{"@type":"ListItem","position":2,"name":"Personnes \u00e2g\u00e9es"}]},{"@type":"WebSite","@id":"https:\/\/arc-hss.ca\/fr\/#website","url":"https:\/\/arc-hss.ca\/fr\/","name":"ARC","description":"Assistance and Referral Centre","potentialAction":[{"@type":"SearchAction","target":{"@type":"EntryPoint","urlTemplate":"https:\/\/arc-hss.ca\/fr\/?s={search_term_string}"},"query-input":{"@type":"PropertyValueSpecification","valueRequired":true,"valueName":"search_term_string"}}],"inLanguage":"fr-FR"}]}},"_links":{"self":[{"href":"https:\/\/arc-hss.ca\/fr\/wp-json\/wp\/v2\/pages\/13187","targetHints":{"allow":["GET"]}}],"collection":[{"href":"https:\/\/arc-hss.ca\/fr\/wp-json\/wp\/v2\/pages"}],"about":[{"href":"https:\/\/arc-hss.ca\/fr\/wp-json\/wp\/v2\/types\/page"}],"author":[{"embeddable":true,"href":"https:\/\/arc-hss.ca\/fr\/wp-json\/wp\/v2\/users\/1"}],"replies":[{"embeddable":true,"href":"https:\/\/arc-hss.ca\/fr\/wp-json\/wp\/v2\/comments?post=13187"}],"version-history":[{"count":0,"href":"https:\/\/arc-hss.ca\/fr\/wp-json\/wp\/v2\/pages\/13187\/revisions"}],"wp:attachment":[{"href":"https:\/\/arc-hss.ca\/fr\/wp-json\/wp\/v2\/media?parent=13187"}],"curies":[{"name":"wp","href":"https:\/\/api.w.org\/{rel}","templated":true}]}}